{"id":1541,"date":"2026-03-12T23:52:07","date_gmt":"2026-03-12T23:52:07","guid":{"rendered":"https:\/\/lasederia.com.py\/?post_type=product&#038;p=1541"},"modified":"2026-03-12T23:52:08","modified_gmt":"2026-03-12T23:52:08","slug":"hilo-estampado-bouquet-2","status":"publish","type":"product","link":"https:\/\/lasederia.com.py\/en\/product\/hilo-estampado-bouquet-2\/","title":{"rendered":"Hilo Estampado Bouquet"},"content":{"rendered":"<p>Hilo Estampado Bouquet. Tela de hilo estampado con dise\u00f1o floral tipo jard\u00edn en tonos rosado, coral y rojo con peque\u00f1os acentos lilas y hojas verdes. El estampado presenta una composici\u00f3n densa de flores que crea un efecto rom\u00e1ntico y vintage sobre fondo claro.<\/p>","protected":false},"excerpt":{"rendered":"<p>Hilo Estampado Bouquet. Tela de hilo estampado con dise\u00f1o floral tipo jard\u00edn en tonos rosado, coral y rojo con peque\u00f1os acentos lilas y hojas verdes. El estampado presenta una composici\u00f3n densa de flores que crea un efecto rom\u00e1ntico y vintage sobre fondo claro.<\/p>","protected":false},"featured_media":1543,"comment_status":"open","ping_status":"closed","template":"","meta":[],"product_brand":[],"product_cat":[27],"product_tag":[655,739,191,740,659,209,216,729,672,734,660,732,234,233,657],"class_list":{"0":"post-1541","1":"product","2":"type-product","3":"status-publish","4":"has-post-thumbnail","6":"product_cat-hilo-estampado","7":"product_tag-floral-cotton-fabric","8":"product_tag-garden-floral-fabric","9":"product_tag-hilo-estampado","10":"product_tag-pink-floral-fabric","11":"product_tag-printed-cotton-fabric","12":"product_tag-tela-estampada","13":"product_tag-tela-floral","14":"product_tag-tela-floral-primavera","15":"product_tag-tela-floral-romantica","16":"product_tag-tela-floral-verano","17":"product_tag-tela-floral-vintage","18":"product_tag-tela-flores-rosadas","19":"product_tag-tela-para-blusas","20":"product_tag-tela-para-vestidos","21":"product_tag-vintage-floral-fabric","23":"first","24":"instock","25":"shipping-taxable","26":"purchasable","27":"product-type-simple"},"jetpack_sharing_enabled":true,"_links":{"self":[{"href":"https:\/\/lasederia.com.py\/en\/wp-json\/wp\/v2\/product\/1541","targetHints":{"allow":["GET"]}}],"collection":[{"href":"https:\/\/lasederia.com.py\/en\/wp-json\/wp\/v2\/product"}],"about":[{"href":"https:\/\/lasederia.com.py\/en\/wp-json\/wp\/v2\/types\/product"}],"replies":[{"embeddable":true,"href":"https:\/\/lasederia.com.py\/en\/wp-json\/wp\/v2\/comments?post=1541"}],"wp:featuredmedia":[{"embeddable":true,"href":"https:\/\/lasederia.com.py\/en\/wp-json\/wp\/v2\/media\/1543"}],"wp:attachment":[{"href":"https:\/\/lasederia.com.py\/en\/wp-json\/wp\/v2\/media?parent=1541"}],"wp:term":[{"taxonomy":"product_brand","embeddable":true,"href":"https:\/\/lasederia.com.py\/en\/wp-json\/wp\/v2\/product_brand?post=1541"},{"taxonomy":"product_cat","embeddable":true,"href":"https:\/\/lasederia.com.py\/en\/wp-json\/wp\/v2\/product_cat?post=1541"},{"taxonomy":"product_tag","embeddable":true,"href":"https:\/\/lasederia.com.py\/en\/wp-json\/wp\/v2\/product_tag?post=1541"}],"curies":[{"name":"wp","href":"https:\/\/api.w.org\/{rel}","templated":true}]}}