{"id":1536,"date":"2026-03-12T23:50:04","date_gmt":"2026-03-12T23:50:04","guid":{"rendered":"https:\/\/lasederia.com.py\/?post_type=product&#038;p=1536"},"modified":"2026-03-12T23:50:04","modified_gmt":"2026-03-12T23:50:04","slug":"hilo-estampado-floral-rose","status":"publish","type":"product","link":"https:\/\/lasederia.com.py\/en\/product\/hilo-estampado-floral-rose\/","title":{"rendered":"Hilo Estampado Floral Ros\u00e9"},"content":{"rendered":"<p>Hilo Estampado Floral Ros\u00e9. Tela de hilo estampado con dise\u00f1o floral delicado en tonos rosado, coral y terracota sobre fondo claro. El patr\u00f3n presenta peque\u00f1as flores conectadas por ramas suaves que crean una composici\u00f3n ligera y rom\u00e1ntica.<\/p>","protected":false},"excerpt":{"rendered":"<p>Hilo Estampado Floral Ros\u00e9. Tela de hilo estampado con dise\u00f1o floral delicado en tonos rosado, coral y terracota sobre fondo claro. El patr\u00f3n presenta peque\u00f1as flores conectadas por ramas suaves que crean una composici\u00f3n ligera y rom\u00e1ntica.<\/p>","protected":false},"featured_media":1538,"comment_status":"open","ping_status":"closed","template":"","meta":[],"product_brand":[],"product_cat":[27],"product_tag":[733,738,191,736,659,737,209,216,706,729,734,735,732,234,233],"class_list":{"0":"post-1536","1":"product","2":"type-product","3":"status-publish","4":"has-post-thumbnail","6":"product_cat-hilo-estampado","7":"product_tag-blush-floral-fabric","8":"product_tag-delicate-floral-fabric","9":"product_tag-hilo-estampado","10":"product_tag-mini-floral-fabric","11":"product_tag-printed-cotton-fabric","12":"product_tag-rose-floral-cotton","13":"product_tag-tela-estampada","14":"product_tag-tela-floral","15":"product_tag-tela-floral-coral","16":"product_tag-tela-floral-primavera","17":"product_tag-tela-floral-verano","18":"product_tag-tela-flores-delicadas","19":"product_tag-tela-flores-rosadas","20":"product_tag-tela-para-blusas","21":"product_tag-tela-para-vestidos","23":"first","24":"instock","25":"shipping-taxable","26":"purchasable","27":"product-type-simple"},"jetpack_sharing_enabled":true,"_links":{"self":[{"href":"https:\/\/lasederia.com.py\/en\/wp-json\/wp\/v2\/product\/1536","targetHints":{"allow":["GET"]}}],"collection":[{"href":"https:\/\/lasederia.com.py\/en\/wp-json\/wp\/v2\/product"}],"about":[{"href":"https:\/\/lasederia.com.py\/en\/wp-json\/wp\/v2\/types\/product"}],"replies":[{"embeddable":true,"href":"https:\/\/lasederia.com.py\/en\/wp-json\/wp\/v2\/comments?post=1536"}],"wp:featuredmedia":[{"embeddable":true,"href":"https:\/\/lasederia.com.py\/en\/wp-json\/wp\/v2\/media\/1538"}],"wp:attachment":[{"href":"https:\/\/lasederia.com.py\/en\/wp-json\/wp\/v2\/media?parent=1536"}],"wp:term":[{"taxonomy":"product_brand","embeddable":true,"href":"https:\/\/lasederia.com.py\/en\/wp-json\/wp\/v2\/product_brand?post=1536"},{"taxonomy":"product_cat","embeddable":true,"href":"https:\/\/lasederia.com.py\/en\/wp-json\/wp\/v2\/product_cat?post=1536"},{"taxonomy":"product_tag","embeddable":true,"href":"https:\/\/lasederia.com.py\/en\/wp-json\/wp\/v2\/product_tag?post=1536"}],"curies":[{"name":"wp","href":"https:\/\/api.w.org\/{rel}","templated":true}]}}