{"id":1531,"date":"2026-03-12T23:47:44","date_gmt":"2026-03-12T23:47:44","guid":{"rendered":"https:\/\/lasederia.com.py\/?post_type=product&#038;p=1531"},"modified":"2026-03-12T23:47:44","modified_gmt":"2026-03-12T23:47:44","slug":"hilo-estampado-flores-rose","status":"publish","type":"product","link":"https:\/\/lasederia.com.py\/en\/product\/hilo-estampado-flores-rose\/","title":{"rendered":"Hilo Estampado Flores Ros\u00e9"},"content":{"rendered":"<p>Hilo Estampado Flores Ros\u00e9. Tela de hilo estampado con dise\u00f1o floral en tonos coral, rosado y terracota sobre fondo claro. El estampado presenta flores de estilo acuarela con hojas suaves que crean una composici\u00f3n delicada y rom\u00e1ntica.<\/p>","protected":false},"excerpt":{"rendered":"<p>Hilo Estampado Flores Ros\u00e9. Tela de hilo estampado con dise\u00f1o floral en tonos coral, rosado y terracota sobre fondo claro. El estampado presenta flores de estilo acuarela con hojas suaves que crean una composici\u00f3n delicada y rom\u00e1ntica.<\/p>","protected":false},"featured_media":1533,"comment_status":"open","ping_status":"closed","template":"","meta":[],"product_brand":[],"product_cat":[27],"product_tag":[733,704,655,191,659,209,216,706,729,734,735,732,234,233,664],"class_list":{"0":"post-1531","1":"product","2":"type-product","3":"status-publish","4":"has-post-thumbnail","6":"product_cat-hilo-estampado","7":"product_tag-blush-floral-fabric","8":"product_tag-coral-floral-fabric","9":"product_tag-floral-cotton-fabric","10":"product_tag-hilo-estampado","11":"product_tag-printed-cotton-fabric","12":"product_tag-tela-estampada","13":"product_tag-tela-floral","14":"product_tag-tela-floral-coral","15":"product_tag-tela-floral-primavera","16":"product_tag-tela-floral-verano","17":"product_tag-tela-flores-delicadas","18":"product_tag-tela-flores-rosadas","19":"product_tag-tela-para-blusas","20":"product_tag-tela-para-vestidos","21":"product_tag-watercolor-floral-fabric","23":"first","24":"instock","25":"shipping-taxable","26":"purchasable","27":"product-type-simple"},"jetpack_sharing_enabled":true,"_links":{"self":[{"href":"https:\/\/lasederia.com.py\/en\/wp-json\/wp\/v2\/product\/1531","targetHints":{"allow":["GET"]}}],"collection":[{"href":"https:\/\/lasederia.com.py\/en\/wp-json\/wp\/v2\/product"}],"about":[{"href":"https:\/\/lasederia.com.py\/en\/wp-json\/wp\/v2\/types\/product"}],"replies":[{"embeddable":true,"href":"https:\/\/lasederia.com.py\/en\/wp-json\/wp\/v2\/comments?post=1531"}],"wp:featuredmedia":[{"embeddable":true,"href":"https:\/\/lasederia.com.py\/en\/wp-json\/wp\/v2\/media\/1533"}],"wp:attachment":[{"href":"https:\/\/lasederia.com.py\/en\/wp-json\/wp\/v2\/media?parent=1531"}],"wp:term":[{"taxonomy":"product_brand","embeddable":true,"href":"https:\/\/lasederia.com.py\/en\/wp-json\/wp\/v2\/product_brand?post=1531"},{"taxonomy":"product_cat","embeddable":true,"href":"https:\/\/lasederia.com.py\/en\/wp-json\/wp\/v2\/product_cat?post=1531"},{"taxonomy":"product_tag","embeddable":true,"href":"https:\/\/lasederia.com.py\/en\/wp-json\/wp\/v2\/product_tag?post=1531"}],"curies":[{"name":"wp","href":"https:\/\/api.w.org\/{rel}","templated":true}]}}