{"id":1522,"date":"2026-03-12T23:45:31","date_gmt":"2026-03-12T23:45:31","guid":{"rendered":"https:\/\/lasederia.com.py\/?post_type=product&#038;p=1522"},"modified":"2026-03-12T23:45:32","modified_gmt":"2026-03-12T23:45:32","slug":"hilo-estampado-cenefa-jardin","status":"publish","type":"product","link":"https:\/\/lasederia.com.py\/en\/product\/hilo-estampado-cenefa-jardin\/","title":{"rendered":"Hilo Estampado Cenefa Jard\u00edn"},"content":{"rendered":"<p>Hilo Estampado Cenefa Jard\u00edn. Tela de hilo estampado con dise\u00f1o floral tipo cenefa que se desarrolla desde el borde inferior del tejido. El estampado combina flores y follajes en tonos rosado, lila, amarillo, verde y azul sobre un fondo claro, creando una composici\u00f3n vibrante y elegante.<\/p>","protected":false},"excerpt":{"rendered":"<p>Hilo Estampado Cenefa Jard\u00edn. Tela de hilo estampado con dise\u00f1o floral tipo cenefa que se desarrolla desde el borde inferior del tejido. El estampado combina flores y follajes en tonos rosado, lila, amarillo, verde y azul sobre un fondo claro, creando una composici\u00f3n vibrante y elegante.<\/p>","protected":false},"featured_media":1528,"comment_status":"open","ping_status":"closed","template":"","meta":[],"product_brand":[],"product_cat":[27],"product_tag":[726,727,728,725,191,659,209,674,216,730,731,724,729,234,233],"class_list":{"0":"post-1522","1":"product","2":"type-product","3":"status-publish","4":"has-post-thumbnail","6":"product_cat-hilo-estampado","7":"product_tag-border-floral-cotton","8":"product_tag-botanical-border-fabric","9":"product_tag-colorful-floral-fabric","10":"product_tag-floral-border-fabric","11":"product_tag-hilo-estampado","12":"product_tag-printed-cotton-fabric","13":"product_tag-tela-estampada","14":"product_tag-tela-estampada-flores","15":"product_tag-tela-floral","16":"product_tag-tela-floral-borde","17":"product_tag-tela-floral-botanica","18":"product_tag-tela-floral-cenefa","19":"product_tag-tela-floral-primavera","20":"product_tag-tela-para-blusas","21":"product_tag-tela-para-vestidos","23":"first","24":"instock","25":"shipping-taxable","26":"purchasable","27":"product-type-simple"},"jetpack_sharing_enabled":true,"_links":{"self":[{"href":"https:\/\/lasederia.com.py\/en\/wp-json\/wp\/v2\/product\/1522","targetHints":{"allow":["GET"]}}],"collection":[{"href":"https:\/\/lasederia.com.py\/en\/wp-json\/wp\/v2\/product"}],"about":[{"href":"https:\/\/lasederia.com.py\/en\/wp-json\/wp\/v2\/types\/product"}],"replies":[{"embeddable":true,"href":"https:\/\/lasederia.com.py\/en\/wp-json\/wp\/v2\/comments?post=1522"}],"wp:featuredmedia":[{"embeddable":true,"href":"https:\/\/lasederia.com.py\/en\/wp-json\/wp\/v2\/media\/1528"}],"wp:attachment":[{"href":"https:\/\/lasederia.com.py\/en\/wp-json\/wp\/v2\/media?parent=1522"}],"wp:term":[{"taxonomy":"product_brand","embeddable":true,"href":"https:\/\/lasederia.com.py\/en\/wp-json\/wp\/v2\/product_brand?post=1522"},{"taxonomy":"product_cat","embeddable":true,"href":"https:\/\/lasederia.com.py\/en\/wp-json\/wp\/v2\/product_cat?post=1522"},{"taxonomy":"product_tag","embeddable":true,"href":"https:\/\/lasederia.com.py\/en\/wp-json\/wp\/v2\/product_tag?post=1522"}],"curies":[{"name":"wp","href":"https:\/\/api.w.org\/{rel}","templated":true}]}}