{"id":1517,"date":"2026-03-12T23:41:45","date_gmt":"2026-03-12T23:41:45","guid":{"rendered":"https:\/\/lasederia.com.py\/?post_type=product&#038;p=1517"},"modified":"2026-03-12T23:41:45","modified_gmt":"2026-03-12T23:41:45","slug":"hilo-estampado-flores-clasicas","status":"publish","type":"product","link":"https:\/\/lasederia.com.py\/en\/product\/hilo-estampado-flores-clasicas\/","title":{"rendered":"Hilo Estampado Flores Cl\u00e1sicas"},"content":{"rendered":"<p>Hilo Estampado Flores Cl\u00e1sicas. Tela de hilo estampado con dise\u00f1o floral en tonos marfil, gris y beige sobre fondo negro profundo. La composici\u00f3n de flores y follaje crea un efecto elegante y atemporal con inspiraci\u00f3n vintage. Su contraste refinado aporta sofisticaci\u00f3n y versatilidad.<\/p>","protected":false},"excerpt":{"rendered":"<p>Hilo Estampado Flores Cl\u00e1sicas. Tela de hilo estampado con dise\u00f1o floral en tonos marfil, gris y beige sobre fondo negro profundo. La composici\u00f3n de flores y follaje crea un efecto elegante y atemporal con inspiraci\u00f3n vintage. Su contraste refinado aporta sofisticaci\u00f3n y versatilidad.<\/p>","protected":false},"featured_media":1519,"comment_status":"open","ping_status":"closed","template":"","meta":[],"product_brand":[],"product_cat":[27],"product_tag":[721,699,722,191,720,659,209,674,216,701,715,723,234,233,700],"class_list":{"0":"post-1517","1":"product","2":"type-product","3":"status-publish","4":"has-post-thumbnail","6":"product_cat-hilo-estampado","7":"product_tag-black-floral-cotton","8":"product_tag-bouquet-floral-fabric","9":"product_tag-elegant-floral-fabric","10":"product_tag-hilo-estampado","11":"product_tag-monochrome-floral-fabric","12":"product_tag-printed-cotton-fabric","13":"product_tag-tela-estampada","14":"product_tag-tela-estampada-flores","15":"product_tag-tela-floral","16":"product_tag-tela-floral-elegante","17":"product_tag-tela-floral-fondo-negro","18":"product_tag-tela-floral-monocromo","19":"product_tag-tela-para-blusas","20":"product_tag-tela-para-vestidos","21":"product_tag-vintage-floral-cotton","23":"first","24":"instock","25":"shipping-taxable","26":"purchasable","27":"product-type-simple"},"jetpack_sharing_enabled":true,"_links":{"self":[{"href":"https:\/\/lasederia.com.py\/en\/wp-json\/wp\/v2\/product\/1517","targetHints":{"allow":["GET"]}}],"collection":[{"href":"https:\/\/lasederia.com.py\/en\/wp-json\/wp\/v2\/product"}],"about":[{"href":"https:\/\/lasederia.com.py\/en\/wp-json\/wp\/v2\/types\/product"}],"replies":[{"embeddable":true,"href":"https:\/\/lasederia.com.py\/en\/wp-json\/wp\/v2\/comments?post=1517"}],"wp:featuredmedia":[{"embeddable":true,"href":"https:\/\/lasederia.com.py\/en\/wp-json\/wp\/v2\/media\/1519"}],"wp:attachment":[{"href":"https:\/\/lasederia.com.py\/en\/wp-json\/wp\/v2\/media?parent=1517"}],"wp:term":[{"taxonomy":"product_brand","embeddable":true,"href":"https:\/\/lasederia.com.py\/en\/wp-json\/wp\/v2\/product_brand?post=1517"},{"taxonomy":"product_cat","embeddable":true,"href":"https:\/\/lasederia.com.py\/en\/wp-json\/wp\/v2\/product_cat?post=1517"},{"taxonomy":"product_tag","embeddable":true,"href":"https:\/\/lasederia.com.py\/en\/wp-json\/wp\/v2\/product_tag?post=1517"}],"curies":[{"name":"wp","href":"https:\/\/api.w.org\/{rel}","templated":true}]}}