{"id":1513,"date":"2026-03-12T23:39:19","date_gmt":"2026-03-12T23:39:19","guid":{"rendered":"https:\/\/lasederia.com.py\/?post_type=product&#038;p=1513"},"modified":"2026-03-12T23:39:20","modified_gmt":"2026-03-12T23:39:20","slug":"hilo-estampado-jardin-oriental","status":"publish","type":"product","link":"https:\/\/lasederia.com.py\/en\/product\/hilo-estampado-jardin-oriental\/","title":{"rendered":"Hilo Estampado Jard\u00edn Oriental"},"content":{"rendered":"<p>Hilo Estampado Jard\u00edn Oriental. Tela de hilo estampado con dise\u00f1o floral inspirado en la pintura oriental. El estampado combina flores de loto, hojas y pinceladas art\u00edsticas en tonos negro, azul y rosa, creando una composici\u00f3n elegante con efecto acuarela.<\/p>","protected":false},"excerpt":{"rendered":"<p>Hilo Estampado Jard\u00edn Oriental. Tela de hilo estampado con dise\u00f1o floral inspirado en la pintura oriental. El estampado combina flores de loto, hojas y pinceladas art\u00edsticas en tonos negro, azul y rosa, creando una composici\u00f3n elegante con efecto acuarela.<\/p>","protected":false},"featured_media":1514,"comment_status":"open","ping_status":"closed","template":"","meta":[],"product_brand":[],"product_cat":[27],"product_tag":[682,191,708,717,718,659,209,710,216,686,716,719,234,233,664],"class_list":{"0":"post-1513","1":"product","2":"type-product","3":"status-publish","4":"has-post-thumbnail","6":"product_cat-hilo-estampado","7":"product_tag-artistic-floral-cotton","8":"product_tag-hilo-estampado","9":"product_tag-ink-floral-fabric","10":"product_tag-lotus-floral-fabric","11":"product_tag-oriental-floral-cotton","12":"product_tag-printed-cotton-fabric","13":"product_tag-tela-estampada","14":"product_tag-tela-estampada-artistica","15":"product_tag-tela-floral","16":"product_tag-tela-floral-acuarela","17":"product_tag-tela-floral-oriental","18":"product_tag-tela-loto-floral","19":"product_tag-tela-para-blusas","20":"product_tag-tela-para-vestidos","21":"product_tag-watercolor-floral-fabric","23":"first","24":"instock","25":"shipping-taxable","26":"purchasable","27":"product-type-simple"},"jetpack_sharing_enabled":true,"_links":{"self":[{"href":"https:\/\/lasederia.com.py\/en\/wp-json\/wp\/v2\/product\/1513","targetHints":{"allow":["GET"]}}],"collection":[{"href":"https:\/\/lasederia.com.py\/en\/wp-json\/wp\/v2\/product"}],"about":[{"href":"https:\/\/lasederia.com.py\/en\/wp-json\/wp\/v2\/types\/product"}],"replies":[{"embeddable":true,"href":"https:\/\/lasederia.com.py\/en\/wp-json\/wp\/v2\/comments?post=1513"}],"wp:featuredmedia":[{"embeddable":true,"href":"https:\/\/lasederia.com.py\/en\/wp-json\/wp\/v2\/media\/1514"}],"wp:attachment":[{"href":"https:\/\/lasederia.com.py\/en\/wp-json\/wp\/v2\/media?parent=1513"}],"wp:term":[{"taxonomy":"product_brand","embeddable":true,"href":"https:\/\/lasederia.com.py\/en\/wp-json\/wp\/v2\/product_brand?post=1513"},{"taxonomy":"product_cat","embeddable":true,"href":"https:\/\/lasederia.com.py\/en\/wp-json\/wp\/v2\/product_cat?post=1513"},{"taxonomy":"product_tag","embeddable":true,"href":"https:\/\/lasederia.com.py\/en\/wp-json\/wp\/v2\/product_tag?post=1513"}],"curies":[{"name":"wp","href":"https:\/\/api.w.org\/{rel}","templated":true}]}}