{"id":1503,"date":"2026-03-12T23:32:18","date_gmt":"2026-03-12T23:32:18","guid":{"rendered":"https:\/\/lasederia.com.py\/?post_type=product&#038;p=1503"},"modified":"2026-03-12T23:32:18","modified_gmt":"2026-03-12T23:32:18","slug":"hilo-estampado-jardin-tinta","status":"publish","type":"product","link":"https:\/\/lasederia.com.py\/en\/product\/hilo-estampado-jardin-tinta\/","title":{"rendered":"Hilo Estampado Jard\u00edn Tinta"},"content":{"rendered":"<p>Hilo Estampado Jard\u00edn Tinta. Tela de hilo estampado con dise\u00f1o floral art\u00edstico estilo acuarela e ink painting. El estampado combina flores y ramas en tonos negro y gris con acentos de rojo, azul y verde, creando una composici\u00f3n expresiva y contempor\u00e1nea. Su est\u00e9tica pict\u00f3rica aporta un car\u00e1cter moderno y sofisticado.<\/p>","protected":false},"excerpt":{"rendered":"<p>Hilo Estampado Jard\u00edn Tinta. Tela de hilo estampado con dise\u00f1o floral art\u00edstico estilo acuarela e ink painting. El estampado combina flores y ramas en tonos negro y gris con acentos de rojo, azul y verde, creando una composici\u00f3n expresiva y contempor\u00e1nea. Su est\u00e9tica pict\u00f3rica aporta un car\u00e1cter moderno y sofisticado.<\/p>","protected":false},"featured_media":1505,"comment_status":"open","ping_status":"closed","template":"","meta":[],"product_brand":[],"product_cat":[27],"product_tag":[709,665,191,708,659,711,209,710,216,707,686,666,234,233,664],"class_list":{"0":"post-1503","1":"product","2":"type-product","3":"status-publish","4":"has-post-thumbnail","6":"product_cat-hilo-estampado","7":"product_tag-abstract-floral-cotton","8":"product_tag-artistic-floral-fabric","9":"product_tag-hilo-estampado","10":"product_tag-ink-floral-fabric","11":"product_tag-printed-cotton-fabric","12":"product_tag-tela-acuarela-negra","13":"product_tag-tela-estampada","14":"product_tag-tela-estampada-artistica","15":"product_tag-tela-floral","16":"product_tag-tela-floral-abstracta","17":"product_tag-tela-floral-acuarela","18":"product_tag-tela-floral-moderna","19":"product_tag-tela-para-blusas","20":"product_tag-tela-para-vestidos","21":"product_tag-watercolor-floral-fabric","23":"first","24":"instock","25":"shipping-taxable","26":"purchasable","27":"product-type-simple"},"jetpack_sharing_enabled":true,"_links":{"self":[{"href":"https:\/\/lasederia.com.py\/en\/wp-json\/wp\/v2\/product\/1503","targetHints":{"allow":["GET"]}}],"collection":[{"href":"https:\/\/lasederia.com.py\/en\/wp-json\/wp\/v2\/product"}],"about":[{"href":"https:\/\/lasederia.com.py\/en\/wp-json\/wp\/v2\/types\/product"}],"replies":[{"embeddable":true,"href":"https:\/\/lasederia.com.py\/en\/wp-json\/wp\/v2\/comments?post=1503"}],"wp:featuredmedia":[{"embeddable":true,"href":"https:\/\/lasederia.com.py\/en\/wp-json\/wp\/v2\/media\/1505"}],"wp:attachment":[{"href":"https:\/\/lasederia.com.py\/en\/wp-json\/wp\/v2\/media?parent=1503"}],"wp:term":[{"taxonomy":"product_brand","embeddable":true,"href":"https:\/\/lasederia.com.py\/en\/wp-json\/wp\/v2\/product_brand?post=1503"},{"taxonomy":"product_cat","embeddable":true,"href":"https:\/\/lasederia.com.py\/en\/wp-json\/wp\/v2\/product_cat?post=1503"},{"taxonomy":"product_tag","embeddable":true,"href":"https:\/\/lasederia.com.py\/en\/wp-json\/wp\/v2\/product_tag?post=1503"}],"curies":[{"name":"wp","href":"https:\/\/api.w.org\/{rel}","templated":true}]}}