{"id":1497,"date":"2026-03-12T23:29:46","date_gmt":"2026-03-12T23:29:46","guid":{"rendered":"https:\/\/lasederia.com.py\/?post_type=product&#038;p=1497"},"modified":"2026-03-12T23:29:46","modified_gmt":"2026-03-12T23:29:46","slug":"hilo-estampado-bouquet-vintage","status":"publish","type":"product","link":"https:\/\/lasederia.com.py\/en\/product\/hilo-estampado-bouquet-vintage\/","title":{"rendered":"Hilo Estampado Bouquet Vintage"},"content":{"rendered":"<p>Hilo Estampado Bouquet Vintage. Tela de hilo estampado con composici\u00f3n floral tipo bouquet sobre fondo gris oscuro. El dise\u00f1o re\u00fane rosas, flores silvestres y follaje en tonos coral, rosado, crema y terracota, creando una est\u00e9tica rom\u00e1ntica de inspiraci\u00f3n vintage. Su combinaci\u00f3n de colores c\u00e1lidos y composici\u00f3n floral abundante aporta elegancia y profundidad.<\/p>","protected":false},"excerpt":{"rendered":"<p>Hilo Estampado Bouquet Vintage. Tela de hilo estampado con composici\u00f3n floral tipo bouquet sobre fondo gris oscuro. El dise\u00f1o re\u00fane rosas, flores silvestres y follaje en tonos coral, rosado, crema y terracota, creando una est\u00e9tica rom\u00e1ntica de inspiraci\u00f3n vintage. Su combinaci\u00f3n de colores c\u00e1lidos y composici\u00f3n floral abundante aporta elegancia y profundidad.<\/p>","protected":false},"featured_media":1499,"comment_status":"open","ping_status":"closed","template":"","meta":[],"product_brand":[],"product_cat":[27],"product_tag":[699,704,191,659,671,705,209,674,216,706,701,698,234,233,700],"class_list":{"0":"post-1497","1":"product","2":"type-product","3":"status-publish","4":"has-post-thumbnail","6":"product_cat-hilo-estampado","7":"product_tag-bouquet-floral-fabric","8":"product_tag-coral-floral-fabric","9":"product_tag-hilo-estampado","10":"product_tag-printed-cotton-fabric","11":"product_tag-romantic-floral-fabric","12":"product_tag-tela-bouquet-floral","13":"product_tag-tela-estampada","14":"product_tag-tela-estampada-flores","15":"product_tag-tela-floral","16":"product_tag-tela-floral-coral","17":"product_tag-tela-floral-elegante","18":"product_tag-tela-flores-vintage","19":"product_tag-tela-para-blusas","20":"product_tag-tela-para-vestidos","21":"product_tag-vintage-floral-cotton","23":"first","24":"instock","25":"shipping-taxable","26":"purchasable","27":"product-type-simple"},"jetpack_sharing_enabled":true,"_links":{"self":[{"href":"https:\/\/lasederia.com.py\/en\/wp-json\/wp\/v2\/product\/1497","targetHints":{"allow":["GET"]}}],"collection":[{"href":"https:\/\/lasederia.com.py\/en\/wp-json\/wp\/v2\/product"}],"about":[{"href":"https:\/\/lasederia.com.py\/en\/wp-json\/wp\/v2\/types\/product"}],"replies":[{"embeddable":true,"href":"https:\/\/lasederia.com.py\/en\/wp-json\/wp\/v2\/comments?post=1497"}],"wp:featuredmedia":[{"embeddable":true,"href":"https:\/\/lasederia.com.py\/en\/wp-json\/wp\/v2\/media\/1499"}],"wp:attachment":[{"href":"https:\/\/lasederia.com.py\/en\/wp-json\/wp\/v2\/media?parent=1497"}],"wp:term":[{"taxonomy":"product_brand","embeddable":true,"href":"https:\/\/lasederia.com.py\/en\/wp-json\/wp\/v2\/product_brand?post=1497"},{"taxonomy":"product_cat","embeddable":true,"href":"https:\/\/lasederia.com.py\/en\/wp-json\/wp\/v2\/product_cat?post=1497"},{"taxonomy":"product_tag","embeddable":true,"href":"https:\/\/lasederia.com.py\/en\/wp-json\/wp\/v2\/product_tag?post=1497"}],"curies":[{"name":"wp","href":"https:\/\/api.w.org\/{rel}","templated":true}]}}