{"id":1486,"date":"2026-03-12T23:24:39","date_gmt":"2026-03-12T23:24:39","guid":{"rendered":"https:\/\/lasederia.com.py\/?post_type=product&#038;p=1486"},"modified":"2026-03-12T23:24:39","modified_gmt":"2026-03-12T23:24:39","slug":"hilo-estampado-flores-acuarela-2","status":"publish","type":"product","link":"https:\/\/lasederia.com.py\/en\/product\/hilo-estampado-flores-acuarela-2\/","title":{"rendered":"Hilo Estampado Flores Acuarela"},"content":{"rendered":"<p>Hilo Estampado Flores Acuarela. Tela de hilo estampado con dise\u00f1o floral estilo acuarela que presenta flores en tonos coral, rosado y fucsia sobre un fondo pict\u00f3rico en lavandas y violetas. Su composici\u00f3n art\u00edstica crea un efecto din\u00e1mico y moderno que aporta personalidad y color a cualquier prenda.<\/p>","protected":false},"excerpt":{"rendered":"<p>Hilo Estampado Flores Acuarela. Tela de hilo estampado con dise\u00f1o floral estilo acuarela que presenta flores en tonos coral, rosado y fucsia sobre un fondo pict\u00f3rico en lavandas y violetas. Su composici\u00f3n art\u00edstica crea un efecto din\u00e1mico y moderno que aporta personalidad y color a cualquier prenda.<\/p>","protected":false},"featured_media":1488,"comment_status":"open","ping_status":"closed","template":"","meta":[],"product_brand":[],"product_cat":[27],"product_tag":[682,654,191,659,667,209,674,216,686,685,666,697,234,233,696,664],"class_list":{"0":"post-1486","1":"product","2":"type-product","3":"status-publish","4":"has-post-thumbnail","6":"product_cat-hilo-estampado","7":"product_tag-artistic-floral-cotton","8":"product_tag-cotton-print-fabric","9":"product_tag-hilo-estampado","10":"product_tag-printed-cotton-fabric","11":"product_tag-tela-acuarela","12":"product_tag-tela-estampada","13":"product_tag-tela-estampada-flores","14":"product_tag-tela-floral","15":"product_tag-tela-floral-acuarela","16":"product_tag-tela-floral-artistica","17":"product_tag-tela-floral-moderna","18":"product_tag-tela-flores-violetas","19":"product_tag-tela-para-blusas","20":"product_tag-tela-para-vestidos","21":"product_tag-violet-floral-fabric","22":"product_tag-watercolor-floral-fabric","24":"first","25":"instock","26":"shipping-taxable","27":"purchasable","28":"product-type-simple"},"jetpack_sharing_enabled":true,"_links":{"self":[{"href":"https:\/\/lasederia.com.py\/en\/wp-json\/wp\/v2\/product\/1486","targetHints":{"allow":["GET"]}}],"collection":[{"href":"https:\/\/lasederia.com.py\/en\/wp-json\/wp\/v2\/product"}],"about":[{"href":"https:\/\/lasederia.com.py\/en\/wp-json\/wp\/v2\/types\/product"}],"replies":[{"embeddable":true,"href":"https:\/\/lasederia.com.py\/en\/wp-json\/wp\/v2\/comments?post=1486"}],"wp:featuredmedia":[{"embeddable":true,"href":"https:\/\/lasederia.com.py\/en\/wp-json\/wp\/v2\/media\/1488"}],"wp:attachment":[{"href":"https:\/\/lasederia.com.py\/en\/wp-json\/wp\/v2\/media?parent=1486"}],"wp:term":[{"taxonomy":"product_brand","embeddable":true,"href":"https:\/\/lasederia.com.py\/en\/wp-json\/wp\/v2\/product_brand?post=1486"},{"taxonomy":"product_cat","embeddable":true,"href":"https:\/\/lasederia.com.py\/en\/wp-json\/wp\/v2\/product_cat?post=1486"},{"taxonomy":"product_tag","embeddable":true,"href":"https:\/\/lasederia.com.py\/en\/wp-json\/wp\/v2\/product_tag?post=1486"}],"curies":[{"name":"wp","href":"https:\/\/api.w.org\/{rel}","templated":true}]}}