{"id":1481,"date":"2026-03-12T23:22:34","date_gmt":"2026-03-12T23:22:34","guid":{"rendered":"https:\/\/lasederia.com.py\/?post_type=product&#038;p=1481"},"modified":"2026-03-12T23:22:35","modified_gmt":"2026-03-12T23:22:35","slug":"hilo-estampado-jardin-primavera","status":"publish","type":"product","link":"https:\/\/lasederia.com.py\/en\/product\/hilo-estampado-jardin-primavera\/","title":{"rendered":"Hilo Estampado Jard\u00edn Primavera"},"content":{"rendered":"<p>Hilo Estampado Jard\u00edn Primavera. Tela de hilo estampado con dise\u00f1o floral inspirado en flores silvestres. El estampado combina tonos vibrantes de azul, naranja, rosa y verde sobre fondo claro, creando un estilo fresco, alegre y primaveral.<\/p>","protected":false},"excerpt":{"rendered":"<p>Hilo Estampado Jard\u00edn Primavera. Tela de hilo estampado con dise\u00f1o floral inspirado en flores silvestres. El estampado combina tonos vibrantes de azul, naranja, rosa y verde sobre fondo claro, creando un estilo fresco, alegre y primaveral.<\/p>","protected":false},"featured_media":1483,"comment_status":"open","ping_status":"closed","template":"","meta":[],"product_brand":[],"product_cat":[27],"product_tag":[654,655,191,687,659,209,674,216,693,695,691,234,233,662,694,692],"class_list":{"0":"post-1481","1":"product","2":"type-product","3":"status-publish","4":"has-post-thumbnail","6":"product_cat-hilo-estampado","7":"product_tag-cotton-print-fabric","8":"product_tag-floral-cotton-fabric","9":"product_tag-hilo-estampado","10":"product_tag-multicolor-floral-fabric","11":"product_tag-printed-cotton-fabric","12":"product_tag-tela-estampada","13":"product_tag-tela-estampada-flores","14":"product_tag-tela-floral","15":"product_tag-tela-floral-colorida","16":"product_tag-tela-floral-vibrante","17":"product_tag-tela-flores-silvestres","18":"product_tag-tela-para-blusas","19":"product_tag-tela-para-vestidos","20":"product_tag-tela-primavera","21":"product_tag-tela-verano","22":"product_tag-wildflower-fabric","24":"first","25":"instock","26":"shipping-taxable","27":"purchasable","28":"product-type-simple"},"jetpack_sharing_enabled":true,"_links":{"self":[{"href":"https:\/\/lasederia.com.py\/en\/wp-json\/wp\/v2\/product\/1481","targetHints":{"allow":["GET"]}}],"collection":[{"href":"https:\/\/lasederia.com.py\/en\/wp-json\/wp\/v2\/product"}],"about":[{"href":"https:\/\/lasederia.com.py\/en\/wp-json\/wp\/v2\/types\/product"}],"replies":[{"embeddable":true,"href":"https:\/\/lasederia.com.py\/en\/wp-json\/wp\/v2\/comments?post=1481"}],"wp:featuredmedia":[{"embeddable":true,"href":"https:\/\/lasederia.com.py\/en\/wp-json\/wp\/v2\/media\/1483"}],"wp:attachment":[{"href":"https:\/\/lasederia.com.py\/en\/wp-json\/wp\/v2\/media?parent=1481"}],"wp:term":[{"taxonomy":"product_brand","embeddable":true,"href":"https:\/\/lasederia.com.py\/en\/wp-json\/wp\/v2\/product_brand?post=1481"},{"taxonomy":"product_cat","embeddable":true,"href":"https:\/\/lasederia.com.py\/en\/wp-json\/wp\/v2\/product_cat?post=1481"},{"taxonomy":"product_tag","embeddable":true,"href":"https:\/\/lasederia.com.py\/en\/wp-json\/wp\/v2\/product_tag?post=1481"}],"curies":[{"name":"wp","href":"https:\/\/api.w.org\/{rel}","templated":true}]}}