{"id":1476,"date":"2026-03-12T23:19:48","date_gmt":"2026-03-12T23:19:48","guid":{"rendered":"https:\/\/lasederia.com.py\/?post_type=product&#038;p=1476"},"modified":"2026-03-12T23:19:48","modified_gmt":"2026-03-12T23:19:48","slug":"hilo-estampado-jardin-pintado","status":"publish","type":"product","link":"https:\/\/lasederia.com.py\/en\/product\/hilo-estampado-jardin-pintado\/","title":{"rendered":"Hilo Estampado Jard\u00edn Pintado"},"content":{"rendered":"<p>Hilo Estampado Jard\u00edn Pintado. Tela de hilo estampado con dise\u00f1o floral art\u00edstico que combina flores en tonos coral, rojo y amarillo con pinceladas pict\u00f3ricas en verdes y tonos tierra. El estampado tiene un efecto din\u00e1mico y expresivo que aporta car\u00e1cter y modernidad a cualquier prenda.<\/p>","protected":false},"excerpt":{"rendered":"<p>Hilo Estampado Jard\u00edn Pintado. Tela de hilo estampado con dise\u00f1o floral art\u00edstico que combina flores en tonos coral, rojo y amarillo con pinceladas pict\u00f3ricas en verdes y tonos tierra. El estampado tiene un efecto din\u00e1mico y expresivo que aporta car\u00e1cter y modernidad a cualquier prenda.<\/p>","protected":false},"featured_media":1478,"comment_status":"open","ping_status":"closed","template":"","meta":[],"product_brand":[],"product_cat":[27],"product_tag":[665,656,655,191,689,659,215,683,209,684,216,685,666,690,234,233],"class_list":{"0":"post-1476","1":"product","2":"type-product","3":"status-publish","4":"has-post-thumbnail","6":"product_cat-hilo-estampado","7":"product_tag-artistic-floral-fabric","8":"product_tag-botanical-print-fabric","9":"product_tag-floral-cotton-fabric","10":"product_tag-hilo-estampado","11":"product_tag-painterly-floral-cotton","12":"product_tag-printed-cotton-fabric","13":"product_tag-tela-abstracta","14":"product_tag-tela-botanica-moderna","15":"product_tag-tela-estampada","16":"product_tag-tela-estampada-diseno","17":"product_tag-tela-floral","18":"product_tag-tela-floral-artistica","19":"product_tag-tela-floral-moderna","20":"product_tag-tela-flores-modernas","21":"product_tag-tela-para-blusas","22":"product_tag-tela-para-vestidos","24":"first","25":"instock","26":"shipping-taxable","27":"purchasable","28":"product-type-simple"},"jetpack_sharing_enabled":true,"_links":{"self":[{"href":"https:\/\/lasederia.com.py\/en\/wp-json\/wp\/v2\/product\/1476","targetHints":{"allow":["GET"]}}],"collection":[{"href":"https:\/\/lasederia.com.py\/en\/wp-json\/wp\/v2\/product"}],"about":[{"href":"https:\/\/lasederia.com.py\/en\/wp-json\/wp\/v2\/types\/product"}],"replies":[{"embeddable":true,"href":"https:\/\/lasederia.com.py\/en\/wp-json\/wp\/v2\/comments?post=1476"}],"wp:featuredmedia":[{"embeddable":true,"href":"https:\/\/lasederia.com.py\/en\/wp-json\/wp\/v2\/media\/1478"}],"wp:attachment":[{"href":"https:\/\/lasederia.com.py\/en\/wp-json\/wp\/v2\/media?parent=1476"}],"wp:term":[{"taxonomy":"product_brand","embeddable":true,"href":"https:\/\/lasederia.com.py\/en\/wp-json\/wp\/v2\/product_brand?post=1476"},{"taxonomy":"product_cat","embeddable":true,"href":"https:\/\/lasederia.com.py\/en\/wp-json\/wp\/v2\/product_cat?post=1476"},{"taxonomy":"product_tag","embeddable":true,"href":"https:\/\/lasederia.com.py\/en\/wp-json\/wp\/v2\/product_tag?post=1476"}],"curies":[{"name":"wp","href":"https:\/\/api.w.org\/{rel}","templated":true}]}}