{"id":1471,"date":"2026-03-12T23:17:49","date_gmt":"2026-03-12T23:17:49","guid":{"rendered":"https:\/\/lasederia.com.py\/?post_type=product&#038;p=1471"},"modified":"2026-03-12T23:17:50","modified_gmt":"2026-03-12T23:17:50","slug":"hilo-estampado-jardin-acuarela","status":"publish","type":"product","link":"https:\/\/lasederia.com.py\/en\/product\/hilo-estampado-jardin-acuarela\/","title":{"rendered":"Hilo Estampado Jard\u00edn Acuarela"},"content":{"rendered":"<p>Hilo Estampado Jard\u00edn Acuarela. Tela de hilo estampado con dise\u00f1o floral estilo acuarela que combina pinceladas org\u00e1nicas en tonos violetas, azules, verdes y amarillos sobre fondo claro. Su efecto art\u00edstico y moderno aporta frescura y movimiento al estampado.<\/p>","protected":false},"excerpt":{"rendered":"<p>Hilo Estampado Jard\u00edn Acuarela. Tela de hilo estampado con dise\u00f1o floral estilo acuarela que combina pinceladas org\u00e1nicas en tonos violetas, azules, verdes y amarillos sobre fondo claro. Su efecto art\u00edstico y moderno aporta frescura y movimiento al estampado.<\/p>","protected":false},"featured_media":1473,"comment_status":"open","ping_status":"closed","template":"","meta":[],"product_brand":[],"product_cat":[27],"product_tag":[682,654,191,687,659,667,209,674,216,686,685,666,234,233,688,664],"class_list":{"0":"post-1471","1":"product","2":"type-product","3":"status-publish","4":"has-post-thumbnail","6":"product_cat-hilo-estampado","7":"product_tag-artistic-floral-cotton","8":"product_tag-cotton-print-fabric","9":"product_tag-hilo-estampado","10":"product_tag-multicolor-floral-fabric","11":"product_tag-printed-cotton-fabric","12":"product_tag-tela-acuarela","13":"product_tag-tela-estampada","14":"product_tag-tela-estampada-flores","15":"product_tag-tela-floral","16":"product_tag-tela-floral-acuarela","17":"product_tag-tela-floral-artistica","18":"product_tag-tela-floral-moderna","19":"product_tag-tela-para-blusas","20":"product_tag-tela-para-vestidos","21":"product_tag-tela-primaveral","22":"product_tag-watercolor-floral-fabric","24":"first","25":"instock","26":"shipping-taxable","27":"purchasable","28":"product-type-simple"},"jetpack_sharing_enabled":true,"_links":{"self":[{"href":"https:\/\/lasederia.com.py\/en\/wp-json\/wp\/v2\/product\/1471","targetHints":{"allow":["GET"]}}],"collection":[{"href":"https:\/\/lasederia.com.py\/en\/wp-json\/wp\/v2\/product"}],"about":[{"href":"https:\/\/lasederia.com.py\/en\/wp-json\/wp\/v2\/types\/product"}],"replies":[{"embeddable":true,"href":"https:\/\/lasederia.com.py\/en\/wp-json\/wp\/v2\/comments?post=1471"}],"wp:featuredmedia":[{"embeddable":true,"href":"https:\/\/lasederia.com.py\/en\/wp-json\/wp\/v2\/media\/1473"}],"wp:attachment":[{"href":"https:\/\/lasederia.com.py\/en\/wp-json\/wp\/v2\/media?parent=1471"}],"wp:term":[{"taxonomy":"product_brand","embeddable":true,"href":"https:\/\/lasederia.com.py\/en\/wp-json\/wp\/v2\/product_brand?post=1471"},{"taxonomy":"product_cat","embeddable":true,"href":"https:\/\/lasederia.com.py\/en\/wp-json\/wp\/v2\/product_cat?post=1471"},{"taxonomy":"product_tag","embeddable":true,"href":"https:\/\/lasederia.com.py\/en\/wp-json\/wp\/v2\/product_tag?post=1471"}],"curies":[{"name":"wp","href":"https:\/\/api.w.org\/{rel}","templated":true}]}}