{"id":1466,"date":"2026-03-12T23:15:40","date_gmt":"2026-03-12T23:15:40","guid":{"rendered":"https:\/\/lasederia.com.py\/?post_type=product&#038;p=1466"},"modified":"2026-03-12T23:15:40","modified_gmt":"2026-03-12T23:15:40","slug":"hilo-estampado-jardin-abstracto","status":"publish","type":"product","link":"https:\/\/lasederia.com.py\/en\/product\/hilo-estampado-jardin-abstracto\/","title":{"rendered":"Hilo Estampado Jard\u00edn Abstracto"},"content":{"rendered":"<p>Hilo Estampado Jard\u00edn Abstracto. Tela de hilo estampado con dise\u00f1o bot\u00e1nico abstracto que combina flores y ramas con pinceladas art\u00edsticas en tonos naranja, verde petr\u00f3leo, amarillo y negro sobre fondo claro. Su estilo moderno y expresivo aporta personalidad a cualquier prenda.<\/p>","protected":false},"excerpt":{"rendered":"<p>Hilo Estampado Jard\u00edn Abstracto. Tela de hilo estampado con dise\u00f1o bot\u00e1nico abstracto que combina flores y ramas con pinceladas art\u00edsticas en tonos naranja, verde petr\u00f3leo, amarillo y negro sobre fondo claro. Su estilo moderno y expresivo aporta personalidad a cualquier prenda.<\/p>","protected":false},"featured_media":1468,"comment_status":"open","ping_status":"closed","template":"","meta":[],"product_brand":[],"product_cat":[27],"product_tag":[681,682,656,655,191,659,215,270,683,209,684,216,685,666,235,233],"class_list":{"0":"post-1466","1":"product","2":"type-product","3":"status-publish","4":"has-post-thumbnail","6":"product_cat-hilo-estampado","7":"product_tag-abstract-floral-fabric","8":"product_tag-artistic-floral-cotton","9":"product_tag-botanical-print-fabric","10":"product_tag-floral-cotton-fabric","11":"product_tag-hilo-estampado","12":"product_tag-printed-cotton-fabric","13":"product_tag-tela-abstracta","14":"product_tag-tela-botanica","15":"product_tag-tela-botanica-moderna","16":"product_tag-tela-estampada","17":"product_tag-tela-estampada-diseno","18":"product_tag-tela-floral","19":"product_tag-tela-floral-artistica","20":"product_tag-tela-floral-moderna","21":"product_tag-tela-para-camisas","22":"product_tag-tela-para-vestidos","24":"first","25":"instock","26":"shipping-taxable","27":"purchasable","28":"product-type-simple"},"jetpack_sharing_enabled":true,"_links":{"self":[{"href":"https:\/\/lasederia.com.py\/en\/wp-json\/wp\/v2\/product\/1466","targetHints":{"allow":["GET"]}}],"collection":[{"href":"https:\/\/lasederia.com.py\/en\/wp-json\/wp\/v2\/product"}],"about":[{"href":"https:\/\/lasederia.com.py\/en\/wp-json\/wp\/v2\/types\/product"}],"replies":[{"embeddable":true,"href":"https:\/\/lasederia.com.py\/en\/wp-json\/wp\/v2\/comments?post=1466"}],"wp:featuredmedia":[{"embeddable":true,"href":"https:\/\/lasederia.com.py\/en\/wp-json\/wp\/v2\/media\/1468"}],"wp:attachment":[{"href":"https:\/\/lasederia.com.py\/en\/wp-json\/wp\/v2\/media?parent=1466"}],"wp:term":[{"taxonomy":"product_brand","embeddable":true,"href":"https:\/\/lasederia.com.py\/en\/wp-json\/wp\/v2\/product_brand?post=1466"},{"taxonomy":"product_cat","embeddable":true,"href":"https:\/\/lasederia.com.py\/en\/wp-json\/wp\/v2\/product_cat?post=1466"},{"taxonomy":"product_tag","embeddable":true,"href":"https:\/\/lasederia.com.py\/en\/wp-json\/wp\/v2\/product_tag?post=1466"}],"curies":[{"name":"wp","href":"https:\/\/api.w.org\/{rel}","templated":true}]}}