{"id":1461,"date":"2026-03-12T23:13:03","date_gmt":"2026-03-12T23:13:03","guid":{"rendered":"https:\/\/lasederia.com.py\/?post_type=product&#038;p=1461"},"modified":"2026-03-12T23:13:03","modified_gmt":"2026-03-12T23:13:03","slug":"hilo-estampado-floral-lavanda","status":"publish","type":"product","link":"https:\/\/lasederia.com.py\/en\/product\/hilo-estampado-floral-lavanda\/","title":{"rendered":"Hilo Estampado Floral Lavanda"},"content":{"rendered":"<p>Hilo Estampado Floral Lavanda. Tela de hilo estampado con delicado dise\u00f1o floral en tonos lila y lavanda sobre fondo claro con suaves franjas horizontales. El patr\u00f3n combina peque\u00f1os ramilletes de flores que aportan un estilo rom\u00e1ntico, elegante y atemporal.<\/p>","protected":false},"excerpt":{"rendered":"<p>Hilo Estampado Floral Lavanda. Tela de hilo estampado con delicado dise\u00f1o floral en tonos lila y lavanda sobre fondo claro con suaves franjas horizontales. El patr\u00f3n combina peque\u00f1os ramilletes de flores que aportan un estilo rom\u00e1ntico, elegante y atemporal.<\/p>","protected":false},"featured_media":1463,"comment_status":"open","ping_status":"closed","template":"","meta":[],"product_brand":[],"product_cat":[27],"product_tag":[678,191,676,677,659,209,674,216,680,672,675,679,234,233],"class_list":{"0":"post-1461","1":"product","2":"type-product","3":"status-publish","4":"has-post-thumbnail","6":"product_cat-hilo-estampado","7":"product_tag-cotton-floral-fabric","8":"product_tag-hilo-estampado","9":"product_tag-lavender-floral-fabric","10":"product_tag-lilac-floral-fabric","11":"product_tag-printed-cotton-fabric","12":"product_tag-tela-estampada","13":"product_tag-tela-estampada-flores","14":"product_tag-tela-floral","15":"product_tag-tela-floral-delicada","16":"product_tag-tela-floral-romantica","17":"product_tag-tela-flores-lila","18":"product_tag-tela-flores-pastel","19":"product_tag-tela-para-blusas","20":"product_tag-tela-para-vestidos","22":"first","23":"instock","24":"shipping-taxable","25":"purchasable","26":"product-type-simple"},"jetpack_sharing_enabled":true,"_links":{"self":[{"href":"https:\/\/lasederia.com.py\/en\/wp-json\/wp\/v2\/product\/1461","targetHints":{"allow":["GET"]}}],"collection":[{"href":"https:\/\/lasederia.com.py\/en\/wp-json\/wp\/v2\/product"}],"about":[{"href":"https:\/\/lasederia.com.py\/en\/wp-json\/wp\/v2\/types\/product"}],"replies":[{"embeddable":true,"href":"https:\/\/lasederia.com.py\/en\/wp-json\/wp\/v2\/comments?post=1461"}],"wp:featuredmedia":[{"embeddable":true,"href":"https:\/\/lasederia.com.py\/en\/wp-json\/wp\/v2\/media\/1463"}],"wp:attachment":[{"href":"https:\/\/lasederia.com.py\/en\/wp-json\/wp\/v2\/media?parent=1461"}],"wp:term":[{"taxonomy":"product_brand","embeddable":true,"href":"https:\/\/lasederia.com.py\/en\/wp-json\/wp\/v2\/product_brand?post=1461"},{"taxonomy":"product_cat","embeddable":true,"href":"https:\/\/lasederia.com.py\/en\/wp-json\/wp\/v2\/product_cat?post=1461"},{"taxonomy":"product_tag","embeddable":true,"href":"https:\/\/lasederia.com.py\/en\/wp-json\/wp\/v2\/product_tag?post=1461"}],"curies":[{"name":"wp","href":"https:\/\/api.w.org\/{rel}","templated":true}]}}