{"id":1456,"date":"2026-03-12T23:09:40","date_gmt":"2026-03-12T23:09:40","guid":{"rendered":"https:\/\/lasederia.com.py\/?post_type=product&#038;p=1456"},"modified":"2026-03-12T23:09:40","modified_gmt":"2026-03-12T23:09:40","slug":"hilo-estampado-rosas-vintage","status":"publish","type":"product","link":"https:\/\/lasederia.com.py\/en\/product\/hilo-estampado-rosas-vintage\/","title":{"rendered":"Hilo Estampado Rosas Vintage"},"content":{"rendered":"<p>Hilo Estampado Rosas Vintage. Tela de hilo estampado con dise\u00f1o floral rom\u00e1ntico inspirado en jardines cl\u00e1sicos. Presenta ramilletes de rosas y flores delicadas en tonos rosa, durazno, lila y amarillo sobre fondo claro, creando un estilo suave y femenino.<\/p>","protected":false},"excerpt":{"rendered":"<p>Hilo Estampado Rosas Vintage. Tela de hilo estampado con dise\u00f1o floral rom\u00e1ntico inspirado en jardines cl\u00e1sicos. Presenta ramilletes de rosas y flores delicadas en tonos rosa, durazno, lila y amarillo sobre fondo claro, creando un estilo suave y femenino.<\/p>","protected":false},"featured_media":1458,"comment_status":"open","ping_status":"closed","template":"","meta":[],"product_brand":[],"product_cat":[27],"product_tag":[654,655,191,671,670,209,674,216,672,673,234,233,662,669,657],"class_list":{"0":"post-1456","1":"product","2":"type-product","3":"status-publish","4":"has-post-thumbnail","6":"product_cat-hilo-estampado","7":"product_tag-cotton-print-fabric","8":"product_tag-floral-cotton-fabric","9":"product_tag-hilo-estampado","10":"product_tag-romantic-floral-fabric","11":"product_tag-rose-print-fabric","12":"product_tag-tela-estampada","13":"product_tag-tela-estampada-flores","14":"product_tag-tela-floral","15":"product_tag-tela-floral-romantica","16":"product_tag-tela-jardin-ingles","17":"product_tag-tela-para-blusas","18":"product_tag-tela-para-vestidos","19":"product_tag-tela-primavera","20":"product_tag-tela-rosas","21":"product_tag-vintage-floral-fabric","23":"first","24":"instock","25":"shipping-taxable","26":"purchasable","27":"product-type-simple"},"jetpack_sharing_enabled":true,"_links":{"self":[{"href":"https:\/\/lasederia.com.py\/en\/wp-json\/wp\/v2\/product\/1456","targetHints":{"allow":["GET"]}}],"collection":[{"href":"https:\/\/lasederia.com.py\/en\/wp-json\/wp\/v2\/product"}],"about":[{"href":"https:\/\/lasederia.com.py\/en\/wp-json\/wp\/v2\/types\/product"}],"replies":[{"embeddable":true,"href":"https:\/\/lasederia.com.py\/en\/wp-json\/wp\/v2\/comments?post=1456"}],"wp:featuredmedia":[{"embeddable":true,"href":"https:\/\/lasederia.com.py\/en\/wp-json\/wp\/v2\/media\/1458"}],"wp:attachment":[{"href":"https:\/\/lasederia.com.py\/en\/wp-json\/wp\/v2\/media?parent=1456"}],"wp:term":[{"taxonomy":"product_brand","embeddable":true,"href":"https:\/\/lasederia.com.py\/en\/wp-json\/wp\/v2\/product_brand?post=1456"},{"taxonomy":"product_cat","embeddable":true,"href":"https:\/\/lasederia.com.py\/en\/wp-json\/wp\/v2\/product_cat?post=1456"},{"taxonomy":"product_tag","embeddable":true,"href":"https:\/\/lasederia.com.py\/en\/wp-json\/wp\/v2\/product_tag?post=1456"}],"curies":[{"name":"wp","href":"https:\/\/api.w.org\/{rel}","templated":true}]}}