{"id":1451,"date":"2026-03-12T23:06:58","date_gmt":"2026-03-12T23:06:58","guid":{"rendered":"https:\/\/lasederia.com.py\/?post_type=product&#038;p=1451"},"modified":"2026-03-12T23:06:58","modified_gmt":"2026-03-12T23:06:58","slug":"hilo-estampado-flores-acuarela","status":"publish","type":"product","link":"https:\/\/lasederia.com.py\/en\/product\/hilo-estampado-flores-acuarela\/","title":{"rendered":"Hilo Estampado Flores Acuarela"},"content":{"rendered":"<p>Hilo Estampado Flores Acuarela. Tela de hilo estampado con dise\u00f1o floral estilo acuarela que combina tonos magenta, violeta y rosados sobre fondo claro. Su efecto pict\u00f3rico aporta un estilo moderno, delicado y art\u00edstico.<\/p>","protected":false},"excerpt":{"rendered":"<p>Hilo Estampado Flores Acuarela. Tela de hilo estampado con dise\u00f1o floral estilo acuarela que combina tonos magenta, violeta y rosados sobre fondo claro. Su efecto pict\u00f3rico aporta un estilo moderno, delicado y art\u00edstico.<\/p>","protected":false},"featured_media":1453,"comment_status":"open","ping_status":"closed","template":"","meta":[],"product_brand":[],"product_cat":[27],"product_tag":[665,654,655,191,659,667,661,668,209,663,216,666,235,233,664],"class_list":{"0":"post-1451","1":"product","2":"type-product","3":"status-publish","4":"has-post-thumbnail","6":"product_cat-hilo-estampado","7":"product_tag-artistic-floral-fabric","8":"product_tag-cotton-print-fabric","9":"product_tag-floral-cotton-fabric","10":"product_tag-hilo-estampado","11":"product_tag-printed-cotton-fabric","12":"product_tag-tela-acuarela","13":"product_tag-tela-casual","14":"product_tag-tela-creativa","15":"product_tag-tela-estampada","16":"product_tag-tela-estampada-floral","17":"product_tag-tela-floral","18":"product_tag-tela-floral-moderna","19":"product_tag-tela-para-camisas","20":"product_tag-tela-para-vestidos","21":"product_tag-watercolor-floral-fabric","23":"first","24":"instock","25":"shipping-taxable","26":"purchasable","27":"product-type-simple"},"jetpack_sharing_enabled":true,"_links":{"self":[{"href":"https:\/\/lasederia.com.py\/en\/wp-json\/wp\/v2\/product\/1451","targetHints":{"allow":["GET"]}}],"collection":[{"href":"https:\/\/lasederia.com.py\/en\/wp-json\/wp\/v2\/product"}],"about":[{"href":"https:\/\/lasederia.com.py\/en\/wp-json\/wp\/v2\/types\/product"}],"replies":[{"embeddable":true,"href":"https:\/\/lasederia.com.py\/en\/wp-json\/wp\/v2\/comments?post=1451"}],"wp:featuredmedia":[{"embeddable":true,"href":"https:\/\/lasederia.com.py\/en\/wp-json\/wp\/v2\/media\/1453"}],"wp:attachment":[{"href":"https:\/\/lasederia.com.py\/en\/wp-json\/wp\/v2\/media?parent=1451"}],"wp:term":[{"taxonomy":"product_brand","embeddable":true,"href":"https:\/\/lasederia.com.py\/en\/wp-json\/wp\/v2\/product_brand?post=1451"},{"taxonomy":"product_cat","embeddable":true,"href":"https:\/\/lasederia.com.py\/en\/wp-json\/wp\/v2\/product_cat?post=1451"},{"taxonomy":"product_tag","embeddable":true,"href":"https:\/\/lasederia.com.py\/en\/wp-json\/wp\/v2\/product_tag?post=1451"}],"curies":[{"name":"wp","href":"https:\/\/api.w.org\/{rel}","templated":true}]}}