{"id":1446,"date":"2026-03-12T23:04:53","date_gmt":"2026-03-12T23:04:53","guid":{"rendered":"https:\/\/lasederia.com.py\/?post_type=product&#038;p=1446"},"modified":"2026-03-12T23:04:53","modified_gmt":"2026-03-12T23:04:53","slug":"hilo-estampado-jardin-vintage","status":"publish","type":"product","link":"https:\/\/lasederia.com.py\/en\/product\/hilo-estampado-jardin-vintage\/","title":{"rendered":"Hilo Estampado Jard\u00edn Vintage"},"content":{"rendered":"<p>Hilo Estampado Jard\u00edn Vintage. Tela de hilo estampado con delicado dise\u00f1o floral ornamental inspirado en jardines cl\u00e1sicos. Sus flores en tonos azules y blancos se combinan con l\u00edneas bot\u00e1nicas y fondo verde suave que aportan un estilo rom\u00e1ntico y fresco.<\/p>","protected":false},"excerpt":{"rendered":"<p>Hilo Estampado Jard\u00edn Vintage. Tela de hilo estampado con delicado dise\u00f1o floral ornamental inspirado en jardines cl\u00e1sicos. Sus flores en tonos azules y blancos se combinan con l\u00edneas bot\u00e1nicas y fondo verde suave que aportan un estilo rom\u00e1ntico y fresco.<\/p>","protected":false},"featured_media":1448,"comment_status":"open","ping_status":"closed","template":"","meta":[],"product_brand":[],"product_cat":[27],"product_tag":[656,654,655,191,659,270,661,209,663,216,660,235,233,662,657],"class_list":{"0":"post-1446","1":"product","2":"type-product","3":"status-publish","4":"has-post-thumbnail","6":"product_cat-hilo-estampado","7":"product_tag-botanical-print-fabric","8":"product_tag-cotton-print-fabric","9":"product_tag-floral-cotton-fabric","10":"product_tag-hilo-estampado","11":"product_tag-printed-cotton-fabric","12":"product_tag-tela-botanica","13":"product_tag-tela-casual","14":"product_tag-tela-estampada","15":"product_tag-tela-estampada-floral","16":"product_tag-tela-floral","17":"product_tag-tela-floral-vintage","18":"product_tag-tela-para-camisas","19":"product_tag-tela-para-vestidos","20":"product_tag-tela-primavera","21":"product_tag-vintage-floral-fabric","23":"first","24":"instock","25":"shipping-taxable","26":"purchasable","27":"product-type-simple"},"jetpack_sharing_enabled":true,"_links":{"self":[{"href":"https:\/\/lasederia.com.py\/en\/wp-json\/wp\/v2\/product\/1446","targetHints":{"allow":["GET"]}}],"collection":[{"href":"https:\/\/lasederia.com.py\/en\/wp-json\/wp\/v2\/product"}],"about":[{"href":"https:\/\/lasederia.com.py\/en\/wp-json\/wp\/v2\/types\/product"}],"replies":[{"embeddable":true,"href":"https:\/\/lasederia.com.py\/en\/wp-json\/wp\/v2\/comments?post=1446"}],"wp:featuredmedia":[{"embeddable":true,"href":"https:\/\/lasederia.com.py\/en\/wp-json\/wp\/v2\/media\/1448"}],"wp:attachment":[{"href":"https:\/\/lasederia.com.py\/en\/wp-json\/wp\/v2\/media?parent=1446"}],"wp:term":[{"taxonomy":"product_brand","embeddable":true,"href":"https:\/\/lasederia.com.py\/en\/wp-json\/wp\/v2\/product_brand?post=1446"},{"taxonomy":"product_cat","embeddable":true,"href":"https:\/\/lasederia.com.py\/en\/wp-json\/wp\/v2\/product_cat?post=1446"},{"taxonomy":"product_tag","embeddable":true,"href":"https:\/\/lasederia.com.py\/en\/wp-json\/wp\/v2\/product_tag?post=1446"}],"curies":[{"name":"wp","href":"https:\/\/api.w.org\/{rel}","templated":true}]}}