{"id":1441,"date":"2026-03-12T23:02:52","date_gmt":"2026-03-12T23:02:52","guid":{"rendered":"https:\/\/lasederia.com.py\/?post_type=product&#038;p=1441"},"modified":"2026-03-12T23:02:52","modified_gmt":"2026-03-12T23:02:52","slug":"hilo-estampado-patchwork-floral","status":"publish","type":"product","link":"https:\/\/lasederia.com.py\/en\/product\/hilo-estampado-patchwork-floral\/","title":{"rendered":"Hilo Estampado Patchwork Floral"},"content":{"rendered":"<p>Hilo Estampado Patchwork Floral. Tela de hilo estampado con dise\u00f1o patchwork que combina flores, hojas y elementos bot\u00e1nicos en una composici\u00f3n art\u00edstica. Su mezcla de cuadros florales en tonos azules, mostaza y verdes crea un estilo vintage y elegante.<\/p>","protected":false},"excerpt":{"rendered":"<p>Hilo Estampado Patchwork Floral. Tela de hilo estampado con dise\u00f1o patchwork que combina flores, hojas y elementos bot\u00e1nicos en una composici\u00f3n art\u00edstica. Su mezcla de cuadros florales en tonos azules, mostaza y verdes crea un estilo vintage y elegante.<\/p>","protected":false},"featured_media":1443,"comment_status":"open","ping_status":"closed","template":"","meta":[],"product_brand":[],"product_cat":[27],"product_tag":[656,654,655,191,658,659,270,661,209,216,660,235,233,653,657],"class_list":{"0":"post-1441","1":"product","2":"type-product","3":"status-publish","4":"has-post-thumbnail","6":"product_cat-hilo-estampado","7":"product_tag-botanical-print-fabric","8":"product_tag-cotton-print-fabric","9":"product_tag-floral-cotton-fabric","10":"product_tag-hilo-estampado","11":"product_tag-patchwork-fabric","12":"product_tag-printed-cotton-fabric","13":"product_tag-tela-botanica","14":"product_tag-tela-casual","15":"product_tag-tela-estampada","16":"product_tag-tela-floral","17":"product_tag-tela-floral-vintage","18":"product_tag-tela-para-camisas","19":"product_tag-tela-para-vestidos","20":"product_tag-tela-patchwork","21":"product_tag-vintage-floral-fabric","23":"first","24":"instock","25":"shipping-taxable","26":"purchasable","27":"product-type-simple"},"jetpack_sharing_enabled":true,"_links":{"self":[{"href":"https:\/\/lasederia.com.py\/en\/wp-json\/wp\/v2\/product\/1441","targetHints":{"allow":["GET"]}}],"collection":[{"href":"https:\/\/lasederia.com.py\/en\/wp-json\/wp\/v2\/product"}],"about":[{"href":"https:\/\/lasederia.com.py\/en\/wp-json\/wp\/v2\/types\/product"}],"replies":[{"embeddable":true,"href":"https:\/\/lasederia.com.py\/en\/wp-json\/wp\/v2\/comments?post=1441"}],"wp:featuredmedia":[{"embeddable":true,"href":"https:\/\/lasederia.com.py\/en\/wp-json\/wp\/v2\/media\/1443"}],"wp:attachment":[{"href":"https:\/\/lasederia.com.py\/en\/wp-json\/wp\/v2\/media?parent=1441"}],"wp:term":[{"taxonomy":"product_brand","embeddable":true,"href":"https:\/\/lasederia.com.py\/en\/wp-json\/wp\/v2\/product_brand?post=1441"},{"taxonomy":"product_cat","embeddable":true,"href":"https:\/\/lasederia.com.py\/en\/wp-json\/wp\/v2\/product_cat?post=1441"},{"taxonomy":"product_tag","embeddable":true,"href":"https:\/\/lasederia.com.py\/en\/wp-json\/wp\/v2\/product_tag?post=1441"}],"curies":[{"name":"wp","href":"https:\/\/api.w.org\/{rel}","templated":true}]}}