{"id":1432,"date":"2026-03-12T14:47:36","date_gmt":"2026-03-12T14:47:36","guid":{"rendered":"https:\/\/lasederia.com.py\/?post_type=product&#038;p=1432"},"modified":"2026-03-13T02:51:33","modified_gmt":"2026-03-13T02:51:33","slug":"guipure-hojas-botanicas","status":"publish","type":"product","link":"https:\/\/lasederia.com.py\/en\/product\/guipure-hojas-botanicas\/","title":{"rendered":"Guipure Hojas Bot\u00e1nicas"},"content":{"rendered":"<p>Guipure Hojas Bot\u00e1nicas. Dise\u00f1o bot\u00e1nico de hojas grandes que crea una textura elegante y contempor\u00e1nea. Su estructura definida y el patr\u00f3n org\u00e1nico generan un efecto sofisticado con gran presencia visual.<\/p>","protected":false},"excerpt":{"rendered":"<p>Guipure Hojas Bot\u00e1nicas. Dise\u00f1o bot\u00e1nico de hojas grandes que crea una textura elegante y contempor\u00e1nea. Su estructura definida y el patr\u00f3n org\u00e1nico generan un efecto sofisticado con gran presencia visual.<\/p>","protected":false},"featured_media":1606,"comment_status":"open","ping_status":"closed","template":"","meta":[],"product_brand":[],"product_cat":[36],"product_tag":[647,632,635,641,83,75,645,65,649,652,644,64,651,67,646,636,648,650,233,639],"class_list":{"0":"post-1432","1":"product","2":"type-product","3":"status-publish","4":"has-post-thumbnail","6":"product_cat-guipure-blanco","7":"product_tag-botanical-lace","8":"product_tag-bridal-lace","9":"product_tag-couture-lace","10":"product_tag-encaje-alta-costura","11":"product_tag-encaje-elegante","12":"product_tag-encaje-floral","13":"product_tag-encaje-guipur","14":"product_tag-encaje-guipure","15":"product_tag-encaje-hojas","16":"product_tag-encaje-moderno","17":"product_tag-guipur","18":"product_tag-guipure","19":"product_tag-guipure-fabric","20":"product_tag-guipure-floral","21":"product_tag-guipure-lace","22":"product_tag-lace-fabric","23":"product_tag-leaf-lace","24":"product_tag-tela-guipur","25":"product_tag-tela-para-vestidos","26":"product_tag-wedding-lace","28":"first","29":"instock","30":"shipping-taxable","31":"purchasable","32":"product-type-simple"},"jetpack_sharing_enabled":true,"_links":{"self":[{"href":"https:\/\/lasederia.com.py\/en\/wp-json\/wp\/v2\/product\/1432","targetHints":{"allow":["GET"]}}],"collection":[{"href":"https:\/\/lasederia.com.py\/en\/wp-json\/wp\/v2\/product"}],"about":[{"href":"https:\/\/lasederia.com.py\/en\/wp-json\/wp\/v2\/types\/product"}],"replies":[{"embeddable":true,"href":"https:\/\/lasederia.com.py\/en\/wp-json\/wp\/v2\/comments?post=1432"}],"wp:featuredmedia":[{"embeddable":true,"href":"https:\/\/lasederia.com.py\/en\/wp-json\/wp\/v2\/media\/1606"}],"wp:attachment":[{"href":"https:\/\/lasederia.com.py\/en\/wp-json\/wp\/v2\/media?parent=1432"}],"wp:term":[{"taxonomy":"product_brand","embeddable":true,"href":"https:\/\/lasederia.com.py\/en\/wp-json\/wp\/v2\/product_brand?post=1432"},{"taxonomy":"product_cat","embeddable":true,"href":"https:\/\/lasederia.com.py\/en\/wp-json\/wp\/v2\/product_cat?post=1432"},{"taxonomy":"product_tag","embeddable":true,"href":"https:\/\/lasederia.com.py\/en\/wp-json\/wp\/v2\/product_tag?post=1432"}],"curies":[{"name":"wp","href":"https:\/\/api.w.org\/{rel}","templated":true}]}}