{"id":1423,"date":"2026-03-12T14:39:20","date_gmt":"2026-03-12T14:39:20","guid":{"rendered":"https:\/\/lasederia.com.py\/?post_type=product&#038;p=1423"},"modified":"2026-04-06T18:40:22","modified_gmt":"2026-04-06T18:40:22","slug":"encaje-bordado-floral","status":"publish","type":"product","link":"https:\/\/lasederia.com.py\/en\/product\/encaje-bordado-floral\/","title":{"rendered":"Encaje Bordado Floral"},"content":{"rendered":"<p data-start=\"706\" data-end=\"1014\">Encaje Bordado Floral, con delicado dise\u00f1o floral en tono marfil. Su composici\u00f3n liviana y transparente resalta el bordado org\u00e1nico de flores y hojas, terminado con borde tipo pesta\u00f1a que aporta un acabado sofisticado.<\/p>","protected":false},"excerpt":{"rendered":"<p>Encaje Bordado Floral, con delicado dise\u00f1o floral en tono marfil. Su composici\u00f3n liviana y transparente resalta el bordado org\u00e1nico de flores y hojas, terminado con borde tipo pesta\u00f1a que aporta un acabado sofisticado.<\/p>","protected":false},"featured_media":1600,"comment_status":"open","ping_status":"closed","template":"","meta":[],"product_brand":[],"product_cat":[885],"product_tag":[632,638,635,634,80,641,54,631,629,82,75,630,85,633,637,636,640,642,100,639],"class_list":{"0":"post-1423","1":"product","2":"type-product","3":"status-publish","4":"has-post-thumbnail","6":"product_cat-encaje-blanco","7":"product_tag-bridal-lace","8":"product_tag-chantilly-lace","9":"product_tag-couture-lace","10":"product_tag-embroidered-lace","11":"product_tag-encaje","12":"product_tag-encaje-alta-costura","13":"product_tag-encaje-bordado","14":"product_tag-encaje-bridal","15":"product_tag-encaje-chantilly","16":"product_tag-encaje-delicado","17":"product_tag-encaje-floral","18":"product_tag-encaje-novia","19":"product_tag-encaje-romantico","20":"product_tag-floral-lace","21":"product_tag-ivory-lace","22":"product_tag-lace-fabric","23":"product_tag-lace-for-dresses","24":"product_tag-tela-para-novia","25":"product_tag-tul-bordado","26":"product_tag-wedding-lace","28":"first","29":"instock","30":"shipping-taxable","31":"purchasable","32":"product-type-simple"},"jetpack_sharing_enabled":true,"_links":{"self":[{"href":"https:\/\/lasederia.com.py\/en\/wp-json\/wp\/v2\/product\/1423","targetHints":{"allow":["GET"]}}],"collection":[{"href":"https:\/\/lasederia.com.py\/en\/wp-json\/wp\/v2\/product"}],"about":[{"href":"https:\/\/lasederia.com.py\/en\/wp-json\/wp\/v2\/types\/product"}],"replies":[{"embeddable":true,"href":"https:\/\/lasederia.com.py\/en\/wp-json\/wp\/v2\/comments?post=1423"}],"wp:featuredmedia":[{"embeddable":true,"href":"https:\/\/lasederia.com.py\/en\/wp-json\/wp\/v2\/media\/1600"}],"wp:attachment":[{"href":"https:\/\/lasederia.com.py\/en\/wp-json\/wp\/v2\/media?parent=1423"}],"wp:term":[{"taxonomy":"product_brand","embeddable":true,"href":"https:\/\/lasederia.com.py\/en\/wp-json\/wp\/v2\/product_brand?post=1423"},{"taxonomy":"product_cat","embeddable":true,"href":"https:\/\/lasederia.com.py\/en\/wp-json\/wp\/v2\/product_cat?post=1423"},{"taxonomy":"product_tag","embeddable":true,"href":"https:\/\/lasederia.com.py\/en\/wp-json\/wp\/v2\/product_tag?post=1423"}],"curies":[{"name":"wp","href":"https:\/\/api.w.org\/{rel}","templated":true}]}}