{"id":1393,"date":"2026-02-26T15:56:59","date_gmt":"2026-02-26T15:56:59","guid":{"rendered":"https:\/\/lasederia.com.py\/?post_type=product&#038;p=1393"},"modified":"2026-02-26T15:57:00","modified_gmt":"2026-02-26T15:57:00","slug":"guipure-barroco-negro","status":"publish","type":"product","link":"https:\/\/lasederia.com.py\/en\/product\/guipure-barroco-negro\/","title":{"rendered":"Guipure Barroco Negro"},"content":{"rendered":"<p>Guipure Barroco Negro, composici\u00f3n ornamental de gran definici\u00f3n y estructura firme. Presenta motivos sim\u00e9tricos inspirados en arquitectura cl\u00e1sica y detalles perforados que generan profundidad y contraste.<\/p>\n<p data-start=\"596\" data-end=\"765\">","protected":false},"excerpt":{"rendered":"<p>Guipure Barroco Negro, composici\u00f3n ornamental de gran definici\u00f3n y estructura firme. Presenta motivos sim\u00e9tricos inspirados en arquitectura cl\u00e1sica y detalles perforados que generan profundidad y contraste.<\/p>","protected":false},"featured_media":1394,"comment_status":"open","ping_status":"closed","template":"","meta":[],"product_brand":[],"product_cat":[531],"product_tag":[619,623,620,618,73,625,627,71,536,624,617,628,622,626,621],"class_list":{"0":"post-1393","1":"product","2":"type-product","3":"status-publish","4":"has-post-thumbnail","6":"product_cat-guipure-colores","7":"product_tag-black-guipure-lace","8":"product_tag-black-lace-fabric","9":"product_tag-encaje-barroco-negro","10":"product_tag-encaje-negro","11":"product_tag-encaje-premium","12":"product_tag-encaje-sofisticado","13":"product_tag-guipure-diseno-ornamental","14":"product_tag-guipure-elegante","15":"product_tag-guipure-estructurado","16":"product_tag-guipure-formal","17":"product_tag-guipure-negro","18":"product_tag-lace-couture-black","19":"product_tag-tela-alta-costura","20":"product_tag-tela-elegante-noche","21":"product_tag-tela-para-vestido-de-gala","23":"first","24":"instock","25":"shipping-taxable","26":"purchasable","27":"product-type-simple"},"jetpack_sharing_enabled":true,"_links":{"self":[{"href":"https:\/\/lasederia.com.py\/en\/wp-json\/wp\/v2\/product\/1393","targetHints":{"allow":["GET"]}}],"collection":[{"href":"https:\/\/lasederia.com.py\/en\/wp-json\/wp\/v2\/product"}],"about":[{"href":"https:\/\/lasederia.com.py\/en\/wp-json\/wp\/v2\/types\/product"}],"replies":[{"embeddable":true,"href":"https:\/\/lasederia.com.py\/en\/wp-json\/wp\/v2\/comments?post=1393"}],"wp:featuredmedia":[{"embeddable":true,"href":"https:\/\/lasederia.com.py\/en\/wp-json\/wp\/v2\/media\/1394"}],"wp:attachment":[{"href":"https:\/\/lasederia.com.py\/en\/wp-json\/wp\/v2\/media?parent=1393"}],"wp:term":[{"taxonomy":"product_brand","embeddable":true,"href":"https:\/\/lasederia.com.py\/en\/wp-json\/wp\/v2\/product_brand?post=1393"},{"taxonomy":"product_cat","embeddable":true,"href":"https:\/\/lasederia.com.py\/en\/wp-json\/wp\/v2\/product_cat?post=1393"},{"taxonomy":"product_tag","embeddable":true,"href":"https:\/\/lasederia.com.py\/en\/wp-json\/wp\/v2\/product_tag?post=1393"}],"curies":[{"name":"wp","href":"https:\/\/api.w.org\/{rel}","templated":true}]}}