{"id":1388,"date":"2026-02-26T15:53:33","date_gmt":"2026-02-26T15:53:33","guid":{"rendered":"https:\/\/lasederia.com.py\/?post_type=product&#038;p=1388"},"modified":"2026-02-26T15:53:33","modified_gmt":"2026-02-26T15:53:33","slug":"guipure-patchwork-bicolor","status":"publish","type":"product","link":"https:\/\/lasederia.com.py\/en\/product\/guipure-patchwork-bicolor\/","title":{"rendered":"Guipure Patchwork Bicolor"},"content":{"rendered":"<p>Guipure Patchwork Bicolor, dise\u00f1o patchwork geom\u00e9trico compuesto por cuadr\u00edcula estructurada en negro que enmarca motivos florales bordados en blanco. La combinaci\u00f3n de l\u00edneas rectas y detalles florales genera un equilibrio entre arquitectura y romanticismo, logrando una est\u00e9tica contempor\u00e1nea y sofisticada.<\/p>","protected":false},"excerpt":{"rendered":"<p>Guipure Patchwork Bicolor, dise\u00f1o patchwork geom\u00e9trico compuesto por cuadr\u00edcula estructurada en negro que enmarca motivos florales bordados en blanco. La combinaci\u00f3n de l\u00edneas rectas y detalles florales genera un equilibrio entre arquitectura y romanticismo, logrando una est\u00e9tica contempor\u00e1nea y sofisticada.<\/p>","protected":false},"featured_media":1389,"comment_status":"open","ping_status":"closed","template":"","meta":[],"product_brand":[],"product_cat":[35,134],"product_tag":[615,611,613,609,610,616,612,614],"class_list":{"0":"post-1388","1":"product","2":"type-product","3":"status-publish","4":"has-post-thumbnail","6":"product_cat-broderie-blanco","7":"product_cat-broderie-colores","8":"product_tag-black-nude-lace","9":"product_tag-encaje-patchwork","10":"product_tag-guipure-arquitectonico","11":"product_tag-guipure-bicolor","12":"product_tag-guipure-nude-negro","13":"product_tag-guipure-sofisticado-paraguay","14":"product_tag-lace-grid-fabric","15":"product_tag-tela-elegante-moderna","17":"first","18":"instock","19":"shipping-taxable","20":"purchasable","21":"product-type-simple"},"jetpack_sharing_enabled":true,"_links":{"self":[{"href":"https:\/\/lasederia.com.py\/en\/wp-json\/wp\/v2\/product\/1388","targetHints":{"allow":["GET"]}}],"collection":[{"href":"https:\/\/lasederia.com.py\/en\/wp-json\/wp\/v2\/product"}],"about":[{"href":"https:\/\/lasederia.com.py\/en\/wp-json\/wp\/v2\/types\/product"}],"replies":[{"embeddable":true,"href":"https:\/\/lasederia.com.py\/en\/wp-json\/wp\/v2\/comments?post=1388"}],"wp:featuredmedia":[{"embeddable":true,"href":"https:\/\/lasederia.com.py\/en\/wp-json\/wp\/v2\/media\/1389"}],"wp:attachment":[{"href":"https:\/\/lasederia.com.py\/en\/wp-json\/wp\/v2\/media?parent=1388"}],"wp:term":[{"taxonomy":"product_brand","embeddable":true,"href":"https:\/\/lasederia.com.py\/en\/wp-json\/wp\/v2\/product_brand?post=1388"},{"taxonomy":"product_cat","embeddable":true,"href":"https:\/\/lasederia.com.py\/en\/wp-json\/wp\/v2\/product_cat?post=1388"},{"taxonomy":"product_tag","embeddable":true,"href":"https:\/\/lasederia.com.py\/en\/wp-json\/wp\/v2\/product_tag?post=1388"}],"curies":[{"name":"wp","href":"https:\/\/api.w.org\/{rel}","templated":true}]}}