{"id":1358,"date":"2026-02-26T15:29:31","date_gmt":"2026-02-26T15:29:31","guid":{"rendered":"https:\/\/lasederia.com.py\/?post_type=product&#038;p=1358"},"modified":"2026-02-26T15:29:31","modified_gmt":"2026-02-26T15:29:31","slug":"guipure-floral-amarillo","status":"publish","type":"product","link":"https:\/\/lasederia.com.py\/en\/product\/guipure-floral-amarillo\/","title":{"rendered":"Guipure Floral Amarillo"},"content":{"rendered":"<p>Guipure Floral Amarillo, en tono amarillo lima vibrante con dise\u00f1o de mariposas, hojas y flores circulares entrelazadas. El patr\u00f3n combina elementos org\u00e1nicos con una estructura abierta que permite excelente definici\u00f3n del relieve.<\/p>","protected":false},"excerpt":{"rendered":"<p>Guipure Floral Amarillo, en tono amarillo lima vibrante con dise\u00f1o de mariposas, hojas y flores circulares entrelazadas. El patr\u00f3n combina elementos org\u00e1nicos con una estructura abierta que permite excelente definici\u00f3n del relieve.<\/p>","protected":false},"featured_media":1359,"comment_status":"open","ping_status":"closed","template":"","meta":[],"product_brand":[],"product_cat":[531],"product_tag":[576,574,579,575,582,577,581,580,578,583],"class_list":{"0":"post-1358","1":"product","2":"type-product","3":"status-publish","4":"has-post-thumbnail","6":"product_cat-guipure-colores","7":"product_tag-encaje-neon","8":"product_tag-guipure-amarillo","9":"product_tag-guipure-floral-bold","10":"product_tag-guipure-lima","11":"product_tag-guipure-statement","12":"product_tag-guipure-verano","13":"product_tag-lime-lace-fabric","14":"product_tag-neon-lace-fabric","15":"product_tag-tela-vibrante","16":"product_tag-telas-llamativas-paraguay","18":"first","19":"instock","20":"shipping-taxable","21":"purchasable","22":"product-type-simple"},"jetpack_sharing_enabled":true,"_links":{"self":[{"href":"https:\/\/lasederia.com.py\/en\/wp-json\/wp\/v2\/product\/1358","targetHints":{"allow":["GET"]}}],"collection":[{"href":"https:\/\/lasederia.com.py\/en\/wp-json\/wp\/v2\/product"}],"about":[{"href":"https:\/\/lasederia.com.py\/en\/wp-json\/wp\/v2\/types\/product"}],"replies":[{"embeddable":true,"href":"https:\/\/lasederia.com.py\/en\/wp-json\/wp\/v2\/comments?post=1358"}],"wp:featuredmedia":[{"embeddable":true,"href":"https:\/\/lasederia.com.py\/en\/wp-json\/wp\/v2\/media\/1359"}],"wp:attachment":[{"href":"https:\/\/lasederia.com.py\/en\/wp-json\/wp\/v2\/media?parent=1358"}],"wp:term":[{"taxonomy":"product_brand","embeddable":true,"href":"https:\/\/lasederia.com.py\/en\/wp-json\/wp\/v2\/product_brand?post=1358"},{"taxonomy":"product_cat","embeddable":true,"href":"https:\/\/lasederia.com.py\/en\/wp-json\/wp\/v2\/product_cat?post=1358"},{"taxonomy":"product_tag","embeddable":true,"href":"https:\/\/lasederia.com.py\/en\/wp-json\/wp\/v2\/product_tag?post=1358"}],"curies":[{"name":"wp","href":"https:\/\/api.w.org\/{rel}","templated":true}]}}