{"id":1352,"date":"2026-02-26T15:26:13","date_gmt":"2026-02-26T15:26:13","guid":{"rendered":"https:\/\/lasederia.com.py\/?post_type=product&#038;p=1352"},"modified":"2026-02-26T15:26:13","modified_gmt":"2026-02-26T15:26:13","slug":"guipure-geometrico-nude-beige","status":"publish","type":"product","link":"https:\/\/lasederia.com.py\/en\/product\/guipure-geometrico-nude-beige\/","title":{"rendered":"Guipure Geom\u00e9trico Nude Beige"},"content":{"rendered":"<p data-start=\"304\" data-end=\"335\">Guipure Geom\u00e9trico Nude Beige, dise\u00f1o geom\u00e9trico repetitivo de inspiraci\u00f3n arquitect\u00f3nica. El patr\u00f3n combina formas circulares entrelazadas con peque\u00f1as flores alineadas que aportan equilibrio y sofisticaci\u00f3n.<\/p>\n<p data-start=\"641\" data-end=\"896\">Su estructura firme y definida permite crear prendas con cuerpo y excelente ca\u00edda estructurada. El tono nude c\u00e1lido lo convierte en una opci\u00f3n vers\u00e1til y elegante<\/p>","protected":false},"excerpt":{"rendered":"<p>Guipure Geom\u00e9trico Nude Beige, dise\u00f1o geom\u00e9trico repetitivo de inspiraci\u00f3n arquitect\u00f3nica. El patr\u00f3n combina formas circulares entrelazadas con peque\u00f1as flores alineadas que aportan equilibrio y sofisticaci\u00f3n. Su estructura firme y definida permite crear prendas con cuerpo y excelente ca\u00edda estructurada. El tono nude c\u00e1lido lo convierte en una opci\u00f3n vers\u00e1til y elegante<\/p>","protected":false},"featured_media":1354,"comment_status":"open","ping_status":"closed","template":"","meta":[],"product_brand":[],"product_cat":[531],"product_tag":[573,537,541,569,536,533,571,568,535,572,570,467],"class_list":{"0":"post-1352","1":"product","2":"type-product","3":"status-publish","4":"has-post-thumbnail","6":"product_cat-guipure-colores","7":"product_tag-bridal-civil-lace","8":"product_tag-encaje-arquitectonico","9":"product_tag-geometric-lace-fabric","10":"product_tag-guipure-beige","11":"product_tag-guipure-estructurado","12":"product_tag-guipure-geometrico","13":"product_tag-guipure-minimalista","14":"product_tag-guipure-nude","15":"product_tag-guipure-para-novia-civil","16":"product_tag-nude-lace-fabric","17":"product_tag-tela-beige-elegante","18":"product_tag-telas-premium-paraguay","20":"first","21":"instock","22":"shipping-taxable","23":"purchasable","24":"product-type-simple"},"jetpack_sharing_enabled":true,"_links":{"self":[{"href":"https:\/\/lasederia.com.py\/en\/wp-json\/wp\/v2\/product\/1352","targetHints":{"allow":["GET"]}}],"collection":[{"href":"https:\/\/lasederia.com.py\/en\/wp-json\/wp\/v2\/product"}],"about":[{"href":"https:\/\/lasederia.com.py\/en\/wp-json\/wp\/v2\/types\/product"}],"replies":[{"embeddable":true,"href":"https:\/\/lasederia.com.py\/en\/wp-json\/wp\/v2\/comments?post=1352"}],"wp:featuredmedia":[{"embeddable":true,"href":"https:\/\/lasederia.com.py\/en\/wp-json\/wp\/v2\/media\/1354"}],"wp:attachment":[{"href":"https:\/\/lasederia.com.py\/en\/wp-json\/wp\/v2\/media?parent=1352"}],"wp:term":[{"taxonomy":"product_brand","embeddable":true,"href":"https:\/\/lasederia.com.py\/en\/wp-json\/wp\/v2\/product_brand?post=1352"},{"taxonomy":"product_cat","embeddable":true,"href":"https:\/\/lasederia.com.py\/en\/wp-json\/wp\/v2\/product_cat?post=1352"},{"taxonomy":"product_tag","embeddable":true,"href":"https:\/\/lasederia.com.py\/en\/wp-json\/wp\/v2\/product_tag?post=1352"}],"curies":[{"name":"wp","href":"https:\/\/api.w.org\/{rel}","templated":true}]}}