{"id":1346,"date":"2026-02-26T15:22:51","date_gmt":"2026-02-26T15:22:51","guid":{"rendered":"https:\/\/lasederia.com.py\/?post_type=product&#038;p=1346"},"modified":"2026-02-26T15:22:51","modified_gmt":"2026-02-26T15:22:51","slug":"guipure-floral-3d","status":"publish","type":"product","link":"https:\/\/lasederia.com.py\/en\/product\/guipure-floral-3d\/","title":{"rendered":"Guipure Floral 3D"},"content":{"rendered":"<p>Guipure Floral 3D en tono lavanda profundo con dise\u00f1o floral tridimensional sobre base calada estructurada.<\/p>\n<p data-start=\"454\" data-end=\"700\">El color violeta medio aporta car\u00e1cter y sofisticaci\u00f3n, alej\u00e1ndose de los tonos pastel y generando mayor presencia visual. Las flores en relieve crean textura y volumen, destac\u00e1ndose sobre la base abierta tipo red que aporta ligereza al conjunto.<\/p>","protected":false},"excerpt":{"rendered":"<p>Guipure Floral 3D en tono lavanda profundo con dise\u00f1o floral tridimensional sobre base calada estructurada. El color violeta medio aporta car\u00e1cter y sofisticaci\u00f3n, alej\u00e1ndose de los tonos pastel y generando mayor presencia visual. Las flores en relieve crean textura y volumen, destac\u00e1ndose sobre la base abierta tipo red que aporta ligereza al conjunto.<\/p>","protected":false},"featured_media":1347,"comment_status":"open","ping_status":"closed","template":"","meta":[],"product_brand":[],"product_cat":[531],"product_tag":[567,565,561,545,560,562,69,563,559,566,564,467],"class_list":{"0":"post-1346","1":"product","2":"type-product","3":"status-publish","4":"has-post-thumbnail","6":"product_cat-guipure-colores","7":"product_tag-3d-lace-fabric","8":"product_tag-deep-lavender-lace","9":"product_tag-encaje-violeta","10":"product_tag-guipure-floral-3d","11":"product_tag-guipure-lavanda-oscuro","12":"product_tag-guipure-para-vestido-de-fiesta","13":"product_tag-guipure-premium","14":"product_tag-guipure-romantico-intenso","15":"product_tag-guipure-violeta","16":"product_tag-purple-floral-lace","17":"product_tag-tela-violeta-elegante","18":"product_tag-telas-premium-paraguay","20":"first","21":"instock","22":"shipping-taxable","23":"purchasable","24":"product-type-simple"},"jetpack_sharing_enabled":true,"_links":{"self":[{"href":"https:\/\/lasederia.com.py\/en\/wp-json\/wp\/v2\/product\/1346","targetHints":{"allow":["GET"]}}],"collection":[{"href":"https:\/\/lasederia.com.py\/en\/wp-json\/wp\/v2\/product"}],"about":[{"href":"https:\/\/lasederia.com.py\/en\/wp-json\/wp\/v2\/types\/product"}],"replies":[{"embeddable":true,"href":"https:\/\/lasederia.com.py\/en\/wp-json\/wp\/v2\/comments?post=1346"}],"wp:featuredmedia":[{"embeddable":true,"href":"https:\/\/lasederia.com.py\/en\/wp-json\/wp\/v2\/media\/1347"}],"wp:attachment":[{"href":"https:\/\/lasederia.com.py\/en\/wp-json\/wp\/v2\/media?parent=1346"}],"wp:term":[{"taxonomy":"product_brand","embeddable":true,"href":"https:\/\/lasederia.com.py\/en\/wp-json\/wp\/v2\/product_brand?post=1346"},{"taxonomy":"product_cat","embeddable":true,"href":"https:\/\/lasederia.com.py\/en\/wp-json\/wp\/v2\/product_cat?post=1346"},{"taxonomy":"product_tag","embeddable":true,"href":"https:\/\/lasederia.com.py\/en\/wp-json\/wp\/v2\/product_tag?post=1346"}],"curies":[{"name":"wp","href":"https:\/\/api.w.org\/{rel}","templated":true}]}}