{"id":1338,"date":"2026-02-26T15:20:00","date_gmt":"2026-02-26T15:20:00","guid":{"rendered":"https:\/\/lasederia.com.py\/?post_type=product&#038;p=1338"},"modified":"2026-02-26T15:20:00","modified_gmt":"2026-02-26T15:20:00","slug":"guipure-floral-rosa","status":"publish","type":"product","link":"https:\/\/lasederia.com.py\/en\/product\/guipure-floral-rosa\/","title":{"rendered":"Guipure Floral Rosa"},"content":{"rendered":"<p>Guipure Floral Rosa, dise\u00f1o floral continuo de inspiraci\u00f3n cl\u00e1sica. El patr\u00f3n combina flores abiertas y hojas entrelazadas formando una superficie delicada, femenina y armoniosa. Su estructura firme permite crear prendas con cuerpo, manteniendo definici\u00f3n en cada contorno bordado. El tono rosa suave aporta romanticismo sin resultar intenso<\/p>","protected":false},"excerpt":{"rendered":"<p>Guipure Floral Rosa, dise\u00f1o floral continuo de inspiraci\u00f3n cl\u00e1sica. El patr\u00f3n combina flores abiertas y hojas entrelazadas formando una superficie delicada, femenina y armoniosa. Su estructura firme permite crear prendas con cuerpo, manteniendo definici\u00f3n en cada contorno bordado. El tono rosa suave aporta romanticismo sin resultar intenso<\/p>","protected":false},"featured_media":1339,"comment_status":"open","ping_status":"closed","template":"","meta":[],"product_brand":[],"product_cat":[531],"product_tag":[558,556,554,557,536,67,549,547,552,553,555,467],"class_list":{"0":"post-1338","1":"product","2":"type-product","3":"status-publish","4":"has-post-thumbnail","6":"product_cat-guipure-colores","7":"product_tag-bridal-pastel-lace","8":"product_tag-dusty-pink-lace","9":"product_tag-encaje-rosa-pastel","10":"product_tag-floral-guipure-lace","11":"product_tag-guipure-estructurado","12":"product_tag-guipure-floral","13":"product_tag-guipure-para-quinceanera","14":"product_tag-guipure-romantico","15":"product_tag-guipure-rosa","16":"product_tag-guipure-rosa-empolvado","17":"product_tag-tela-rosa-para-vestido","18":"product_tag-telas-premium-paraguay","20":"first","21":"instock","22":"shipping-taxable","23":"purchasable","24":"product-type-simple"},"jetpack_sharing_enabled":true,"_links":{"self":[{"href":"https:\/\/lasederia.com.py\/en\/wp-json\/wp\/v2\/product\/1338","targetHints":{"allow":["GET"]}}],"collection":[{"href":"https:\/\/lasederia.com.py\/en\/wp-json\/wp\/v2\/product"}],"about":[{"href":"https:\/\/lasederia.com.py\/en\/wp-json\/wp\/v2\/types\/product"}],"replies":[{"embeddable":true,"href":"https:\/\/lasederia.com.py\/en\/wp-json\/wp\/v2\/comments?post=1338"}],"wp:featuredmedia":[{"embeddable":true,"href":"https:\/\/lasederia.com.py\/en\/wp-json\/wp\/v2\/media\/1339"}],"wp:attachment":[{"href":"https:\/\/lasederia.com.py\/en\/wp-json\/wp\/v2\/media?parent=1338"}],"wp:term":[{"taxonomy":"product_brand","embeddable":true,"href":"https:\/\/lasederia.com.py\/en\/wp-json\/wp\/v2\/product_brand?post=1338"},{"taxonomy":"product_cat","embeddable":true,"href":"https:\/\/lasederia.com.py\/en\/wp-json\/wp\/v2\/product_cat?post=1338"},{"taxonomy":"product_tag","embeddable":true,"href":"https:\/\/lasederia.com.py\/en\/wp-json\/wp\/v2\/product_tag?post=1338"}],"curies":[{"name":"wp","href":"https:\/\/api.w.org\/{rel}","templated":true}]}}