{"id":1331,"date":"2026-02-26T15:17:23","date_gmt":"2026-02-26T15:17:23","guid":{"rendered":"https:\/\/lasederia.com.py\/?post_type=product&#038;p=1331"},"modified":"2026-02-26T15:17:23","modified_gmt":"2026-02-26T15:17:23","slug":"guipure-floral-3d-lavanda-pastel","status":"publish","type":"product","link":"https:\/\/lasederia.com.py\/en\/product\/guipure-floral-3d-lavanda-pastel\/","title":{"rendered":"Guipure Floral 3D Lavanda Pastel"},"content":{"rendered":"<p data-start=\"231\" data-end=\"265\">Guipure Floral 3D Lavanda Pastel, dise\u00f1o floral tridimensional compuesto por flores bordadas en relieve sobre base calada estructurada.<\/p>\n<p data-start=\"496\" data-end=\"700\">El tono suave con matiz fr\u00edo aporta un efecto rom\u00e1ntico contempor\u00e1neo, alej\u00e1ndose del blanco tradicional y l<span style=\"font-family: -apple-system, BlinkMacSystemFont, 'Segoe UI', Roboto, 'Helvetica Neue', Arial, 'Noto Sans', sans-serif, 'Apple Color Emoji', 'Segoe UI Emoji', 'Segoe UI Symbol', 'Noto Color Emoji';\">as flores en volumen generan profundidad y textura, mientras la estructura firme del guipure permite crear prendas con cuerpo y definici\u00f3n.<\/span><\/p>\n<p data-start=\"844\" data-end=\"986\">","protected":false},"excerpt":{"rendered":"<p>Guipure Floral 3D Lavanda Pastel, dise\u00f1o floral tridimensional compuesto por flores bordadas en relieve sobre base calada estructurada. El tono suave con matiz fr\u00edo aporta un efecto rom\u00e1ntico contempor\u00e1neo, alej\u00e1ndose del blanco tradicional y las flores en volumen generan profundidad y textura, mientras la estructura firme del guipure permite crear prendas con cuerpo y definici\u00f3n.<\/p>","protected":false},"featured_media":1332,"comment_status":"open","ping_status":"closed","template":"","meta":[],"product_brand":[],"product_cat":[531],"product_tag":[551,546,545,543,544,549,69,547,550,548,467],"class_list":{"0":"post-1331","1":"product","2":"type-product","3":"status-publish","4":"has-post-thumbnail","6":"product_cat-guipure-colores","7":"product_tag-3d-floral-lace-fabric","8":"product_tag-encaje-lavanda","9":"product_tag-guipure-floral-3d","10":"product_tag-guipure-lavanda-pastel","11":"product_tag-guipure-lila-claro","12":"product_tag-guipure-para-quinceanera","13":"product_tag-guipure-premium","14":"product_tag-guipure-romantico","15":"product_tag-pastel-lavender-lace","16":"product_tag-tela-para-vestido-lavanda","17":"product_tag-telas-premium-paraguay","19":"first","20":"instock","21":"shipping-taxable","22":"purchasable","23":"product-type-simple"},"jetpack_sharing_enabled":true,"_links":{"self":[{"href":"https:\/\/lasederia.com.py\/en\/wp-json\/wp\/v2\/product\/1331","targetHints":{"allow":["GET"]}}],"collection":[{"href":"https:\/\/lasederia.com.py\/en\/wp-json\/wp\/v2\/product"}],"about":[{"href":"https:\/\/lasederia.com.py\/en\/wp-json\/wp\/v2\/types\/product"}],"replies":[{"embeddable":true,"href":"https:\/\/lasederia.com.py\/en\/wp-json\/wp\/v2\/comments?post=1331"}],"wp:featuredmedia":[{"embeddable":true,"href":"https:\/\/lasederia.com.py\/en\/wp-json\/wp\/v2\/media\/1332"}],"wp:attachment":[{"href":"https:\/\/lasederia.com.py\/en\/wp-json\/wp\/v2\/media?parent=1331"}],"wp:term":[{"taxonomy":"product_brand","embeddable":true,"href":"https:\/\/lasederia.com.py\/en\/wp-json\/wp\/v2\/product_brand?post=1331"},{"taxonomy":"product_cat","embeddable":true,"href":"https:\/\/lasederia.com.py\/en\/wp-json\/wp\/v2\/product_cat?post=1331"},{"taxonomy":"product_tag","embeddable":true,"href":"https:\/\/lasederia.com.py\/en\/wp-json\/wp\/v2\/product_tag?post=1331"}],"curies":[{"name":"wp","href":"https:\/\/api.w.org\/{rel}","templated":true}]}}