{"id":1325,"date":"2026-02-26T15:13:50","date_gmt":"2026-02-26T15:13:50","guid":{"rendered":"https:\/\/lasederia.com.py\/?post_type=product&#038;p=1325"},"modified":"2026-04-20T20:09:43","modified_gmt":"2026-04-20T20:09:43","slug":"guipure-geometrico-marfil","status":"publish","type":"product","link":"https:\/\/lasederia.com.py\/en\/product\/guipure-geometrico-marfil\/","title":{"rendered":"Guipure Geom\u00e9trico Marfil"},"content":{"rendered":"<p data-start=\"227\" data-end=\"254\">Guipure Geom\u00e9trico Marfil, dise\u00f1o geom\u00e9trico repetitivo compuesto por m\u00f3dulos cuadrados con detalles circulares centrales y curvas entrelazadas. Su estructura firme y definida crea un efecto arquitect\u00f3nico y contempor\u00e1neo, ideal para prendas con cuerpo y ca\u00edda estructurada.<\/p>","protected":false},"excerpt":{"rendered":"<p>Guipure Geom\u00e9trico Marfil, dise\u00f1o geom\u00e9trico repetitivo compuesto por m\u00f3dulos cuadrados con detalles circulares centrales y curvas entrelazadas. Su estructura firme y definida crea un efecto arquitect\u00f3nico y contempor\u00e1neo, ideal para prendas con cuerpo y ca\u00edda estructurada.<\/p>","protected":false},"featured_media":1327,"comment_status":"open","ping_status":"closed","template":"","meta":[],"product_brand":[],"product_cat":[36,19],"product_tag":[542,537,534,541,71,536,533,532,538,535,540,489,539,467],"class_list":{"0":"post-1325","1":"product","2":"type-product","3":"status-publish","4":"has-post-thumbnail","6":"product_cat-guipure-blanco","7":"product_cat-the-bridal-edit","8":"product_tag-bridal-lace-fabric","9":"product_tag-encaje-arquitectonico","10":"product_tag-encaje-guipure-blanco","11":"product_tag-geometric-lace-fabric","12":"product_tag-guipure-elegante","13":"product_tag-guipure-estructurado","14":"product_tag-guipure-geometrico","15":"product_tag-guipure-marfil","16":"product_tag-guipure-moderno","17":"product_tag-guipure-para-novia-civil","18":"product_tag-ivory-guipure-lace","19":"product_tag-tela-bridal-premium","20":"product_tag-tela-para-vestido-de-novia","21":"product_tag-telas-premium-paraguay","23":"first","24":"instock","25":"shipping-taxable","26":"purchasable","27":"product-type-simple"},"jetpack_sharing_enabled":true,"_links":{"self":[{"href":"https:\/\/lasederia.com.py\/en\/wp-json\/wp\/v2\/product\/1325","targetHints":{"allow":["GET"]}}],"collection":[{"href":"https:\/\/lasederia.com.py\/en\/wp-json\/wp\/v2\/product"}],"about":[{"href":"https:\/\/lasederia.com.py\/en\/wp-json\/wp\/v2\/types\/product"}],"replies":[{"embeddable":true,"href":"https:\/\/lasederia.com.py\/en\/wp-json\/wp\/v2\/comments?post=1325"}],"wp:featuredmedia":[{"embeddable":true,"href":"https:\/\/lasederia.com.py\/en\/wp-json\/wp\/v2\/media\/1327"}],"wp:attachment":[{"href":"https:\/\/lasederia.com.py\/en\/wp-json\/wp\/v2\/media?parent=1325"}],"wp:term":[{"taxonomy":"product_brand","embeddable":true,"href":"https:\/\/lasederia.com.py\/en\/wp-json\/wp\/v2\/product_brand?post=1325"},{"taxonomy":"product_cat","embeddable":true,"href":"https:\/\/lasederia.com.py\/en\/wp-json\/wp\/v2\/product_cat?post=1325"},{"taxonomy":"product_tag","embeddable":true,"href":"https:\/\/lasederia.com.py\/en\/wp-json\/wp\/v2\/product_tag?post=1325"}],"curies":[{"name":"wp","href":"https:\/\/api.w.org\/{rel}","templated":true}]}}