{"id":1312,"date":"2026-02-26T15:06:03","date_gmt":"2026-02-26T15:06:03","guid":{"rendered":"https:\/\/lasederia.com.py\/?post_type=product&#038;p=1312"},"modified":"2026-02-26T15:06:03","modified_gmt":"2026-02-26T15:06:03","slug":"tul-bordado-barroco-con-pedreria","status":"publish","type":"product","link":"https:\/\/lasederia.com.py\/en\/product\/tul-bordado-barroco-con-pedreria\/","title":{"rendered":"Tul Bordado Barroco con Pedrer\u00eda"},"content":{"rendered":"<p>Tul Bordado Barroco con Pedrer\u00eda, bordado con mostacillas, canutillos y lentejuelas en tono lavanda formando un dise\u00f1o ornamental de inspiraci\u00f3n barroca. Sus curvas envolventes y detalles sim\u00e9tricos generan un efecto elegante, rom\u00e1ntico y sofisticado.<\/p>","protected":false},"excerpt":{"rendered":"<p>Tul Bordado Barroco con Pedrer\u00eda, bordado con mostacillas, canutillos y lentejuelas en tono lavanda formando un dise\u00f1o ornamental de inspiraci\u00f3n barroca. Sus curvas envolventes y detalles sim\u00e9tricos generan un efecto elegante, rom\u00e1ntico y sofisticado.<\/p>","protected":false},"featured_media":1313,"comment_status":"open","ping_status":"closed","template":"","meta":[],"product_brand":[],"product_cat":[31],"product_tag":[527,492,465,526,525,524,523,456,455,467,453,522,520,448,447,113,521,506,472],"class_list":{"0":"post-1312","1":"product","2":"type-product","3":"status-publish","4":"has-post-thumbnail","6":"product_cat-tul-bordado-colores","7":"product_tag-baroque-embroidered-tulle","8":"product_tag-couture-fabric","9":"product_tag-evening-gown-fabric","10":"product_tag-lavender-beaded-tulle","11":"product_tag-tela-barroca","12":"product_tag-tela-con-pedreria-lila","13":"product_tag-tela-lavanda-de-lujo","14":"product_tag-tela-para-vestidos-de-fiesta","15":"product_tag-tela-tul-premium","16":"product_tag-telas-premium-paraguay","17":"product_tag-tul-alta-costura","18":"product_tag-tul-barroco-bordado","19":"product_tag-tul-bordado-lavanda","20":"product_tag-tul-con-lentejuelas","21":"product_tag-tul-con-mostacillas","22":"product_tag-tul-elegante","23":"product_tag-tul-lila-con-pedreria","24":"product_tag-tul-para-vestidos-de-gala","25":"product_tag-tul-romantico","27":"first","28":"instock","29":"shipping-taxable","30":"purchasable","31":"product-type-simple"},"jetpack_sharing_enabled":true,"_links":{"self":[{"href":"https:\/\/lasederia.com.py\/en\/wp-json\/wp\/v2\/product\/1312","targetHints":{"allow":["GET"]}}],"collection":[{"href":"https:\/\/lasederia.com.py\/en\/wp-json\/wp\/v2\/product"}],"about":[{"href":"https:\/\/lasederia.com.py\/en\/wp-json\/wp\/v2\/types\/product"}],"replies":[{"embeddable":true,"href":"https:\/\/lasederia.com.py\/en\/wp-json\/wp\/v2\/comments?post=1312"}],"wp:featuredmedia":[{"embeddable":true,"href":"https:\/\/lasederia.com.py\/en\/wp-json\/wp\/v2\/media\/1313"}],"wp:attachment":[{"href":"https:\/\/lasederia.com.py\/en\/wp-json\/wp\/v2\/media?parent=1312"}],"wp:term":[{"taxonomy":"product_brand","embeddable":true,"href":"https:\/\/lasederia.com.py\/en\/wp-json\/wp\/v2\/product_brand?post=1312"},{"taxonomy":"product_cat","embeddable":true,"href":"https:\/\/lasederia.com.py\/en\/wp-json\/wp\/v2\/product_cat?post=1312"},{"taxonomy":"product_tag","embeddable":true,"href":"https:\/\/lasederia.com.py\/en\/wp-json\/wp\/v2\/product_tag?post=1312"}],"curies":[{"name":"wp","href":"https:\/\/api.w.org\/{rel}","templated":true}]}}