{"id":1307,"date":"2026-02-26T15:03:18","date_gmt":"2026-02-26T15:03:18","guid":{"rendered":"https:\/\/lasederia.com.py\/?post_type=product&#038;p=1307"},"modified":"2026-02-26T15:03:18","modified_gmt":"2026-02-26T15:03:18","slug":"tul-bordado-verde-esmeralda-art-deco","status":"publish","type":"product","link":"https:\/\/lasederia.com.py\/en\/product\/tul-bordado-verde-esmeralda-art-deco\/","title":{"rendered":"Tul Bordado Verde Esmeralda Art D\u00e9co"},"content":{"rendered":"<p data-start=\"292\" data-end=\"330\">Tul Bordado Verde Esmeralda Art D\u00e9co, bordado con mostacillas y lentejuelas en verde esmeralda formando un dise\u00f1o geom\u00e9trico radial inspirado en el estilo Art D\u00e9co. Sus l\u00edneas en chevron estilizan la silueta mientras el n\u00facleo central de pedrer\u00eda densa aporta brillo profundo y textura tridimensional.<\/p>\n<p data-start=\"332\" data-end=\"375\">","protected":false},"excerpt":{"rendered":"<p>Tul Bordado Verde Esmeralda Art D\u00e9co, bordado con mostacillas y lentejuelas en verde esmeralda formando un dise\u00f1o geom\u00e9trico radial inspirado en el estilo Art D\u00e9co. Sus l\u00edneas en chevron estilizan la silueta mientras el n\u00facleo central de pedrer\u00eda densa aporta brillo profundo y textura tridimensional.<\/p>","protected":false},"featured_media":1308,"comment_status":"open","ping_status":"closed","template":"","meta":[],"product_brand":[],"product_cat":[31],"product_tag":[515,492,519,465,514,460,510,455,518,467,453,451,516,448,447,517,113,512,506],"class_list":{"0":"post-1307","1":"product","2":"type-product","3":"status-publish","4":"has-post-thumbnail","6":"product_cat-tul-bordado-colores","7":"product_tag-art-deco-embroidered-tulle","8":"product_tag-couture-fabric","9":"product_tag-emerald-beaded-tulle","10":"product_tag-evening-gown-fabric","11":"product_tag-tela-art-deco","12":"product_tag-tela-de-lujo","13":"product_tag-tela-para-alfombra-roja","14":"product_tag-tela-tul-premium","15":"product_tag-tela-verde-con-pedreria","16":"product_tag-telas-premium-paraguay","17":"product_tag-tul-alta-costura","18":"product_tag-tul-art-deco","19":"product_tag-tul-bordado-verde-esmeralda","20":"product_tag-tul-con-lentejuelas","21":"product_tag-tul-con-mostacillas","22":"product_tag-tul-con-pedreria-verde","23":"product_tag-tul-elegante","24":"product_tag-tul-geometrico-bordado","25":"product_tag-tul-para-vestidos-de-gala","27":"first","28":"instock","29":"shipping-taxable","30":"purchasable","31":"product-type-simple"},"jetpack_sharing_enabled":true,"_links":{"self":[{"href":"https:\/\/lasederia.com.py\/en\/wp-json\/wp\/v2\/product\/1307","targetHints":{"allow":["GET"]}}],"collection":[{"href":"https:\/\/lasederia.com.py\/en\/wp-json\/wp\/v2\/product"}],"about":[{"href":"https:\/\/lasederia.com.py\/en\/wp-json\/wp\/v2\/types\/product"}],"replies":[{"embeddable":true,"href":"https:\/\/lasederia.com.py\/en\/wp-json\/wp\/v2\/comments?post=1307"}],"wp:featuredmedia":[{"embeddable":true,"href":"https:\/\/lasederia.com.py\/en\/wp-json\/wp\/v2\/media\/1308"}],"wp:attachment":[{"href":"https:\/\/lasederia.com.py\/en\/wp-json\/wp\/v2\/media?parent=1307"}],"wp:term":[{"taxonomy":"product_brand","embeddable":true,"href":"https:\/\/lasederia.com.py\/en\/wp-json\/wp\/v2\/product_brand?post=1307"},{"taxonomy":"product_cat","embeddable":true,"href":"https:\/\/lasederia.com.py\/en\/wp-json\/wp\/v2\/product_cat?post=1307"},{"taxonomy":"product_tag","embeddable":true,"href":"https:\/\/lasederia.com.py\/en\/wp-json\/wp\/v2\/product_tag?post=1307"}],"curies":[{"name":"wp","href":"https:\/\/api.w.org\/{rel}","templated":true}]}}