{"id":1301,"date":"2026-02-26T15:00:09","date_gmt":"2026-02-26T15:00:09","guid":{"rendered":"https:\/\/lasederia.com.py\/?post_type=product&#038;p=1301"},"modified":"2026-02-26T15:00:10","modified_gmt":"2026-02-26T15:00:10","slug":"tul-bordado-rojo-art-deco-con-pedreria","status":"publish","type":"product","link":"https:\/\/lasederia.com.py\/en\/product\/tul-bordado-rojo-art-deco-con-pedreria\/","title":{"rendered":"Tul Bordado Rojo Art D\u00e9co con Pedrer\u00eda"},"content":{"rendered":"<p data-start=\"241\" data-end=\"281\">Tul Bordado Rojo Art D\u00e9co con Pedrer\u00eda, bordado con mostacillas y lentejuelas rojas formando un dise\u00f1o geom\u00e9trico radial inspirado en el estilo Art D\u00e9co. Las l\u00edneas en chevron estilizan la silueta mientras el n\u00facleo central de pedrer\u00eda densa genera un efecto visual impactante y sofisticado.<\/p>\n<p data-start=\"655\" data-end=\"861\">Su combinaci\u00f3n de estructura geom\u00e9trica y brillo intenso convierte esta tela en una pieza protagonista<\/p>","protected":false},"excerpt":{"rendered":"<p>Tul Bordado Rojo Art D\u00e9co con Pedrer\u00eda, bordado con mostacillas y lentejuelas rojas formando un dise\u00f1o geom\u00e9trico radial inspirado en el estilo Art D\u00e9co. Las l\u00edneas en chevron estilizan la silueta mientras el n\u00facleo central de pedrer\u00eda densa genera un efecto visual impactante y sofisticado. Su combinaci\u00f3n de estructura geom\u00e9trica y brillo intenso convierte esta tela en una pieza protagonista<\/p>","protected":false},"featured_media":1302,"comment_status":"open","ping_status":"closed","template":"","meta":[],"product_brand":[],"product_cat":[31],"product_tag":[515,492,465,511,514,460,510,513,455,467,453,451,504,448,447,505,113,512,507,506],"class_list":{"0":"post-1301","1":"product","2":"type-product","3":"status-publish","4":"has-post-thumbnail","6":"product_cat-tul-bordado-colores","7":"product_tag-art-deco-embroidered-tulle","8":"product_tag-couture-fabric","9":"product_tag-evening-gown-fabric","10":"product_tag-red-beaded-tulle","11":"product_tag-tela-art-deco","12":"product_tag-tela-de-lujo","13":"product_tag-tela-para-alfombra-roja","14":"product_tag-tela-roja-con-pedreria","15":"product_tag-tela-tul-premium","16":"product_tag-telas-premium-paraguay","17":"product_tag-tul-alta-costura","18":"product_tag-tul-art-deco","19":"product_tag-tul-bordado-rojo","20":"product_tag-tul-con-lentejuelas","21":"product_tag-tul-con-mostacillas","22":"product_tag-tul-con-pedreria-roja","23":"product_tag-tul-elegante","24":"product_tag-tul-geometrico-bordado","25":"product_tag-tul-para-quinceanera","26":"product_tag-tul-para-vestidos-de-gala","28":"first","29":"instock","30":"shipping-taxable","31":"purchasable","32":"product-type-simple"},"jetpack_sharing_enabled":true,"_links":{"self":[{"href":"https:\/\/lasederia.com.py\/en\/wp-json\/wp\/v2\/product\/1301","targetHints":{"allow":["GET"]}}],"collection":[{"href":"https:\/\/lasederia.com.py\/en\/wp-json\/wp\/v2\/product"}],"about":[{"href":"https:\/\/lasederia.com.py\/en\/wp-json\/wp\/v2\/types\/product"}],"replies":[{"embeddable":true,"href":"https:\/\/lasederia.com.py\/en\/wp-json\/wp\/v2\/comments?post=1301"}],"wp:featuredmedia":[{"embeddable":true,"href":"https:\/\/lasederia.com.py\/en\/wp-json\/wp\/v2\/media\/1302"}],"wp:attachment":[{"href":"https:\/\/lasederia.com.py\/en\/wp-json\/wp\/v2\/media?parent=1301"}],"wp:term":[{"taxonomy":"product_brand","embeddable":true,"href":"https:\/\/lasederia.com.py\/en\/wp-json\/wp\/v2\/product_brand?post=1301"},{"taxonomy":"product_cat","embeddable":true,"href":"https:\/\/lasederia.com.py\/en\/wp-json\/wp\/v2\/product_cat?post=1301"},{"taxonomy":"product_tag","embeddable":true,"href":"https:\/\/lasederia.com.py\/en\/wp-json\/wp\/v2\/product_tag?post=1301"}],"curies":[{"name":"wp","href":"https:\/\/api.w.org\/{rel}","templated":true}]}}