{"id":1294,"date":"2026-02-26T14:57:07","date_gmt":"2026-02-26T14:57:07","guid":{"rendered":"https:\/\/lasederia.com.py\/?post_type=product&#038;p=1294"},"modified":"2026-02-26T14:57:08","modified_gmt":"2026-02-26T14:57:08","slug":"tul-bordado-rojo-con-pedreria-intensa","status":"publish","type":"product","link":"https:\/\/lasederia.com.py\/en\/product\/tul-bordado-rojo-con-pedreria-intensa\/","title":{"rendered":"Tul Bordado Rojo con Pedrer\u00eda Intensa"},"content":{"rendered":"<p data-start=\"257\" data-end=\"296\">Tul Bordado Rojo con Pedrer\u00eda Intensa, bordado con mostacillas, canutillos y lentejuelas en rojo intenso formando un dise\u00f1o vegetal vertical de alto impacto. Su patr\u00f3n estiliza la silueta y aporta movimiento gracias a la densidad del bordado y el brillo uniforme de la pedrer\u00eda.<\/p>\n<p data-start=\"659\" data-end=\"881\">La combinaci\u00f3n de textura tridimensional y color vibrante convierte esta tela en una pieza protagonista.<\/p>","protected":false},"excerpt":{"rendered":"<p>Tul Bordado Rojo con Pedrer\u00eda Intensa, bordado con mostacillas, canutillos y lentejuelas en rojo intenso formando un dise\u00f1o vegetal vertical de alto impacto. Su patr\u00f3n estiliza la silueta y aporta movimiento gracias a la densidad del bordado y el brillo uniforme de la pedrer\u00eda. La combinaci\u00f3n de textura tridimensional y color vibrante convierte esta tela en una pieza protagonista.<\/p>","protected":false},"featured_media":1295,"comment_status":"open","ping_status":"closed","template":"","meta":[],"product_brand":[],"product_cat":[31],"product_tag":[492,465,491,511,508,510,456,509,455,467,453,504,486,449,448,447,505,113,507,506],"class_list":{"0":"post-1294","1":"product","2":"type-product","3":"status-publish","4":"has-post-thumbnail","6":"product_cat-tul-bordado-colores","7":"product_tag-couture-fabric","8":"product_tag-evening-gown-fabric","9":"product_tag-luxury-embroidered-tulle","10":"product_tag-red-beaded-tulle","11":"product_tag-tela-con-pedreria-intensa","12":"product_tag-tela-para-alfombra-roja","13":"product_tag-tela-para-vestidos-de-fiesta","14":"product_tag-tela-roja-de-lujo","15":"product_tag-tela-tul-premium","16":"product_tag-telas-premium-paraguay","17":"product_tag-tul-alta-costura","18":"product_tag-tul-bordado-rojo","19":"product_tag-tul-bordado-vertical","20":"product_tag-tul-con-canutillos","21":"product_tag-tul-con-lentejuelas","22":"product_tag-tul-con-mostacillas","23":"product_tag-tul-con-pedreria-roja","24":"product_tag-tul-elegante","25":"product_tag-tul-para-quinceanera","26":"product_tag-tul-para-vestidos-de-gala","28":"first","29":"instock","30":"shipping-taxable","31":"purchasable","32":"product-type-simple"},"jetpack_sharing_enabled":true,"_links":{"self":[{"href":"https:\/\/lasederia.com.py\/en\/wp-json\/wp\/v2\/product\/1294","targetHints":{"allow":["GET"]}}],"collection":[{"href":"https:\/\/lasederia.com.py\/en\/wp-json\/wp\/v2\/product"}],"about":[{"href":"https:\/\/lasederia.com.py\/en\/wp-json\/wp\/v2\/types\/product"}],"replies":[{"embeddable":true,"href":"https:\/\/lasederia.com.py\/en\/wp-json\/wp\/v2\/comments?post=1294"}],"wp:featuredmedia":[{"embeddable":true,"href":"https:\/\/lasederia.com.py\/en\/wp-json\/wp\/v2\/media\/1295"}],"wp:attachment":[{"href":"https:\/\/lasederia.com.py\/en\/wp-json\/wp\/v2\/media?parent=1294"}],"wp:term":[{"taxonomy":"product_brand","embeddable":true,"href":"https:\/\/lasederia.com.py\/en\/wp-json\/wp\/v2\/product_brand?post=1294"},{"taxonomy":"product_cat","embeddable":true,"href":"https:\/\/lasederia.com.py\/en\/wp-json\/wp\/v2\/product_cat?post=1294"},{"taxonomy":"product_tag","embeddable":true,"href":"https:\/\/lasederia.com.py\/en\/wp-json\/wp\/v2\/product_tag?post=1294"}],"curies":[{"name":"wp","href":"https:\/\/api.w.org\/{rel}","templated":true}]}}