{"id":1288,"date":"2026-02-26T14:54:10","date_gmt":"2026-02-26T14:54:10","guid":{"rendered":"https:\/\/lasederia.com.py\/?post_type=product&#038;p=1288"},"modified":"2026-04-20T20:13:18","modified_gmt":"2026-04-20T20:13:18","slug":"tul-bordado-plateado-efecto-cascada","status":"publish","type":"product","link":"https:\/\/lasederia.com.py\/en\/product\/tul-bordado-plateado-efecto-cascada\/","title":{"rendered":"Tul Bordado Plateado Efecto Cascada"},"content":{"rendered":"<p data-start=\"275\" data-end=\"312\">Tul Bordado Plateado Efecto Cascada, bordado con mostacillas, canutillos y lentejuelas plateadas formando un dise\u00f1o vegetal vertical con efecto cascada. Su patr\u00f3n estilizado aporta movimiento, brillo sutil y una textura tridimensional elegante.<\/p>\n<p data-start=\"644\" data-end=\"885\">El bordado combina l\u00edneas fluidas con aplicaciones distribuidas estrat\u00e9gicamente, logrando un acabado sofisticado sin exceso de densidad.<\/p>","protected":false},"excerpt":{"rendered":"<p>Tul Bordado Plateado Efecto Cascada, bordado con mostacillas, canutillos y lentejuelas plateadas formando un dise\u00f1o vegetal vertical con efecto cascada. Su patr\u00f3n estilizado aporta movimiento, brillo sutil y una textura tridimensional elegante. El bordado combina l\u00edneas fluidas con aplicaciones distribuidas estrat\u00e9gicamente, logrando un acabado sofisticado sin exceso de densidad.<\/p>","protected":false},"featured_media":1289,"comment_status":"open","ping_status":"closed","template":"","meta":[],"product_brand":[],"product_cat":[19,31],"product_tag":[503,492,466,502,498,476,496,456,455,467,453,501,493,486,449,448,447,113,485,473,482],"class_list":{"0":"post-1288","1":"product","2":"type-product","3":"status-publish","4":"has-post-thumbnail","6":"product_cat-the-bridal-edit","7":"product_cat-tul-bordado-colores","8":"product_tag-beaded-tulle-fabric","9":"product_tag-couture-fabric","10":"product_tag-luxury-fabric-paraguay","11":"product_tag-silver-embroidered-tulle","12":"product_tag-tela-bridal-moderna","13":"product_tag-tela-con-brillo-sutil","14":"product_tag-tela-con-pedreria-plateada","15":"product_tag-tela-para-vestidos-de-fiesta","16":"product_tag-tela-tul-premium","17":"product_tag-telas-premium-paraguay","18":"product_tag-tul-alta-costura","19":"product_tag-tul-bordado-efecto-cascada","20":"product_tag-tul-bordado-plateado","21":"product_tag-tul-bordado-vertical","22":"product_tag-tul-con-canutillos","23":"product_tag-tul-con-lentejuelas","24":"product_tag-tul-con-mostacillas","25":"product_tag-tul-elegante","26":"product_tag-tul-para-gala","27":"product_tag-tul-para-vestidos-de-novia","28":"product_tag-wedding-dress-fabric","30":"first","31":"instock","32":"shipping-taxable","33":"purchasable","34":"product-type-simple"},"jetpack_sharing_enabled":true,"_links":{"self":[{"href":"https:\/\/lasederia.com.py\/en\/wp-json\/wp\/v2\/product\/1288","targetHints":{"allow":["GET"]}}],"collection":[{"href":"https:\/\/lasederia.com.py\/en\/wp-json\/wp\/v2\/product"}],"about":[{"href":"https:\/\/lasederia.com.py\/en\/wp-json\/wp\/v2\/types\/product"}],"replies":[{"embeddable":true,"href":"https:\/\/lasederia.com.py\/en\/wp-json\/wp\/v2\/comments?post=1288"}],"wp:featuredmedia":[{"embeddable":true,"href":"https:\/\/lasederia.com.py\/en\/wp-json\/wp\/v2\/media\/1289"}],"wp:attachment":[{"href":"https:\/\/lasederia.com.py\/en\/wp-json\/wp\/v2\/media?parent=1288"}],"wp:term":[{"taxonomy":"product_brand","embeddable":true,"href":"https:\/\/lasederia.com.py\/en\/wp-json\/wp\/v2\/product_brand?post=1288"},{"taxonomy":"product_cat","embeddable":true,"href":"https:\/\/lasederia.com.py\/en\/wp-json\/wp\/v2\/product_cat?post=1288"},{"taxonomy":"product_tag","embeddable":true,"href":"https:\/\/lasederia.com.py\/en\/wp-json\/wp\/v2\/product_tag?post=1288"}],"curies":[{"name":"wp","href":"https:\/\/api.w.org\/{rel}","templated":true}]}}