{"id":1281,"date":"2026-02-26T14:51:32","date_gmt":"2026-02-26T14:51:32","guid":{"rendered":"https:\/\/lasederia.com.py\/?post_type=product&#038;p=1281"},"modified":"2026-04-20T20:13:30","modified_gmt":"2026-04-20T20:13:30","slug":"tul-bordado-con-pedreria-y-perlas-plateadas","status":"publish","type":"product","link":"https:\/\/lasederia.com.py\/en\/product\/tul-bordado-con-pedreria-y-perlas-plateadas\/","title":{"rendered":"Tul Bordado con Pedrer\u00eda y Perlas Plateadas"},"content":{"rendered":"<p data-start=\"294\" data-end=\"339\">Tul Bordado con Pedrer\u00eda y Perlas Plateadas, bordado con mostacillas, canutillos, lentejuelas y perlas en acabado plateado y gris humo. Su dise\u00f1o vegetal vertical estiliza la silueta y genera un efecto elegante, moderno y sofisticado.<\/p>\n<p data-start=\"653\" data-end=\"865\">La combinaci\u00f3n de pedrer\u00eda en tonos fr\u00edos aporta brillo sutil y textura tridimensional, logrando un acabado de alta costura<\/p>","protected":false},"excerpt":{"rendered":"<p>Tul Bordado con Pedrer\u00eda y Perlas Plateadas, bordado con mostacillas, canutillos, lentejuelas y perlas en acabado plateado y gris humo. Su dise\u00f1o vegetal vertical estiliza la silueta y genera un efecto elegante, moderno y sofisticado. La combinaci\u00f3n de pedrer\u00eda en tonos fr\u00edos aporta brillo sutil y textura tridimensional, logrando un acabado de alta costura<\/p>","protected":false},"featured_media":1282,"comment_status":"open","ping_status":"closed","template":"","meta":[],"product_brand":[],"product_cat":[19,31],"product_tag":[492,466,500,499,498,496,497,460,456,455,467,453,493,486,449,448,447,494,495,113,485,473,482],"class_list":{"0":"post-1281","1":"product","2":"type-product","3":"status-publish","4":"has-post-thumbnail","6":"product_cat-the-bridal-edit","7":"product_cat-tul-bordado-colores","8":"product_tag-couture-fabric","9":"product_tag-luxury-fabric-paraguay","10":"product_tag-pearl-embroidered-tulle","11":"product_tag-silver-beaded-tulle","12":"product_tag-tela-bridal-moderna","13":"product_tag-tela-con-pedreria-plateada","14":"product_tag-tela-con-perlas-gris-humo","15":"product_tag-tela-de-lujo","16":"product_tag-tela-para-vestidos-de-fiesta","17":"product_tag-tela-tul-premium","18":"product_tag-telas-premium-paraguay","19":"product_tag-tul-alta-costura","20":"product_tag-tul-bordado-plateado","21":"product_tag-tul-bordado-vertical","22":"product_tag-tul-con-canutillos","23":"product_tag-tul-con-lentejuelas","24":"product_tag-tul-con-mostacillas","25":"product_tag-tul-con-pedreria-plateada","26":"product_tag-tul-con-perlas-plateadas","27":"product_tag-tul-elegante","28":"product_tag-tul-para-gala","29":"product_tag-tul-para-vestidos-de-novia","30":"product_tag-wedding-dress-fabric","32":"first","33":"instock","34":"shipping-taxable","35":"purchasable","36":"product-type-simple"},"jetpack_sharing_enabled":true,"_links":{"self":[{"href":"https:\/\/lasederia.com.py\/en\/wp-json\/wp\/v2\/product\/1281","targetHints":{"allow":["GET"]}}],"collection":[{"href":"https:\/\/lasederia.com.py\/en\/wp-json\/wp\/v2\/product"}],"about":[{"href":"https:\/\/lasederia.com.py\/en\/wp-json\/wp\/v2\/types\/product"}],"replies":[{"embeddable":true,"href":"https:\/\/lasederia.com.py\/en\/wp-json\/wp\/v2\/comments?post=1281"}],"wp:featuredmedia":[{"embeddable":true,"href":"https:\/\/lasederia.com.py\/en\/wp-json\/wp\/v2\/media\/1282"}],"wp:attachment":[{"href":"https:\/\/lasederia.com.py\/en\/wp-json\/wp\/v2\/media?parent=1281"}],"wp:term":[{"taxonomy":"product_brand","embeddable":true,"href":"https:\/\/lasederia.com.py\/en\/wp-json\/wp\/v2\/product_brand?post=1281"},{"taxonomy":"product_cat","embeddable":true,"href":"https:\/\/lasederia.com.py\/en\/wp-json\/wp\/v2\/product_cat?post=1281"},{"taxonomy":"product_tag","embeddable":true,"href":"https:\/\/lasederia.com.py\/en\/wp-json\/wp\/v2\/product_tag?post=1281"}],"curies":[{"name":"wp","href":"https:\/\/api.w.org\/{rel}","templated":true}]}}