{"id":1275,"date":"2026-02-26T14:47:22","date_gmt":"2026-02-26T14:47:22","guid":{"rendered":"https:\/\/lasederia.com.py\/?post_type=product&#038;p=1275"},"modified":"2026-02-26T14:47:22","modified_gmt":"2026-02-26T14:47:22","slug":"tul-bordado-con-pedreria-y-perlas-doradas","status":"publish","type":"product","link":"https:\/\/lasederia.com.py\/en\/product\/tul-bordado-con-pedreria-y-perlas-doradas\/","title":{"rendered":"Tul Bordado con Pedrer\u00eda y Perlas Doradas"},"content":{"rendered":"<p>Tul Bordado con Pedrer\u00eda y Perlas Doradas, en tono blanco con bordado vegetal vertical elaborado con mostacillas, canutillos, lentejuelas y delicadas perlas doradas aplicadas artesanalmente. Su dise\u00f1o org\u00e1nico estiliza la silueta gracias a su patr\u00f3n en ca\u00edda vertical, generando un efecto elegante y sofisticado.<\/p>\n<p data-start=\"736\" data-end=\"939\">La combinaci\u00f3n de pedrer\u00eda y brillo met\u00e1lico aporta textura tridimensional y un acabado de alta costura.<\/p>","protected":false},"excerpt":{"rendered":"<p>Tul Bordado con Pedrer\u00eda y Perlas Doradas, en tono blanco con bordado vegetal vertical elaborado con mostacillas, canutillos, lentejuelas y delicadas perlas doradas aplicadas artesanalmente. Su dise\u00f1o org\u00e1nico estiliza la silueta gracias a su patr\u00f3n en ca\u00edda vertical, generando un efecto elegante y sofisticado. La combinaci\u00f3n de pedrer\u00eda y brillo met\u00e1lico aporta textura tridimensional y un acabado de alta costura.<\/p>","protected":false},"featured_media":1276,"comment_status":"open","ping_status":"closed","template":"","meta":[],"product_brand":[],"product_cat":[31],"product_tag":[490,492,491,466,489,487,488,460,456,455,467,453,108,486,449,448,447,483,484,113,485,473,482],"class_list":{"0":"post-1275","1":"product","2":"type-product","3":"status-publish","4":"has-post-thumbnail","6":"product_cat-tul-bordado-colores","7":"product_tag-beaded-pearl-tulle","8":"product_tag-couture-fabric","9":"product_tag-luxury-embroidered-tulle","10":"product_tag-luxury-fabric-paraguay","11":"product_tag-tela-bridal-premium","12":"product_tag-tela-con-pedreria-dorada","13":"product_tag-tela-con-perlas","14":"product_tag-tela-de-lujo","15":"product_tag-tela-para-vestidos-de-fiesta","16":"product_tag-tela-tul-premium","17":"product_tag-telas-premium-paraguay","18":"product_tag-tul-alta-costura","19":"product_tag-tul-bordado-con-pedreria","20":"product_tag-tul-bordado-vertical","21":"product_tag-tul-con-canutillos","22":"product_tag-tul-con-lentejuelas","23":"product_tag-tul-con-mostacillas","24":"product_tag-tul-con-perlas","25":"product_tag-tul-dorado-bordado","26":"product_tag-tul-elegante","27":"product_tag-tul-para-gala","28":"product_tag-tul-para-vestidos-de-novia","29":"product_tag-wedding-dress-fabric","31":"first","32":"instock","33":"shipping-taxable","34":"purchasable","35":"product-type-simple"},"jetpack_sharing_enabled":true,"_links":{"self":[{"href":"https:\/\/lasederia.com.py\/en\/wp-json\/wp\/v2\/product\/1275","targetHints":{"allow":["GET"]}}],"collection":[{"href":"https:\/\/lasederia.com.py\/en\/wp-json\/wp\/v2\/product"}],"about":[{"href":"https:\/\/lasederia.com.py\/en\/wp-json\/wp\/v2\/types\/product"}],"replies":[{"embeddable":true,"href":"https:\/\/lasederia.com.py\/en\/wp-json\/wp\/v2\/comments?post=1275"}],"wp:featuredmedia":[{"embeddable":true,"href":"https:\/\/lasederia.com.py\/en\/wp-json\/wp\/v2\/media\/1276"}],"wp:attachment":[{"href":"https:\/\/lasederia.com.py\/en\/wp-json\/wp\/v2\/media?parent=1275"}],"wp:term":[{"taxonomy":"product_brand","embeddable":true,"href":"https:\/\/lasederia.com.py\/en\/wp-json\/wp\/v2\/product_brand?post=1275"},{"taxonomy":"product_cat","embeddable":true,"href":"https:\/\/lasederia.com.py\/en\/wp-json\/wp\/v2\/product_cat?post=1275"},{"taxonomy":"product_tag","embeddable":true,"href":"https:\/\/lasederia.com.py\/en\/wp-json\/wp\/v2\/product_tag?post=1275"}],"curies":[{"name":"wp","href":"https:\/\/api.w.org\/{rel}","templated":true}]}}