{"id":1269,"date":"2026-02-26T14:43:01","date_gmt":"2026-02-26T14:43:01","guid":{"rendered":"https:\/\/lasederia.com.py\/?post_type=product&#038;p=1269"},"modified":"2026-02-26T14:43:01","modified_gmt":"2026-02-26T14:43:01","slug":"tul-bordado-floral-con-lentejuelas","status":"publish","type":"product","link":"https:\/\/lasederia.com.py\/en\/product\/tul-bordado-floral-con-lentejuelas\/","title":{"rendered":"Tul Bordado Floral con Lentejuelas"},"content":{"rendered":"<p>Tul Bordado Floral con Lentejuelas, bordado en hilo champagne y delicadas lentejuelas blancas distribuidas estrat\u00e9gicamente para aportar brillo sutil y sofisticado. Su dise\u00f1o org\u00e1nico de flores amplias genera movimiento, textura y un efecto et\u00e9reo ideal para piezas rom\u00e1nticas.<\/p>","protected":false},"excerpt":{"rendered":"<p>Tul Bordado Floral con Lentejuelas, bordado en hilo champagne y delicadas lentejuelas blancas distribuidas estrat\u00e9gicamente para aportar brillo sutil y sofisticado. Su dise\u00f1o org\u00e1nico de flores amplias genera movimiento, textura y un efecto et\u00e9reo ideal para piezas rom\u00e1nticas.<\/p>","protected":false},"featured_media":1270,"comment_status":"open","ping_status":"closed","template":"","meta":[],"product_brand":[],"product_cat":[31],"product_tag":[479,480,481,466,475,476,298,477,478,455,467,471,474,101,448,470,469,468,123,473,472,482],"class_list":{"0":"post-1269","1":"product","2":"type-product","3":"status-publish","4":"has-post-thumbnail","6":"product_cat-tul-bordado-colores","7":"product_tag-bridal-tulle-fabric","8":"product_tag-floral-embroidered-tulle","9":"product_tag-ivory-sequin-tulle","10":"product_tag-luxury-fabric-paraguay","11":"product_tag-tela-bordada-floral","12":"product_tag-tela-con-brillo-sutil","13":"product_tag-tela-elegante","14":"product_tag-tela-para-alta-costura","15":"product_tag-tela-para-quinceanera","16":"product_tag-tela-tul-premium","17":"product_tag-telas-premium-paraguay","18":"product_tag-tul-bordado-blanco","19":"product_tag-tul-bordado-delicado","20":"product_tag-tul-bordado-floral","21":"product_tag-tul-con-lentejuelas","22":"product_tag-tul-ivory","23":"product_tag-tul-marfil","24":"product_tag-tul-novia","25":"product_tag-tul-para-fiesta","26":"product_tag-tul-para-vestidos-de-novia","27":"product_tag-tul-romantico","28":"product_tag-wedding-dress-fabric","30":"first","31":"instock","32":"shipping-taxable","33":"purchasable","34":"product-type-simple"},"jetpack_sharing_enabled":true,"_links":{"self":[{"href":"https:\/\/lasederia.com.py\/en\/wp-json\/wp\/v2\/product\/1269","targetHints":{"allow":["GET"]}}],"collection":[{"href":"https:\/\/lasederia.com.py\/en\/wp-json\/wp\/v2\/product"}],"about":[{"href":"https:\/\/lasederia.com.py\/en\/wp-json\/wp\/v2\/types\/product"}],"replies":[{"embeddable":true,"href":"https:\/\/lasederia.com.py\/en\/wp-json\/wp\/v2\/comments?post=1269"}],"wp:featuredmedia":[{"embeddable":true,"href":"https:\/\/lasederia.com.py\/en\/wp-json\/wp\/v2\/media\/1270"}],"wp:attachment":[{"href":"https:\/\/lasederia.com.py\/en\/wp-json\/wp\/v2\/media?parent=1269"}],"wp:term":[{"taxonomy":"product_brand","embeddable":true,"href":"https:\/\/lasederia.com.py\/en\/wp-json\/wp\/v2\/product_brand?post=1269"},{"taxonomy":"product_cat","embeddable":true,"href":"https:\/\/lasederia.com.py\/en\/wp-json\/wp\/v2\/product_cat?post=1269"},{"taxonomy":"product_tag","embeddable":true,"href":"https:\/\/lasederia.com.py\/en\/wp-json\/wp\/v2\/product_tag?post=1269"}],"curies":[{"name":"wp","href":"https:\/\/api.w.org\/{rel}","templated":true}]}}