{"id":1252,"date":"2026-02-09T22:18:58","date_gmt":"2026-02-09T22:18:58","guid":{"rendered":"https:\/\/lasederia.com.py\/?post_type=product&#038;p=1252"},"modified":"2026-02-12T22:44:24","modified_gmt":"2026-02-12T22:44:24","slug":"hilo-estampado-jardin-nocturno","status":"publish","type":"product","link":"https:\/\/lasederia.com.py\/en\/product\/hilo-estampado-jardin-nocturno\/","title":{"rendered":"Hilo Estampado Jard\u00edn Nocturno"},"content":{"rendered":"<p data-start=\"194\" data-end=\"228\">Hilo Estampado Jard\u00edn Nocturno, de gran escala sobre fondo azul profundo, con una composici\u00f3n rica en flores ilustradas, detalles bot\u00e1nicos y capas gr\u00e1ficas sutiles que le aportan profundidad y car\u00e1cter.<\/p>","protected":false},"excerpt":{"rendered":"<p>Hilo Estampado Jard\u00edn Nocturno, de gran escala sobre fondo azul profundo, con una composici\u00f3n rica en flores ilustradas, detalles bot\u00e1nicos y capas gr\u00e1ficas sutiles que le aportan profundidad y car\u00e1cter.<\/p>","protected":false},"featured_media":1253,"comment_status":"open","ping_status":"closed","template":"","meta":[],"product_brand":[],"product_cat":[27],"product_tag":[445,222,444,292,300,439,422,437,426,302,438,440,384,144,443,446,441,234,235,233,355,442,238],"class_list":{"0":"post-1252","1":"product","2":"type-product","3":"status-publish","4":"has-post-thumbnail","6":"product_cat-hilo-estampado","7":"product_tag-asuncion","8":"product_tag-botanical-print","9":"product_tag-diseno-textil","10":"product_tag-estampado-botanico","11":"product_tag-estampado-floral","12":"product_tag-floral-artistico","13":"product_tag-floral-azul","14":"product_tag-floral-azul-marino","15":"product_tag-floral-elegante","16":"product_tag-floral-oscuro","17":"product_tag-floral-sofisticado","18":"product_tag-floral-vintage","19":"product_tag-flores-grandes","20":"product_tag-moda-femenina","21":"product_tag-moda-otono-invierno","22":"product_tag-paraguay","23":"product_tag-print-floral","24":"product_tag-tela-para-blusas","25":"product_tag-tela-para-camisas","26":"product_tag-tela-para-vestidos","27":"product_tag-telas-estampadas","28":"product_tag-telas-florales","29":"product_tag-telas-importadas","31":"first","32":"instock","33":"shipping-taxable","34":"purchasable","35":"product-type-simple"},"jetpack_sharing_enabled":true,"_links":{"self":[{"href":"https:\/\/lasederia.com.py\/en\/wp-json\/wp\/v2\/product\/1252","targetHints":{"allow":["GET"]}}],"collection":[{"href":"https:\/\/lasederia.com.py\/en\/wp-json\/wp\/v2\/product"}],"about":[{"href":"https:\/\/lasederia.com.py\/en\/wp-json\/wp\/v2\/types\/product"}],"replies":[{"embeddable":true,"href":"https:\/\/lasederia.com.py\/en\/wp-json\/wp\/v2\/comments?post=1252"}],"wp:featuredmedia":[{"embeddable":true,"href":"https:\/\/lasederia.com.py\/en\/wp-json\/wp\/v2\/media\/1253"}],"wp:attachment":[{"href":"https:\/\/lasederia.com.py\/en\/wp-json\/wp\/v2\/media?parent=1252"}],"wp:term":[{"taxonomy":"product_brand","embeddable":true,"href":"https:\/\/lasederia.com.py\/en\/wp-json\/wp\/v2\/product_brand?post=1252"},{"taxonomy":"product_cat","embeddable":true,"href":"https:\/\/lasederia.com.py\/en\/wp-json\/wp\/v2\/product_cat?post=1252"},{"taxonomy":"product_tag","embeddable":true,"href":"https:\/\/lasederia.com.py\/en\/wp-json\/wp\/v2\/product_tag?post=1252"}],"curies":[{"name":"wp","href":"https:\/\/api.w.org\/{rel}","templated":true}]}}