{"id":1247,"date":"2026-02-09T22:16:16","date_gmt":"2026-02-09T22:16:16","guid":{"rendered":"https:\/\/lasederia.com.py\/?post_type=product&#038;p=1247"},"modified":"2026-02-12T22:44:10","modified_gmt":"2026-02-12T22:44:10","slug":"hilos-estampado-safari","status":"publish","type":"product","link":"https:\/\/lasederia.com.py\/en\/product\/hilos-estampado-safari\/","title":{"rendered":"Hilo Estampado Safari"},"content":{"rendered":"<p>Hilos Estampado Safari, con dise\u00f1o ilustrado de inspiraci\u00f3n safari, que combina animales ex\u00f3ticos como jirafas y cebras con flores tropicales, hojas y follajes sobre fondo azul profundo. La composici\u00f3n equilibra lo l\u00fadico con lo elegante, logrando un estampado original, din\u00e1mico y lleno de car\u00e1cter.<\/p>","protected":false},"excerpt":{"rendered":"<p>Hilos Estampado Safari, con dise\u00f1o ilustrado de inspiraci\u00f3n safari, que combina animales ex\u00f3ticos como jirafas y cebras con flores tropicales, hojas y follajes sobre fondo azul profundo. La composici\u00f3n equilibra lo l\u00fadico con lo elegante, logrando un estampado original, din\u00e1mico y lleno de car\u00e1cter.<\/p>","protected":false},"featured_media":1249,"comment_status":"open","ping_status":"closed","template":"","meta":[],"product_brand":[],"product_cat":[27],"product_tag":[431,151,146,161,433,398,200,436,281,435,429,390,434,341,208,391,432,144,410,430,209,230,395,367,145],"class_list":{"0":"post-1247","1":"product","2":"type-product","3":"status-publish","4":"has-post-thumbnail","6":"product_cat-hilo-estampado","7":"product_tag-animales-estampados","8":"product_tag-azul-marino","9":"product_tag-blusas","10":"product_tag-camisas","11":"product_tag-cebras","12":"product_tag-conjuntos","13":"product_tag-costura-creativa","14":"product_tag-diseno-divertido","15":"product_tag-estampado-ilustrado","16":"product_tag-estampado-original","17":"product_tag-estampado-safari","18":"product_tag-flores-tropicales","19":"product_tag-fondo-azul","20":"product_tag-hilos-estampado","21":"product_tag-hilos-estampados","22":"product_tag-hojas-tropicales","23":"product_tag-jirafas","24":"product_tag-moda-femenina","25":"product_tag-pijamas","26":"product_tag-safari-botanico","27":"product_tag-tela-estampada","28":"product_tag-tela-liviana","29":"product_tag-tela-llamativa","30":"product_tag-textil-estampado","31":"product_tag-vestidos","33":"first","34":"instock","35":"shipping-taxable","36":"purchasable","37":"product-type-simple"},"jetpack_sharing_enabled":true,"_links":{"self":[{"href":"https:\/\/lasederia.com.py\/en\/wp-json\/wp\/v2\/product\/1247","targetHints":{"allow":["GET"]}}],"collection":[{"href":"https:\/\/lasederia.com.py\/en\/wp-json\/wp\/v2\/product"}],"about":[{"href":"https:\/\/lasederia.com.py\/en\/wp-json\/wp\/v2\/types\/product"}],"replies":[{"embeddable":true,"href":"https:\/\/lasederia.com.py\/en\/wp-json\/wp\/v2\/comments?post=1247"}],"wp:featuredmedia":[{"embeddable":true,"href":"https:\/\/lasederia.com.py\/en\/wp-json\/wp\/v2\/media\/1249"}],"wp:attachment":[{"href":"https:\/\/lasederia.com.py\/en\/wp-json\/wp\/v2\/media?parent=1247"}],"wp:term":[{"taxonomy":"product_brand","embeddable":true,"href":"https:\/\/lasederia.com.py\/en\/wp-json\/wp\/v2\/product_brand?post=1247"},{"taxonomy":"product_cat","embeddable":true,"href":"https:\/\/lasederia.com.py\/en\/wp-json\/wp\/v2\/product_cat?post=1247"},{"taxonomy":"product_tag","embeddable":true,"href":"https:\/\/lasederia.com.py\/en\/wp-json\/wp\/v2\/product_tag?post=1247"}],"curies":[{"name":"wp","href":"https:\/\/api.w.org\/{rel}","templated":true}]}}