{"id":1242,"date":"2026-02-09T22:14:02","date_gmt":"2026-02-09T22:14:02","guid":{"rendered":"https:\/\/lasederia.com.py\/?post_type=product&#038;p=1242"},"modified":"2026-02-12T22:43:59","modified_gmt":"2026-02-12T22:43:59","slug":"hilos-estampado-flores-azules","status":"publish","type":"product","link":"https:\/\/lasederia.com.py\/en\/product\/hilos-estampado-flores-azules\/","title":{"rendered":"Hilo Estampado Flores Azules"},"content":{"rendered":"<p>Hilos Estampado Flores Azules, con dise\u00f1o floral delicado en tonos azules, celestes y blancos, trabajado con efecto acuarela sobre fondo claro. El estampado combina flores peque\u00f1as y medianas con trazos suaves y org\u00e1nicos, logrando una est\u00e9tica fresca, arm\u00f3nica y atemporal.<\/p>","protected":false},"excerpt":{"rendered":"<p>Hilos Estampado Flores Azules, con dise\u00f1o floral delicado en tonos azules, celestes y blancos, trabajado con efecto acuarela sobre fondo claro. El estampado combina flores peque\u00f1as y medianas con trazos suaves y org\u00e1nicos, logrando una est\u00e9tica fresca, arm\u00f3nica y atemporal.<\/p>","protected":false},"featured_media":1244,"comment_status":"open","ping_status":"closed","template":"","meta":[],"product_brand":[],"product_cat":[27],"product_tag":[425,146,161,200,157,428,408,300,147,424,422,426,423,320,341,208,144,427,209,230,367,416,145],"class_list":{"0":"post-1242","1":"product","2":"type-product","3":"status-publish","4":"has-post-thumbnail","6":"product_cat-hilo-estampado","7":"product_tag-azul-y-blanco","8":"product_tag-blusas","9":"product_tag-camisas","10":"product_tag-costura-creativa","11":"product_tag-diseno-clasico","12":"product_tag-estampado-atemporal","13":"product_tag-estampado-delicado","14":"product_tag-estampado-floral","15":"product_tag-faldas","16":"product_tag-floral-acuarela","17":"product_tag-floral-azul","18":"product_tag-floral-elegante","19":"product_tag-flores-azules","20":"product_tag-fondo-claro","21":"product_tag-hilos-estampado","22":"product_tag-hilos-estampados","23":"product_tag-moda-femenina","24":"product_tag-prendas-frescas","25":"product_tag-tela-estampada","26":"product_tag-tela-liviana","27":"product_tag-textil-estampado","28":"product_tag-tonos-azules","29":"product_tag-vestidos","31":"first","32":"instock","33":"shipping-taxable","34":"purchasable","35":"product-type-simple"},"jetpack_sharing_enabled":true,"_links":{"self":[{"href":"https:\/\/lasederia.com.py\/en\/wp-json\/wp\/v2\/product\/1242","targetHints":{"allow":["GET"]}}],"collection":[{"href":"https:\/\/lasederia.com.py\/en\/wp-json\/wp\/v2\/product"}],"about":[{"href":"https:\/\/lasederia.com.py\/en\/wp-json\/wp\/v2\/types\/product"}],"replies":[{"embeddable":true,"href":"https:\/\/lasederia.com.py\/en\/wp-json\/wp\/v2\/comments?post=1242"}],"wp:featuredmedia":[{"embeddable":true,"href":"https:\/\/lasederia.com.py\/en\/wp-json\/wp\/v2\/media\/1244"}],"wp:attachment":[{"href":"https:\/\/lasederia.com.py\/en\/wp-json\/wp\/v2\/media?parent=1242"}],"wp:term":[{"taxonomy":"product_brand","embeddable":true,"href":"https:\/\/lasederia.com.py\/en\/wp-json\/wp\/v2\/product_brand?post=1242"},{"taxonomy":"product_cat","embeddable":true,"href":"https:\/\/lasederia.com.py\/en\/wp-json\/wp\/v2\/product_cat?post=1242"},{"taxonomy":"product_tag","embeddable":true,"href":"https:\/\/lasederia.com.py\/en\/wp-json\/wp\/v2\/product_tag?post=1242"}],"curies":[{"name":"wp","href":"https:\/\/api.w.org\/{rel}","templated":true}]}}