{"id":1237,"date":"2026-02-09T22:11:58","date_gmt":"2026-02-09T22:11:58","guid":{"rendered":"https:\/\/lasederia.com.py\/?post_type=product&#038;p=1237"},"modified":"2026-02-12T22:43:47","modified_gmt":"2026-02-12T22:43:47","slug":"hilos-estampado-acuarela-azul","status":"publish","type":"product","link":"https:\/\/lasederia.com.py\/en\/product\/hilos-estampado-acuarela-azul\/","title":{"rendered":"Hilo Estampado Acuarela Azul"},"content":{"rendered":"<p>Hilos Estampado Acuarela Azul, con dise\u00f1o abstracto de inspiraci\u00f3n acuarela, donde predominan pinceladas org\u00e1nicas en tonos azules, celestes, mostaza y verdes suaves sobre fondo claro. El estampado evoca movimiento, frescura y una est\u00e9tica art\u00edstica contempor\u00e1nea, con capas de color que generan profundidad y dinamismo visual.<\/p>","protected":false},"excerpt":{"rendered":"<p>Hilos Estampado Acuarela Azul, con dise\u00f1o abstracto de inspiraci\u00f3n acuarela, donde predominan pinceladas org\u00e1nicas en tonos azules, celestes, mostaza y verdes suaves sobre fondo claro. El estampado evoca movimiento, frescura y una est\u00e9tica art\u00edstica contempor\u00e1nea, con capas de color que generan profundidad y dinamismo visual.<\/p>","protected":false},"featured_media":1238,"comment_status":"open","ping_status":"closed","template":"","meta":[],"product_brand":[],"product_cat":[27],"product_tag":[415,417,146,161,200,288,227,282,414,394,418,320,341,208,144,420,209,419,230,421,416,190,145],"class_list":{"0":"post-1237","1":"product","2":"type-product","3":"status-publish","4":"has-post-thumbnail","6":"product_cat-hilo-estampado","7":"product_tag-acuarela-abstracta","8":"product_tag-azul-y-mostaza","9":"product_tag-blusas","10":"product_tag-camisas","11":"product_tag-costura-creativa","12":"product_tag-diseno-contemporaneo","13":"product_tag-diseno-pictorico","14":"product_tag-estampado-abstracto","15":"product_tag-estampado-acuarela","16":"product_tag-estampado-artistico","17":"product_tag-estampado-moderno","18":"product_tag-fondo-claro","19":"product_tag-hilos-estampado","20":"product_tag-hilos-estampados","21":"product_tag-moda-femenina","22":"product_tag-prendas-amplias","23":"product_tag-tela-estampada","24":"product_tag-tela-fluida","25":"product_tag-tela-liviana","26":"product_tag-textil-artistico","27":"product_tag-tonos-azules","28":"product_tag-tunicas","29":"product_tag-vestidos","31":"first","32":"instock","33":"shipping-taxable","34":"purchasable","35":"product-type-simple"},"jetpack_sharing_enabled":true,"_links":{"self":[{"href":"https:\/\/lasederia.com.py\/en\/wp-json\/wp\/v2\/product\/1237","targetHints":{"allow":["GET"]}}],"collection":[{"href":"https:\/\/lasederia.com.py\/en\/wp-json\/wp\/v2\/product"}],"about":[{"href":"https:\/\/lasederia.com.py\/en\/wp-json\/wp\/v2\/types\/product"}],"replies":[{"embeddable":true,"href":"https:\/\/lasederia.com.py\/en\/wp-json\/wp\/v2\/comments?post=1237"}],"wp:featuredmedia":[{"embeddable":true,"href":"https:\/\/lasederia.com.py\/en\/wp-json\/wp\/v2\/media\/1238"}],"wp:attachment":[{"href":"https:\/\/lasederia.com.py\/en\/wp-json\/wp\/v2\/media?parent=1237"}],"wp:term":[{"taxonomy":"product_brand","embeddable":true,"href":"https:\/\/lasederia.com.py\/en\/wp-json\/wp\/v2\/product_brand?post=1237"},{"taxonomy":"product_cat","embeddable":true,"href":"https:\/\/lasederia.com.py\/en\/wp-json\/wp\/v2\/product_cat?post=1237"},{"taxonomy":"product_tag","embeddable":true,"href":"https:\/\/lasederia.com.py\/en\/wp-json\/wp\/v2\/product_tag?post=1237"}],"curies":[{"name":"wp","href":"https:\/\/api.w.org\/{rel}","templated":true}]}}