{"id":1233,"date":"2026-02-09T22:10:15","date_gmt":"2026-02-09T22:10:15","guid":{"rendered":"https:\/\/lasederia.com.py\/?post_type=product&#038;p=1233"},"modified":"2026-02-12T22:43:25","modified_gmt":"2026-02-12T22:43:25","slug":"hilos-estampado-hojas-minimal","status":"publish","type":"product","link":"https:\/\/lasederia.com.py\/en\/product\/hilos-estampado-hojas-minimal\/","title":{"rendered":"Hilo Estampado Hojas Minimal"},"content":{"rendered":"<p>Hilos Estampado Hojas Minimal, con dise\u00f1o repetido de hojas peque\u00f1as en blanco sobre fondo gris natural. El estampado es sutil, limpio y equilibrado, ideal para quienes buscan una est\u00e9tica neutra y atemporal.<\/p>","protected":false},"excerpt":{"rendered":"<p>Hilos Estampado Hojas Minimal, con dise\u00f1o repetido de hojas peque\u00f1as en blanco sobre fondo gris natural. El estampado es sutil, limpio y equilibrado, ideal para quienes buscan una est\u00e9tica neutra y atemporal.<\/p>","protected":false},"featured_media":1235,"comment_status":"open","ping_status":"closed","template":"","meta":[],"product_brand":[],"product_cat":[27],"product_tag":[405,146,406,161,200,411,399,408,400,402,403,404,341,208,401,144,409,410,412,209,230,407,413,145],"class_list":{"0":"post-1233","1":"product","2":"type-product","3":"status-publish","4":"has-post-thumbnail","6":"product_cat-hilo-estampado","7":"product_tag-blanco-y-gris","8":"product_tag-blusas","9":"product_tag-botanico-minimal","10":"product_tag-camisas","11":"product_tag-costura-creativa","12":"product_tag-deco-textil","13":"product_tag-diseno-botanico","14":"product_tag-estampado-delicado","15":"product_tag-estampado-hojas","16":"product_tag-estampado-minimal","17":"product_tag-estampado-neutro","18":"product_tag-fondo-gris","19":"product_tag-hilos-estampado","20":"product_tag-hilos-estampados","21":"product_tag-hojas-minimal","22":"product_tag-moda-femenina","23":"product_tag-moda-infantil","24":"product_tag-pijamas","25":"product_tag-ropa-de-hogar","26":"product_tag-tela-estampada","27":"product_tag-tela-liviana","28":"product_tag-tela-suave","29":"product_tag-textil-basico","30":"product_tag-vestidos","32":"first","33":"instock","34":"shipping-taxable","35":"purchasable","36":"product-type-simple"},"jetpack_sharing_enabled":true,"_links":{"self":[{"href":"https:\/\/lasederia.com.py\/en\/wp-json\/wp\/v2\/product\/1233","targetHints":{"allow":["GET"]}}],"collection":[{"href":"https:\/\/lasederia.com.py\/en\/wp-json\/wp\/v2\/product"}],"about":[{"href":"https:\/\/lasederia.com.py\/en\/wp-json\/wp\/v2\/types\/product"}],"replies":[{"embeddable":true,"href":"https:\/\/lasederia.com.py\/en\/wp-json\/wp\/v2\/comments?post=1233"}],"wp:featuredmedia":[{"embeddable":true,"href":"https:\/\/lasederia.com.py\/en\/wp-json\/wp\/v2\/media\/1235"}],"wp:attachment":[{"href":"https:\/\/lasederia.com.py\/en\/wp-json\/wp\/v2\/media?parent=1233"}],"wp:term":[{"taxonomy":"product_brand","embeddable":true,"href":"https:\/\/lasederia.com.py\/en\/wp-json\/wp\/v2\/product_brand?post=1233"},{"taxonomy":"product_cat","embeddable":true,"href":"https:\/\/lasederia.com.py\/en\/wp-json\/wp\/v2\/product_cat?post=1233"},{"taxonomy":"product_tag","embeddable":true,"href":"https:\/\/lasederia.com.py\/en\/wp-json\/wp\/v2\/product_tag?post=1233"}],"curies":[{"name":"wp","href":"https:\/\/api.w.org\/{rel}","templated":true}]}}