{"id":1228,"date":"2026-02-09T22:07:40","date_gmt":"2026-02-09T22:07:40","guid":{"rendered":"https:\/\/lasederia.com.py\/?post_type=product&#038;p=1228"},"modified":"2026-02-12T22:43:15","modified_gmt":"2026-02-12T22:43:15","slug":"hilos-estampado-botanica-tropical","status":"publish","type":"product","link":"https:\/\/lasederia.com.py\/en\/product\/hilos-estampado-botanica-tropical\/","title":{"rendered":"Hilo Estampado Bot\u00e1nica Tropical"},"content":{"rendered":"<p>Hilos Estampado Bot\u00e1nica Tropical, con dise\u00f1o bot\u00e1nico exuberante de inspiraci\u00f3n tropical, compuesto por flores, hojas y follajes en una paleta vibrante de verdes, fucsias, violetas, amarillos y tonos profundos sobre fondo claro. El estampado tiene un efecto ilustrado y art\u00edstico, con gran riqueza de detalle y movimiento visual.<\/p>","protected":false},"excerpt":{"rendered":"<p>Hilos Estampado Bot\u00e1nica Tropical, con dise\u00f1o bot\u00e1nico exuberante de inspiraci\u00f3n tropical, compuesto por flores, hojas y follajes en una paleta vibrante de verdes, fucsias, violetas, amarillos y tonos profundos sobre fondo claro. El estampado tiene un efecto ilustrado y art\u00edstico, con gran riqueza de detalle y movimiento visual.<\/p>","protected":false},"featured_media":1230,"comment_status":"open","ping_status":"closed","template":"","meta":[],"product_brand":[],"product_cat":[27],"product_tag":[146,161,398,200,399,394,292,392,393,389,390,320,341,208,391,397,144,270,209,230,395,396,367,145],"class_list":{"0":"post-1228","1":"product","2":"type-product","3":"status-publish","4":"has-post-thumbnail","6":"product_cat-hilo-estampado","7":"product_tag-blusas","8":"product_tag-camisas","9":"product_tag-conjuntos","10":"product_tag-costura-creativa","11":"product_tag-diseno-botanico","12":"product_tag-estampado-artistico","13":"product_tag-estampado-botanico","14":"product_tag-estampado-multicolor","15":"product_tag-floral-colorido","16":"product_tag-floral-tropical","17":"product_tag-flores-tropicales","18":"product_tag-fondo-claro","19":"product_tag-hilos-estampado","20":"product_tag-hilos-estampados","21":"product_tag-hojas-tropicales","22":"product_tag-kimonos","23":"product_tag-moda-femenina","24":"product_tag-tela-botanica","25":"product_tag-tela-estampada","26":"product_tag-tela-liviana","27":"product_tag-tela-llamativa","28":"product_tag-tela-protagonista","29":"product_tag-textil-estampado","30":"product_tag-vestidos","32":"first","33":"instock","34":"shipping-taxable","35":"purchasable","36":"product-type-simple"},"jetpack_sharing_enabled":true,"_links":{"self":[{"href":"https:\/\/lasederia.com.py\/en\/wp-json\/wp\/v2\/product\/1228","targetHints":{"allow":["GET"]}}],"collection":[{"href":"https:\/\/lasederia.com.py\/en\/wp-json\/wp\/v2\/product"}],"about":[{"href":"https:\/\/lasederia.com.py\/en\/wp-json\/wp\/v2\/types\/product"}],"replies":[{"embeddable":true,"href":"https:\/\/lasederia.com.py\/en\/wp-json\/wp\/v2\/comments?post=1228"}],"wp:featuredmedia":[{"embeddable":true,"href":"https:\/\/lasederia.com.py\/en\/wp-json\/wp\/v2\/media\/1230"}],"wp:attachment":[{"href":"https:\/\/lasederia.com.py\/en\/wp-json\/wp\/v2\/media?parent=1228"}],"wp:term":[{"taxonomy":"product_brand","embeddable":true,"href":"https:\/\/lasederia.com.py\/en\/wp-json\/wp\/v2\/product_brand?post=1228"},{"taxonomy":"product_cat","embeddable":true,"href":"https:\/\/lasederia.com.py\/en\/wp-json\/wp\/v2\/product_cat?post=1228"},{"taxonomy":"product_tag","embeddable":true,"href":"https:\/\/lasederia.com.py\/en\/wp-json\/wp\/v2\/product_tag?post=1228"}],"curies":[{"name":"wp","href":"https:\/\/api.w.org\/{rel}","templated":true}]}}