{"id":1213,"date":"2026-02-09T22:01:45","date_gmt":"2026-02-09T22:01:45","guid":{"rendered":"https:\/\/lasederia.com.py\/?post_type=product&#038;p=1213"},"modified":"2026-02-12T22:42:33","modified_gmt":"2026-02-12T22:42:33","slug":"hilos-estampado-flor-silvestre","status":"publish","type":"product","link":"https:\/\/lasederia.com.py\/en\/product\/hilos-estampado-flor-silvestre\/","title":{"rendered":"Hilo Estampado Flor Silvestre"},"content":{"rendered":"<p>Hilos Estampado Flor Silvestre, con dise\u00f1o floral silvestre de inspiraci\u00f3n bot\u00e1nica, en una paleta c\u00e1lida de tonos ocre, terracota y rosa empolvado sobre fondo claro. El dibujo combina flores abiertas y follaje delicado, logrando un equilibrio entre lo rom\u00e1ntico y lo artesanal.<\/p>","protected":false},"excerpt":{"rendered":"<p>Hilos Estampado Flor Silvestre, con dise\u00f1o floral silvestre de inspiraci\u00f3n bot\u00e1nica, en una paleta c\u00e1lida de tonos ocre, terracota y rosa empolvado sobre fondo claro. El dibujo combina flores abiertas y follaje delicado, logrando un equilibrio entre lo rom\u00e1ntico y lo artesanal.<\/p>","protected":false},"featured_media":1215,"comment_status":"open","ping_status":"closed","template":"","meta":[],"product_brand":[],"product_cat":[27],"product_tag":[146,161,200,366,292,300,147,360,362,361,358,359,320,365,341,208,144,364,316,209,216,230,315,363,367,145],"class_list":{"0":"post-1213","1":"product","2":"type-product","3":"status-publish","4":"has-post-thumbnail","6":"product_cat-hilo-estampado","7":"product_tag-blusas","8":"product_tag-camisas","9":"product_tag-costura-creativa","10":"product_tag-diseno-floral","11":"product_tag-estampado-botanico","12":"product_tag-estampado-floral","13":"product_tag-faldas","14":"product_tag-floral-ocre","15":"product_tag-floral-rosa","16":"product_tag-floral-terracota","17":"product_tag-flores-pequenas","18":"product_tag-flores-silvestres","19":"product_tag-fondo-claro","20":"product_tag-forreria","21":"product_tag-hilos-estampado","22":"product_tag-hilos-estampados","23":"product_tag-moda-femenina","24":"product_tag-panuelos","25":"product_tag-tela-delicada","26":"product_tag-tela-estampada","27":"product_tag-tela-floral","28":"product_tag-tela-liviana","29":"product_tag-tela-romantica","30":"product_tag-tela-vintage","31":"product_tag-textil-estampado","32":"product_tag-vestidos","34":"first","35":"instock","36":"shipping-taxable","37":"purchasable","38":"product-type-simple"},"jetpack_sharing_enabled":true,"_links":{"self":[{"href":"https:\/\/lasederia.com.py\/en\/wp-json\/wp\/v2\/product\/1213","targetHints":{"allow":["GET"]}}],"collection":[{"href":"https:\/\/lasederia.com.py\/en\/wp-json\/wp\/v2\/product"}],"about":[{"href":"https:\/\/lasederia.com.py\/en\/wp-json\/wp\/v2\/types\/product"}],"replies":[{"embeddable":true,"href":"https:\/\/lasederia.com.py\/en\/wp-json\/wp\/v2\/comments?post=1213"}],"wp:featuredmedia":[{"embeddable":true,"href":"https:\/\/lasederia.com.py\/en\/wp-json\/wp\/v2\/media\/1215"}],"wp:attachment":[{"href":"https:\/\/lasederia.com.py\/en\/wp-json\/wp\/v2\/media?parent=1213"}],"wp:term":[{"taxonomy":"product_brand","embeddable":true,"href":"https:\/\/lasederia.com.py\/en\/wp-json\/wp\/v2\/product_brand?post=1213"},{"taxonomy":"product_cat","embeddable":true,"href":"https:\/\/lasederia.com.py\/en\/wp-json\/wp\/v2\/product_cat?post=1213"},{"taxonomy":"product_tag","embeddable":true,"href":"https:\/\/lasederia.com.py\/en\/wp-json\/wp\/v2\/product_tag?post=1213"}],"curies":[{"name":"wp","href":"https:\/\/api.w.org\/{rel}","templated":true}]}}