{"id":1208,"date":"2026-02-09T21:58:52","date_gmt":"2026-02-09T21:58:52","guid":{"rendered":"https:\/\/lasederia.com.py\/?post_type=product&#038;p=1208"},"modified":"2026-02-12T22:42:08","modified_gmt":"2026-02-12T22:42:08","slug":"hilos-estampado-paisley-dorado","status":"publish","type":"product","link":"https:\/\/lasederia.com.py\/en\/product\/hilos-estampado-paisley-dorado\/","title":{"rendered":"Hilo Estampado Paisley Dorado"},"content":{"rendered":"<p data-start=\"218\" data-end=\"252\">Hilos estampado Paisley Dorado, con dise\u00f1o paisley cl\u00e1sico en una paleta c\u00e1lida de dorados, ocres, terracotas y toques suaves de crema. Su trama genera un efecto visual rico y ornamental.<\/p>","protected":false},"excerpt":{"rendered":"<p>Hilos estampado Paisley Dorado, con dise\u00f1o paisley cl\u00e1sico en una paleta c\u00e1lida de dorados, ocres, terracotas y toques suaves de crema. Su trama genera un efecto visual rico y ornamental.<\/p>","protected":false},"featured_media":1210,"comment_status":"open","ping_status":"closed","template":"","meta":[],"product_brand":[],"product_cat":[27],"product_tag":[333,348,347,352,335,346,341,144,353,342,345,343,344,350,355,47,356,46,354,357,351,349],"class_list":{"0":"post-1208","1":"product","2":"type-product","3":"status-publish","4":"has-post-thumbnail","6":"product_cat-hilo-estampado","7":"product_tag-arabescos","8":"product_tag-bohemio","9":"product_tag-boho-chic","10":"product_tag-dorado","11":"product_tag-estampado-clasico","12":"product_tag-estampado-ornamental","13":"product_tag-hilos-estampado","14":"product_tag-moda-femenina","15":"product_tag-ocre","16":"product_tag-paisley","17":"product_tag-paisley-barroco","18":"product_tag-paisley-dorado","19":"product_tag-paisley-oriental","20":"product_tag-retro","21":"product_tag-telas-estampadas","22":"product_tag-telas-para-blusas","23":"product_tag-telas-para-camisas","24":"product_tag-telas-para-vestidos","25":"product_tag-terracota","26":"product_tag-textiles-de-diseno","27":"product_tag-tonos-calidos","28":"product_tag-vintage","30":"first","31":"instock","32":"shipping-taxable","33":"purchasable","34":"product-type-simple"},"jetpack_sharing_enabled":true,"_links":{"self":[{"href":"https:\/\/lasederia.com.py\/en\/wp-json\/wp\/v2\/product\/1208","targetHints":{"allow":["GET"]}}],"collection":[{"href":"https:\/\/lasederia.com.py\/en\/wp-json\/wp\/v2\/product"}],"about":[{"href":"https:\/\/lasederia.com.py\/en\/wp-json\/wp\/v2\/types\/product"}],"replies":[{"embeddable":true,"href":"https:\/\/lasederia.com.py\/en\/wp-json\/wp\/v2\/comments?post=1208"}],"wp:featuredmedia":[{"embeddable":true,"href":"https:\/\/lasederia.com.py\/en\/wp-json\/wp\/v2\/media\/1210"}],"wp:attachment":[{"href":"https:\/\/lasederia.com.py\/en\/wp-json\/wp\/v2\/media?parent=1208"}],"wp:term":[{"taxonomy":"product_brand","embeddable":true,"href":"https:\/\/lasederia.com.py\/en\/wp-json\/wp\/v2\/product_brand?post=1208"},{"taxonomy":"product_cat","embeddable":true,"href":"https:\/\/lasederia.com.py\/en\/wp-json\/wp\/v2\/product_cat?post=1208"},{"taxonomy":"product_tag","embeddable":true,"href":"https:\/\/lasederia.com.py\/en\/wp-json\/wp\/v2\/product_tag?post=1208"}],"curies":[{"name":"wp","href":"https:\/\/api.w.org\/{rel}","templated":true}]}}