{"id":1198,"date":"2026-02-09T21:49:33","date_gmt":"2026-02-09T21:49:33","guid":{"rendered":"https:\/\/lasederia.com.py\/?post_type=product&#038;p=1198"},"modified":"2026-02-12T22:41:34","modified_gmt":"2026-02-12T22:41:34","slug":"hilos-estampados-piton-rose","status":"publish","type":"product","link":"https:\/\/lasederia.com.py\/en\/product\/hilos-estampados-piton-rose\/","title":{"rendered":"Hilo Estampado Pit\u00f3n Ros\u00e9"},"content":{"rendered":"<p data-start=\"188\" data-end=\"219\">Hilos estampados Pit\u00f3n Ros\u00e9, con dise\u00f1o tipo pit\u00f3n en tonos rosados y grises suaves, con efecto difuminado y textura visual delicada.<\/p>","protected":false},"excerpt":{"rendered":"<p>Hilos estampados Pit\u00f3n Ros\u00e9, con dise\u00f1o tipo pit\u00f3n en tonos rosados y grises suaves, con efecto difuminado y textura visual delicada.<\/p>","protected":false},"featured_media":1200,"comment_status":"open","ping_status":"closed","template":"","meta":[],"product_brand":[],"product_cat":[27],"product_tag":[325,332,324,329,208,299,328,326,327,209,306,286,234,236,233,330,61,238,62,331,290],"class_list":{"0":"post-1198","1":"product","2":"type-product","3":"status-publish","4":"has-post-thumbnail","6":"product_cat-hilo-estampado","7":"product_tag-animal-print","8":"product_tag-diseno-actual","9":"product_tag-estampado-piton","10":"product_tag-estampado-suave","11":"product_tag-hilos-estampados","12":"product_tag-moda-contemporanea","13":"product_tag-piton-rosado","14":"product_tag-reptil-estampado","15":"product_tag-snake-print","16":"product_tag-tela-estampada","17":"product_tag-tela-femenina","18":"product_tag-tela-moderna","19":"product_tag-tela-para-blusas","20":"product_tag-tela-para-faldas","21":"product_tag-tela-para-vestidos","22":"product_tag-tela-sofisticada","23":"product_tag-telas-en-asuncion","24":"product_tag-telas-importadas","25":"product_tag-telas-paraguay","26":"product_tag-tendencia-animal-print","27":"product_tag-textil-de-diseno","29":"first","30":"instock","31":"shipping-taxable","32":"purchasable","33":"product-type-simple"},"jetpack_sharing_enabled":true,"_links":{"self":[{"href":"https:\/\/lasederia.com.py\/en\/wp-json\/wp\/v2\/product\/1198","targetHints":{"allow":["GET"]}}],"collection":[{"href":"https:\/\/lasederia.com.py\/en\/wp-json\/wp\/v2\/product"}],"about":[{"href":"https:\/\/lasederia.com.py\/en\/wp-json\/wp\/v2\/types\/product"}],"replies":[{"embeddable":true,"href":"https:\/\/lasederia.com.py\/en\/wp-json\/wp\/v2\/comments?post=1198"}],"wp:featuredmedia":[{"embeddable":true,"href":"https:\/\/lasederia.com.py\/en\/wp-json\/wp\/v2\/media\/1200"}],"wp:attachment":[{"href":"https:\/\/lasederia.com.py\/en\/wp-json\/wp\/v2\/media?parent=1198"}],"wp:term":[{"taxonomy":"product_brand","embeddable":true,"href":"https:\/\/lasederia.com.py\/en\/wp-json\/wp\/v2\/product_brand?post=1198"},{"taxonomy":"product_cat","embeddable":true,"href":"https:\/\/lasederia.com.py\/en\/wp-json\/wp\/v2\/product_cat?post=1198"},{"taxonomy":"product_tag","embeddable":true,"href":"https:\/\/lasederia.com.py\/en\/wp-json\/wp\/v2\/product_tag?post=1198"}],"curies":[{"name":"wp","href":"https:\/\/api.w.org\/{rel}","templated":true}]}}