{"id":1193,"date":"2026-02-09T21:47:05","date_gmt":"2026-02-09T21:47:05","guid":{"rendered":"https:\/\/lasederia.com.py\/?post_type=product&#038;p=1193"},"modified":"2026-02-12T22:41:21","modified_gmt":"2026-02-12T22:41:21","slug":"hilos-estampados-flores-rose","status":"publish","type":"product","link":"https:\/\/lasederia.com.py\/en\/product\/hilos-estampados-flores-rose\/","title":{"rendered":"Hilo Estampado Flores Ros\u00e9"},"content":{"rendered":"<p>Hilos estampados Flores Ros\u00e9, con dise\u00f1o floral en estilo acuarela, en tonos rosados y verdes sobre fondo claro.<br data-start=\"332\" data-end=\"335\" \/>Su composici\u00f3n liviana y arm\u00f3nica transmite frescura, suavidad y naturalidad.<\/p>","protected":false},"excerpt":{"rendered":"<p>Hilos estampados Flores Ros\u00e9, con dise\u00f1o floral en estilo acuarela, en tonos rosados y verdes sobre fondo claro.Su composici\u00f3n liviana y arm\u00f3nica transmite frescura, suavidad y naturalidad.<\/p>","protected":false},"featured_media":1195,"comment_status":"open","ping_status":"closed","template":"","meta":[],"product_brand":[],"product_cat":[27],"product_tag":[323,300,318,219,319,320,208,144,322,316,209,306,321,230,234,235,233,61,238,62,290],"class_list":{"0":"post-1193","1":"product","2":"type-product","3":"status-publish","4":"has-post-thumbnail","6":"product_cat-hilo-estampado","7":"product_tag-diseno-suave","8":"product_tag-estampado-floral","9":"product_tag-floral-rosado","10":"product_tag-flores-acuarela","11":"product_tag-flores-rosas","12":"product_tag-fondo-claro","13":"product_tag-hilos-estampados","14":"product_tag-moda-femenina","15":"product_tag-moda-primavera-verano","16":"product_tag-tela-delicada","17":"product_tag-tela-estampada","18":"product_tag-tela-femenina","19":"product_tag-tela-fresca","20":"product_tag-tela-liviana","21":"product_tag-tela-para-blusas","22":"product_tag-tela-para-camisas","23":"product_tag-tela-para-vestidos","24":"product_tag-telas-en-asuncion","25":"product_tag-telas-importadas","26":"product_tag-telas-paraguay","27":"product_tag-textil-de-diseno","29":"first","30":"instock","31":"shipping-taxable","32":"purchasable","33":"product-type-simple"},"jetpack_sharing_enabled":true,"_links":{"self":[{"href":"https:\/\/lasederia.com.py\/en\/wp-json\/wp\/v2\/product\/1193","targetHints":{"allow":["GET"]}}],"collection":[{"href":"https:\/\/lasederia.com.py\/en\/wp-json\/wp\/v2\/product"}],"about":[{"href":"https:\/\/lasederia.com.py\/en\/wp-json\/wp\/v2\/types\/product"}],"replies":[{"embeddable":true,"href":"https:\/\/lasederia.com.py\/en\/wp-json\/wp\/v2\/comments?post=1193"}],"wp:featuredmedia":[{"embeddable":true,"href":"https:\/\/lasederia.com.py\/en\/wp-json\/wp\/v2\/media\/1195"}],"wp:attachment":[{"href":"https:\/\/lasederia.com.py\/en\/wp-json\/wp\/v2\/media?parent=1193"}],"wp:term":[{"taxonomy":"product_brand","embeddable":true,"href":"https:\/\/lasederia.com.py\/en\/wp-json\/wp\/v2\/product_brand?post=1193"},{"taxonomy":"product_cat","embeddable":true,"href":"https:\/\/lasederia.com.py\/en\/wp-json\/wp\/v2\/product_cat?post=1193"},{"taxonomy":"product_tag","embeddable":true,"href":"https:\/\/lasederia.com.py\/en\/wp-json\/wp\/v2\/product_tag?post=1193"}],"curies":[{"name":"wp","href":"https:\/\/api.w.org\/{rel}","templated":true}]}}