{"id":1184,"date":"2026-02-09T21:41:59","date_gmt":"2026-02-09T21:41:59","guid":{"rendered":"https:\/\/lasederia.com.py\/?post_type=product&#038;p=1184"},"modified":"2026-02-12T22:41:01","modified_gmt":"2026-02-12T22:41:01","slug":"hilos-estampados-flores-nocturnas","status":"publish","type":"product","link":"https:\/\/lasederia.com.py\/en\/product\/hilos-estampados-flores-nocturnas\/","title":{"rendered":"Hilo Estampado Flores Nocturnas"},"content":{"rendered":"<p data-start=\"159\" data-end=\"196\">Hilos estampados Flores Nocturnas, con dise\u00f1o floral en tonos rosados sobre fondo oscuro, de alto contraste y fuerte presencia visual.<br data-start=\"411\" data-end=\"414\" \/>Su est\u00e9tica combina lo rom\u00e1ntico con lo dram\u00e1tico.<\/p>","protected":false},"excerpt":{"rendered":"<p>Hilos estampados Flores Nocturnas, con dise\u00f1o floral en tonos rosados sobre fondo oscuro, de alto contraste y fuerte presencia visual.Su est\u00e9tica combina lo rom\u00e1ntico con lo dram\u00e1tico.<\/p>","protected":false},"featured_media":1185,"comment_status":"open","ping_status":"closed","template":"","meta":[],"product_brand":[],"product_cat":[27],"product_tag":[309,305,300,302,301,303,304,208,299,308,307,209,306,234,236,233,61,238,62,290],"class_list":{"0":"post-1184","1":"product","2":"type-product","3":"status-publish","4":"has-post-thumbnail","6":"product_cat-hilo-estampado","7":"product_tag-diseno-sofisticado","8":"product_tag-estampado-elegante","9":"product_tag-estampado-floral","10":"product_tag-floral-oscuro","11":"product_tag-flores-estampadas","12":"product_tag-flores-rosadas","13":"product_tag-fondo-negro","14":"product_tag-hilos-estampados","15":"product_tag-moda-contemporanea","16":"product_tag-moda-nocturna","17":"product_tag-tela-de-impacto","18":"product_tag-tela-estampada","19":"product_tag-tela-femenina","20":"product_tag-tela-para-blusas","21":"product_tag-tela-para-faldas","22":"product_tag-tela-para-vestidos","23":"product_tag-telas-en-asuncion","24":"product_tag-telas-importadas","25":"product_tag-telas-paraguay","26":"product_tag-textil-de-diseno","28":"first","29":"instock","30":"shipping-taxable","31":"purchasable","32":"product-type-simple"},"jetpack_sharing_enabled":true,"_links":{"self":[{"href":"https:\/\/lasederia.com.py\/en\/wp-json\/wp\/v2\/product\/1184","targetHints":{"allow":["GET"]}}],"collection":[{"href":"https:\/\/lasederia.com.py\/en\/wp-json\/wp\/v2\/product"}],"about":[{"href":"https:\/\/lasederia.com.py\/en\/wp-json\/wp\/v2\/types\/product"}],"replies":[{"embeddable":true,"href":"https:\/\/lasederia.com.py\/en\/wp-json\/wp\/v2\/comments?post=1184"}],"wp:featuredmedia":[{"embeddable":true,"href":"https:\/\/lasederia.com.py\/en\/wp-json\/wp\/v2\/media\/1185"}],"wp:attachment":[{"href":"https:\/\/lasederia.com.py\/en\/wp-json\/wp\/v2\/media?parent=1184"}],"wp:term":[{"taxonomy":"product_brand","embeddable":true,"href":"https:\/\/lasederia.com.py\/en\/wp-json\/wp\/v2\/product_brand?post=1184"},{"taxonomy":"product_cat","embeddable":true,"href":"https:\/\/lasederia.com.py\/en\/wp-json\/wp\/v2\/product_cat?post=1184"},{"taxonomy":"product_tag","embeddable":true,"href":"https:\/\/lasederia.com.py\/en\/wp-json\/wp\/v2\/product_tag?post=1184"}],"curies":[{"name":"wp","href":"https:\/\/api.w.org\/{rel}","templated":true}]}}