{"id":1179,"date":"2026-02-09T21:40:05","date_gmt":"2026-02-09T21:40:05","guid":{"rendered":"https:\/\/lasederia.com.py\/?post_type=product&#038;p=1179"},"modified":"2026-02-12T22:40:39","modified_gmt":"2026-02-12T22:40:39","slug":"hilos-estampados-ramas","status":"publish","type":"product","link":"https:\/\/lasederia.com.py\/en\/product\/hilos-estampados-ramas\/","title":{"rendered":"Hilo Estampado Ramas"},"content":{"rendered":"<p>Hilos estampados Ramas, con dise\u00f1o bot\u00e1nico de ramas y hojas en contraste monocrom\u00e1tico.<br data-start=\"377\" data-end=\"380\" \/>Su est\u00e9tica limpia y org\u00e1nica combina lo natural con lo gr\u00e1fico, logrando un look sofisticado y vers\u00e1til.<\/p>","protected":false},"excerpt":{"rendered":"<p>Hilos estampados Ramas, con dise\u00f1o bot\u00e1nico de ramas y hojas en contraste monocrom\u00e1tico.Su est\u00e9tica limpia y org\u00e1nica combina lo natural con lo gr\u00e1fico, logrando un look sofisticado y vers\u00e1til.<\/p>","protected":false},"featured_media":1181,"comment_status":"open","ping_status":"closed","template":"","meta":[],"product_brand":[],"product_cat":[27],"product_tag":[297,163,292,296,293,208,295,299,144,294,298,209,230,286,234,235,233,61,238,62,290],"class_list":{"0":"post-1179","1":"product","2":"type-product","3":"status-publish","4":"has-post-thumbnail","6":"product_cat-hilo-estampado","7":"product_tag-blanco-y-negro","8":"product_tag-diseno-atemporal","9":"product_tag-estampado-botanico","10":"product_tag-estampado-monocromo","11":"product_tag-estampado-vegetal","12":"product_tag-hilos-estampados","13":"product_tag-hojas-estampadas","14":"product_tag-moda-contemporanea","15":"product_tag-moda-femenina","16":"product_tag-ramas-estampadas","17":"product_tag-tela-elegante","18":"product_tag-tela-estampada","19":"product_tag-tela-liviana","20":"product_tag-tela-moderna","21":"product_tag-tela-para-blusas","22":"product_tag-tela-para-camisas","23":"product_tag-tela-para-vestidos","24":"product_tag-telas-en-asuncion","25":"product_tag-telas-importadas","26":"product_tag-telas-paraguay","27":"product_tag-textil-de-diseno","29":"first","30":"instock","31":"shipping-taxable","32":"purchasable","33":"product-type-simple"},"jetpack_sharing_enabled":true,"_links":{"self":[{"href":"https:\/\/lasederia.com.py\/en\/wp-json\/wp\/v2\/product\/1179","targetHints":{"allow":["GET"]}}],"collection":[{"href":"https:\/\/lasederia.com.py\/en\/wp-json\/wp\/v2\/product"}],"about":[{"href":"https:\/\/lasederia.com.py\/en\/wp-json\/wp\/v2\/types\/product"}],"replies":[{"embeddable":true,"href":"https:\/\/lasederia.com.py\/en\/wp-json\/wp\/v2\/comments?post=1179"}],"wp:featuredmedia":[{"embeddable":true,"href":"https:\/\/lasederia.com.py\/en\/wp-json\/wp\/v2\/media\/1181"}],"wp:attachment":[{"href":"https:\/\/lasederia.com.py\/en\/wp-json\/wp\/v2\/media?parent=1179"}],"wp:term":[{"taxonomy":"product_brand","embeddable":true,"href":"https:\/\/lasederia.com.py\/en\/wp-json\/wp\/v2\/product_brand?post=1179"},{"taxonomy":"product_cat","embeddable":true,"href":"https:\/\/lasederia.com.py\/en\/wp-json\/wp\/v2\/product_cat?post=1179"},{"taxonomy":"product_tag","embeddable":true,"href":"https:\/\/lasederia.com.py\/en\/wp-json\/wp\/v2\/product_tag?post=1179"}],"curies":[{"name":"wp","href":"https:\/\/api.w.org\/{rel}","templated":true}]}}