{"id":1174,"date":"2026-02-09T21:38:01","date_gmt":"2026-02-09T21:38:01","guid":{"rendered":"https:\/\/lasederia.com.py\/?post_type=product&#038;p=1174"},"modified":"2026-02-12T22:40:28","modified_gmt":"2026-02-12T22:40:28","slug":"hilos-estampados-lazos","status":"publish","type":"product","link":"https:\/\/lasederia.com.py\/en\/product\/hilos-estampados-lazos\/","title":{"rendered":"Hilo Estampado Lazos"},"content":{"rendered":"<p>Hilos estampados Lazos, con dise\u00f1o gr\u00e1fico de lazos y l\u00edneas entrelazadas, de estilo ilustrado y contempor\u00e1neo.<br data-start=\"431\" data-end=\"434\" \/>Su patr\u00f3n en tonos oscuros sobre fondo claro aporta un equilibrio entre elegancia y modernidad.<\/p>","protected":false},"excerpt":{"rendered":"<p>Hilos estampados Lazos, con dise\u00f1o gr\u00e1fico de lazos y l\u00edneas entrelazadas, de estilo ilustrado y contempor\u00e1neo.Su patr\u00f3n en tonos oscuros sobre fondo claro aporta un equilibrio entre elegancia y modernidad.<\/p>","protected":false},"featured_media":1175,"comment_status":"open","ping_status":"closed","template":"","meta":[],"product_brand":[],"product_cat":[27],"product_tag":[288,289,282,283,281,284,285,208,214,280,209,291,230,286,234,235,287,233,61,62,290],"class_list":{"0":"post-1174","1":"product","2":"type-product","3":"status-publish","4":"has-post-thumbnail","6":"product_cat-hilo-estampado","7":"product_tag-diseno-contemporaneo","8":"product_tag-diseno-minimalista","9":"product_tag-estampado-abstracto","10":"product_tag-estampado-de-lazos","11":"product_tag-estampado-ilustrado","12":"product_tag-estampado-lineal","13":"product_tag-estampado-monocromatico","14":"product_tag-hilos-estampados","15":"product_tag-tela-artistica","16":"product_tag-tela-con-diseno-grafico","17":"product_tag-tela-estampada","18":"product_tag-tela-importada","19":"product_tag-tela-liviana","20":"product_tag-tela-moderna","21":"product_tag-tela-para-blusas","22":"product_tag-tela-para-camisas","23":"product_tag-tela-para-moda","24":"product_tag-tela-para-vestidos","25":"product_tag-telas-en-asuncion","26":"product_tag-telas-paraguay","27":"product_tag-textil-de-diseno","29":"first","30":"instock","31":"shipping-taxable","32":"purchasable","33":"product-type-simple"},"jetpack_sharing_enabled":true,"_links":{"self":[{"href":"https:\/\/lasederia.com.py\/en\/wp-json\/wp\/v2\/product\/1174","targetHints":{"allow":["GET"]}}],"collection":[{"href":"https:\/\/lasederia.com.py\/en\/wp-json\/wp\/v2\/product"}],"about":[{"href":"https:\/\/lasederia.com.py\/en\/wp-json\/wp\/v2\/types\/product"}],"replies":[{"embeddable":true,"href":"https:\/\/lasederia.com.py\/en\/wp-json\/wp\/v2\/comments?post=1174"}],"wp:featuredmedia":[{"embeddable":true,"href":"https:\/\/lasederia.com.py\/en\/wp-json\/wp\/v2\/media\/1175"}],"wp:attachment":[{"href":"https:\/\/lasederia.com.py\/en\/wp-json\/wp\/v2\/media?parent=1174"}],"wp:term":[{"taxonomy":"product_brand","embeddable":true,"href":"https:\/\/lasederia.com.py\/en\/wp-json\/wp\/v2\/product_brand?post=1174"},{"taxonomy":"product_cat","embeddable":true,"href":"https:\/\/lasederia.com.py\/en\/wp-json\/wp\/v2\/product_cat?post=1174"},{"taxonomy":"product_tag","embeddable":true,"href":"https:\/\/lasederia.com.py\/en\/wp-json\/wp\/v2\/product_tag?post=1174"}],"curies":[{"name":"wp","href":"https:\/\/api.w.org\/{rel}","templated":true}]}}