{"id":1169,"date":"2026-02-09T21:35:27","date_gmt":"2026-02-09T21:35:27","guid":{"rendered":"https:\/\/lasederia.com.py\/?post_type=product&#038;p=1169"},"modified":"2026-02-12T22:40:17","modified_gmt":"2026-02-12T22:40:17","slug":"hilo-estampado-jardin-silvestre","status":"publish","type":"product","link":"https:\/\/lasederia.com.py\/en\/product\/hilo-estampado-jardin-silvestre\/","title":{"rendered":"Hilo Estampado Jard\u00edn Silvestre"},"content":{"rendered":"<p>Hilo estampado Jard\u00edn Silvestre, con dise\u00f1o floral bot\u00e1nico de inspiraci\u00f3n silvestre sobre fondo claro. La estampa combina flores peque\u00f1as y medianas, hojas y ramas en una paleta rica de rojos, verdes, amarillos, lilas y rosas, logrando un equilibrio entre frescura natural y detalle ilustrado.<\/p>","protected":false},"excerpt":{"rendered":"<p>Hilo estampado Jard\u00edn Silvestre, con dise\u00f1o floral bot\u00e1nico de inspiraci\u00f3n silvestre sobre fondo claro. La estampa combina flores peque\u00f1as y medianas, hojas y ramas en una paleta rica de rojos, verdes, amarillos, lilas y rosas, logrando un equilibrio entre frescura natural y detalle ilustrado.<\/p>","protected":false},"featured_media":1170,"comment_status":"open","ping_status":"closed","template":"","meta":[],"product_brand":[],"product_cat":[27],"product_tag":[195,248,277,191,242,275,272,274,253,273,279,276,255,256,278,254,251,249,269,270,209,216,258,238,51],"class_list":{"0":"post-1169","1":"product","2":"type-product","3":"status-publish","4":"has-post-thumbnail","6":"product_cat-hilo-estampado","7":"product_tag-hilo-artistico","8":"product_tag-hilo-botanico","9":"product_tag-hilo-colorido","10":"product_tag-hilo-estampado","11":"product_tag-hilo-estampado-floral","12":"product_tag-hilo-floral-multicolor","13":"product_tag-hilo-flores","14":"product_tag-hilo-flores-silvestres","15":"product_tag-hilo-fondo-claro","16":"product_tag-hilo-jardin","17":"product_tag-hilo-moda-femenina","18":"product_tag-hilo-natural","19":"product_tag-hilo-para-blusas","20":"product_tag-hilo-para-camisas","21":"product_tag-hilo-para-faldas","22":"product_tag-hilo-para-vestidos","23":"product_tag-hilo-primavera","24":"product_tag-hilo-romantico","25":"product_tag-hilo-verano","26":"product_tag-tela-botanica","27":"product_tag-tela-estampada","28":"product_tag-tela-floral","29":"product_tag-telas-diseno-exclusivo","30":"product_tag-telas-importadas","31":"product_tag-telas-para-confeccion","33":"first","34":"instock","35":"shipping-taxable","36":"purchasable","37":"product-type-simple"},"jetpack_sharing_enabled":true,"_links":{"self":[{"href":"https:\/\/lasederia.com.py\/en\/wp-json\/wp\/v2\/product\/1169","targetHints":{"allow":["GET"]}}],"collection":[{"href":"https:\/\/lasederia.com.py\/en\/wp-json\/wp\/v2\/product"}],"about":[{"href":"https:\/\/lasederia.com.py\/en\/wp-json\/wp\/v2\/types\/product"}],"replies":[{"embeddable":true,"href":"https:\/\/lasederia.com.py\/en\/wp-json\/wp\/v2\/comments?post=1169"}],"wp:featuredmedia":[{"embeddable":true,"href":"https:\/\/lasederia.com.py\/en\/wp-json\/wp\/v2\/media\/1170"}],"wp:attachment":[{"href":"https:\/\/lasederia.com.py\/en\/wp-json\/wp\/v2\/media?parent=1169"}],"wp:term":[{"taxonomy":"product_brand","embeddable":true,"href":"https:\/\/lasederia.com.py\/en\/wp-json\/wp\/v2\/product_brand?post=1169"},{"taxonomy":"product_cat","embeddable":true,"href":"https:\/\/lasederia.com.py\/en\/wp-json\/wp\/v2\/product_cat?post=1169"},{"taxonomy":"product_tag","embeddable":true,"href":"https:\/\/lasederia.com.py\/en\/wp-json\/wp\/v2\/product_tag?post=1169"}],"curies":[{"name":"wp","href":"https:\/\/api.w.org\/{rel}","templated":true}]}}